{"id":1612,"date":"2025-12-29T10:50:54","date_gmt":"2025-12-29T07:50:54","guid":{"rendered":"https:\/\/label.bet\/sk\/?page_id=1612"},"modified":"2026-03-15T09:18:36","modified_gmt":"2026-03-15T06:18:36","slug":"bonus","status":"publish","type":"page","link":"https:\/\/label.bet\/sk\/bonus\/","title":{"rendered":"Bonus"},"content":{"rendered":"","protected":false},"excerpt":{"rendered":"","protected":false},"author":1,"featured_media":0,"parent":0,"menu_order":0,"comment_status":"closed","ping_status":"closed","template":"","meta":{"_acf_changed":false,"footnotes":""},"class_list":["post-1612","page","type-page","status-publish","hentry"],"acf":[],"yoast_head":"<!-- This site is optimized with the Yoast SEO plugin v26.5 - https:\/\/yoast.com\/wordpress\/plugins\/seo\/ -->\n<title>Bonusy BetLabel \u1409 Uv\u00edtac\u00ed bal\u00ed\u010dek, promo akcie a st\u00e1vky<\/title>\n<meta name=\"description\" content=\"Bonusy BetLabel \u1409 \u0161tedr\u00fd uv\u00edtac\u00ed bonus, st\u00e1vky zadarmo, bonusy na st\u00e1vky a kas\u00edno, t\u00fd\u017edenn\u00e9 akcie a \u0161peci\u00e1lne ponuky pre nov\u00fdch a pravideln\u00fdch hr\u00e1\u010dov.\" \/>\n<meta name=\"robots\" content=\"index, follow, max-snippet:-1, max-image-preview:large, max-video-preview:-1\" \/>\n<meta property=\"og:locale\" content=\"sl_SI\" \/>\n<meta property=\"og:type\" content=\"article\" \/>\n<meta property=\"og:title\" content=\"Bonusy BetLabel \u1409 Uv\u00edtac\u00ed bal\u00ed\u010dek, promo akcie a st\u00e1vky\" \/>\n<meta property=\"og:description\" content=\"Bonusy BetLabel \u1409 \u0161tedr\u00fd uv\u00edtac\u00ed bonus, st\u00e1vky zadarmo, bonusy na st\u00e1vky a kas\u00edno, t\u00fd\u017edenn\u00e9 akcie a \u0161peci\u00e1lne ponuky pre nov\u00fdch a pravideln\u00fdch hr\u00e1\u010dov.\" \/>\n<meta property=\"og:url\" content=\"https:\/\/label.bet\/sk\/bonus\/\" \/>\n<meta property=\"og:site_name\" content=\"BetLabel\" \/>\n<meta property=\"article:modified_time\" content=\"2026-03-15T06:18:36+00:00\" \/>\n<meta name=\"twitter:card\" content=\"summary_large_image\" \/>\n<script type=\"application\/ld+json\" class=\"yoast-schema-graph\">{\"@context\":\"https:\/\/schema.org\",\"@graph\":[{\"@type\":\"WebPage\",\"@id\":\"https:\/\/label.bet\/sk\/bonus\/\",\"url\":\"https:\/\/label.bet\/sk\/bonus\/\",\"name\":\"Bonusy BetLabel \u1409 Uv\u00edtac\u00ed bal\u00ed\u010dek, promo akcie a st\u00e1vky\",\"isPartOf\":{\"@id\":\"https:\/\/label.bet\/sk\/#website\"},\"datePublished\":\"2025-12-29T07:50:54+00:00\",\"dateModified\":\"2026-03-15T06:18:36+00:00\",\"description\":\"Bonusy BetLabel \u1409 \u0161tedr\u00fd uv\u00edtac\u00ed bonus, st\u00e1vky zadarmo, bonusy na st\u00e1vky a kas\u00edno, t\u00fd\u017edenn\u00e9 akcie a \u0161peci\u00e1lne ponuky pre nov\u00fdch a pravideln\u00fdch hr\u00e1\u010dov.\",\"inLanguage\":\"sl-SI\",\"potentialAction\":[{\"@type\":\"ReadAction\",\"target\":[\"https:\/\/label.bet\/sk\/bonus\/\"]}]},{\"@type\":\"WebSite\",\"@id\":\"https:\/\/label.bet\/sk\/#website\",\"url\":\"https:\/\/label.bet\/sk\/\",\"name\":\"BetLabel\",\"description\":\"\",\"potentialAction\":[{\"@type\":\"SearchAction\",\"target\":{\"@type\":\"EntryPoint\",\"urlTemplate\":\"https:\/\/label.bet\/sk\/?s={search_term_string}\"},\"query-input\":{\"@type\":\"PropertyValueSpecification\",\"valueRequired\":true,\"valueName\":\"search_term_string\"}}],\"inLanguage\":\"sl-SI\"}]}<\/script>\n<!-- \/ Yoast SEO plugin. -->","yoast_head_json":{"title":"Bonusy BetLabel \u1409 Uv\u00edtac\u00ed bal\u00ed\u010dek, promo akcie a st\u00e1vky","description":"Bonusy BetLabel \u1409 \u0161tedr\u00fd uv\u00edtac\u00ed bonus, st\u00e1vky zadarmo, bonusy na st\u00e1vky a kas\u00edno, t\u00fd\u017edenn\u00e9 akcie a \u0161peci\u00e1lne ponuky pre nov\u00fdch a pravideln\u00fdch hr\u00e1\u010dov.","robots":{"index":"index","follow":"follow","max-snippet":"max-snippet:-1","max-image-preview":"max-image-preview:large","max-video-preview":"max-video-preview:-1"},"og_locale":"sl_SI","og_type":"article","og_title":"Bonusy BetLabel \u1409 Uv\u00edtac\u00ed bal\u00ed\u010dek, promo akcie a st\u00e1vky","og_description":"Bonusy BetLabel \u1409 \u0161tedr\u00fd uv\u00edtac\u00ed bonus, st\u00e1vky zadarmo, bonusy na st\u00e1vky a kas\u00edno, t\u00fd\u017edenn\u00e9 akcie a \u0161peci\u00e1lne ponuky pre nov\u00fdch a pravideln\u00fdch hr\u00e1\u010dov.","og_url":"https:\/\/label.bet\/sk\/bonus\/","og_site_name":"BetLabel","article_modified_time":"2026-03-15T06:18:36+00:00","twitter_card":"summary_large_image","schema":{"@context":"https:\/\/schema.org","@graph":[{"@type":"WebPage","@id":"https:\/\/label.bet\/sk\/bonus\/","url":"https:\/\/label.bet\/sk\/bonus\/","name":"Bonusy BetLabel \u1409 Uv\u00edtac\u00ed bal\u00ed\u010dek, promo akcie a st\u00e1vky","isPartOf":{"@id":"https:\/\/label.bet\/sk\/#website"},"datePublished":"2025-12-29T07:50:54+00:00","dateModified":"2026-03-15T06:18:36+00:00","description":"Bonusy BetLabel \u1409 \u0161tedr\u00fd uv\u00edtac\u00ed bonus, st\u00e1vky zadarmo, bonusy na st\u00e1vky a kas\u00edno, t\u00fd\u017edenn\u00e9 akcie a \u0161peci\u00e1lne ponuky pre nov\u00fdch a pravideln\u00fdch hr\u00e1\u010dov.","inLanguage":"sl-SI","potentialAction":[{"@type":"ReadAction","target":["https:\/\/label.bet\/sk\/bonus\/"]}]},{"@type":"WebSite","@id":"https:\/\/label.bet\/sk\/#website","url":"https:\/\/label.bet\/sk\/","name":"BetLabel","description":"","potentialAction":[{"@type":"SearchAction","target":{"@type":"EntryPoint","urlTemplate":"https:\/\/label.bet\/sk\/?s={search_term_string}"},"query-input":{"@type":"PropertyValueSpecification","valueRequired":true,"valueName":"search_term_string"}}],"inLanguage":"sl-SI"}]}},"_links":{"self":[{"href":"https:\/\/label.bet\/sk\/wp-json\/wp\/v2\/pages\/1612","targetHints":{"allow":["GET"]}}],"collection":[{"href":"https:\/\/label.bet\/sk\/wp-json\/wp\/v2\/pages"}],"about":[{"href":"https:\/\/label.bet\/sk\/wp-json\/wp\/v2\/types\/page"}],"author":[{"embeddable":true,"href":"https:\/\/label.bet\/sk\/wp-json\/wp\/v2\/users\/1"}],"replies":[{"embeddable":true,"href":"https:\/\/label.bet\/sk\/wp-json\/wp\/v2\/comments?post=1612"}],"version-history":[{"count":5,"href":"https:\/\/label.bet\/sk\/wp-json\/wp\/v2\/pages\/1612\/revisions"}],"predecessor-version":[{"id":2008,"href":"https:\/\/label.bet\/sk\/wp-json\/wp\/v2\/pages\/1612\/revisions\/2008"}],"wp:attachment":[{"href":"https:\/\/label.bet\/sk\/wp-json\/wp\/v2\/media?parent=1612"}],"curies":[{"name":"wp","href":"https:\/\/api.w.org\/{rel}","templated":true}]}}