{"id":1646,"date":"2025-12-30T10:08:42","date_gmt":"2025-12-30T07:08:42","guid":{"rendered":"https:\/\/label.bet\/sk\/?page_id=1646"},"modified":"2026-03-10T14:51:14","modified_gmt":"2026-03-10T11:51:14","slug":"login","status":"publish","type":"page","link":"https:\/\/label.bet\/sk\/login\/","title":{"rendered":"Prihl\u00e1senie"},"content":{"rendered":"","protected":false},"excerpt":{"rendered":"","protected":false},"author":1,"featured_media":0,"parent":0,"menu_order":0,"comment_status":"closed","ping_status":"closed","template":"","meta":{"_acf_changed":false,"footnotes":""},"class_list":["post-1646","page","type-page","status-publish","hentry"],"acf":[],"yoast_head":"<!-- This site is optimized with the Yoast SEO plugin v26.5 - https:\/\/yoast.com\/wordpress\/plugins\/seo\/ -->\n<title>Prihl\u00e1senie do BetLabel \u2014 Pokyny a tipy pre prihl\u00e1senie do \u00fa\u010dtu<\/title>\n<meta name=\"description\" content=\"Ako sa r\u00fdchlo a bezpe\u010dne prihl\u00e1si\u0165 do svojho \u00fa\u010dtu BetLabel. Podrobn\u00fd n\u00e1vod na prihl\u00e1senie, met\u00f3dy autoriz\u00e1cie a rie\u0161enia be\u017en\u00fdch probl\u00e9mov na BetLabel.\" \/>\n<meta name=\"robots\" content=\"index, follow, max-snippet:-1, max-image-preview:large, max-video-preview:-1\" \/>\n<meta property=\"og:locale\" content=\"sl_SI\" \/>\n<meta property=\"og:type\" content=\"article\" \/>\n<meta property=\"og:title\" content=\"Prihl\u00e1senie do BetLabel \u2014 Pokyny a tipy pre prihl\u00e1senie do \u00fa\u010dtu\" \/>\n<meta property=\"og:description\" content=\"Ako sa r\u00fdchlo a bezpe\u010dne prihl\u00e1si\u0165 do svojho \u00fa\u010dtu BetLabel. Podrobn\u00fd n\u00e1vod na prihl\u00e1senie, met\u00f3dy autoriz\u00e1cie a rie\u0161enia be\u017en\u00fdch probl\u00e9mov na BetLabel.\" \/>\n<meta property=\"og:url\" content=\"https:\/\/label.bet\/sk\/login\/\" \/>\n<meta property=\"og:site_name\" content=\"BetLabel\" \/>\n<meta property=\"article:modified_time\" content=\"2026-03-10T11:51:14+00:00\" \/>\n<meta name=\"twitter:card\" content=\"summary_large_image\" \/>\n<script type=\"application\/ld+json\" class=\"yoast-schema-graph\">{\"@context\":\"https:\/\/schema.org\",\"@graph\":[{\"@type\":\"WebPage\",\"@id\":\"https:\/\/label.bet\/sk\/login\/\",\"url\":\"https:\/\/label.bet\/sk\/login\/\",\"name\":\"Prihl\u00e1senie do BetLabel \u2014 Pokyny a tipy pre prihl\u00e1senie do \u00fa\u010dtu\",\"isPartOf\":{\"@id\":\"https:\/\/label.bet\/sk\/#website\"},\"datePublished\":\"2025-12-30T07:08:42+00:00\",\"dateModified\":\"2026-03-10T11:51:14+00:00\",\"description\":\"Ako sa r\u00fdchlo a bezpe\u010dne prihl\u00e1si\u0165 do svojho \u00fa\u010dtu BetLabel. Podrobn\u00fd n\u00e1vod na prihl\u00e1senie, met\u00f3dy autoriz\u00e1cie a rie\u0161enia be\u017en\u00fdch probl\u00e9mov na BetLabel.\",\"inLanguage\":\"sl-SI\",\"potentialAction\":[{\"@type\":\"ReadAction\",\"target\":[\"https:\/\/label.bet\/sk\/login\/\"]}]},{\"@type\":\"WebSite\",\"@id\":\"https:\/\/label.bet\/sk\/#website\",\"url\":\"https:\/\/label.bet\/sk\/\",\"name\":\"BetLabel\",\"description\":\"\",\"potentialAction\":[{\"@type\":\"SearchAction\",\"target\":{\"@type\":\"EntryPoint\",\"urlTemplate\":\"https:\/\/label.bet\/sk\/?s={search_term_string}\"},\"query-input\":{\"@type\":\"PropertyValueSpecification\",\"valueRequired\":true,\"valueName\":\"search_term_string\"}}],\"inLanguage\":\"sl-SI\"}]}<\/script>\n<!-- \/ Yoast SEO plugin. -->","yoast_head_json":{"title":"Prihl\u00e1senie do BetLabel \u2014 Pokyny a tipy pre prihl\u00e1senie do \u00fa\u010dtu","description":"Ako sa r\u00fdchlo a bezpe\u010dne prihl\u00e1si\u0165 do svojho \u00fa\u010dtu BetLabel. Podrobn\u00fd n\u00e1vod na prihl\u00e1senie, met\u00f3dy autoriz\u00e1cie a rie\u0161enia be\u017en\u00fdch probl\u00e9mov na BetLabel.","robots":{"index":"index","follow":"follow","max-snippet":"max-snippet:-1","max-image-preview":"max-image-preview:large","max-video-preview":"max-video-preview:-1"},"og_locale":"sl_SI","og_type":"article","og_title":"Prihl\u00e1senie do BetLabel \u2014 Pokyny a tipy pre prihl\u00e1senie do \u00fa\u010dtu","og_description":"Ako sa r\u00fdchlo a bezpe\u010dne prihl\u00e1si\u0165 do svojho \u00fa\u010dtu BetLabel. Podrobn\u00fd n\u00e1vod na prihl\u00e1senie, met\u00f3dy autoriz\u00e1cie a rie\u0161enia be\u017en\u00fdch probl\u00e9mov na BetLabel.","og_url":"https:\/\/label.bet\/sk\/login\/","og_site_name":"BetLabel","article_modified_time":"2026-03-10T11:51:14+00:00","twitter_card":"summary_large_image","schema":{"@context":"https:\/\/schema.org","@graph":[{"@type":"WebPage","@id":"https:\/\/label.bet\/sk\/login\/","url":"https:\/\/label.bet\/sk\/login\/","name":"Prihl\u00e1senie do BetLabel \u2014 Pokyny a tipy pre prihl\u00e1senie do \u00fa\u010dtu","isPartOf":{"@id":"https:\/\/label.bet\/sk\/#website"},"datePublished":"2025-12-30T07:08:42+00:00","dateModified":"2026-03-10T11:51:14+00:00","description":"Ako sa r\u00fdchlo a bezpe\u010dne prihl\u00e1si\u0165 do svojho \u00fa\u010dtu BetLabel. Podrobn\u00fd n\u00e1vod na prihl\u00e1senie, met\u00f3dy autoriz\u00e1cie a rie\u0161enia be\u017en\u00fdch probl\u00e9mov na BetLabel.","inLanguage":"sl-SI","potentialAction":[{"@type":"ReadAction","target":["https:\/\/label.bet\/sk\/login\/"]}]},{"@type":"WebSite","@id":"https:\/\/label.bet\/sk\/#website","url":"https:\/\/label.bet\/sk\/","name":"BetLabel","description":"","potentialAction":[{"@type":"SearchAction","target":{"@type":"EntryPoint","urlTemplate":"https:\/\/label.bet\/sk\/?s={search_term_string}"},"query-input":{"@type":"PropertyValueSpecification","valueRequired":true,"valueName":"search_term_string"}}],"inLanguage":"sl-SI"}]}},"_links":{"self":[{"href":"https:\/\/label.bet\/sk\/wp-json\/wp\/v2\/pages\/1646","targetHints":{"allow":["GET"]}}],"collection":[{"href":"https:\/\/label.bet\/sk\/wp-json\/wp\/v2\/pages"}],"about":[{"href":"https:\/\/label.bet\/sk\/wp-json\/wp\/v2\/types\/page"}],"author":[{"embeddable":true,"href":"https:\/\/label.bet\/sk\/wp-json\/wp\/v2\/users\/1"}],"replies":[{"embeddable":true,"href":"https:\/\/label.bet\/sk\/wp-json\/wp\/v2\/comments?post=1646"}],"version-history":[{"count":5,"href":"https:\/\/label.bet\/sk\/wp-json\/wp\/v2\/pages\/1646\/revisions"}],"predecessor-version":[{"id":2025,"href":"https:\/\/label.bet\/sk\/wp-json\/wp\/v2\/pages\/1646\/revisions\/2025"}],"wp:attachment":[{"href":"https:\/\/label.bet\/sk\/wp-json\/wp\/v2\/media?parent=1646"}],"curies":[{"name":"wp","href":"https:\/\/api.w.org\/{rel}","templated":true}]}}