{"id":1723,"date":"2026-01-22T14:27:58","date_gmt":"2026-01-22T11:27:58","guid":{"rendered":"https:\/\/label.bet\/sk\/?page_id=1723"},"modified":"2026-03-10T14:20:51","modified_gmt":"2026-03-10T11:20:51","slug":"hockey","status":"publish","type":"page","link":"https:\/\/label.bet\/sk\/hockey\/","title":{"rendered":"Hokej"},"content":{"rendered":"","protected":false},"excerpt":{"rendered":"","protected":false},"author":1,"featured_media":0,"parent":0,"menu_order":0,"comment_status":"closed","ping_status":"closed","template":"","meta":{"_acf_changed":false,"footnotes":""},"class_list":["post-1723","page","type-page","status-publish","hentry"],"acf":[],"yoast_head":"<!-- This site is optimized with the Yoast SEO plugin v26.5 - https:\/\/yoast.com\/wordpress\/plugins\/seo\/ -->\n<title>Hokej v BetLabel \u2014 Kurzy a predpovede na top z\u00e1pasy<\/title>\n<meta name=\"description\" content=\"St\u00e1vky na hokej na BetLabel! Robte presn\u00e9 predpovede na najlep\u0161ie z\u00e1pasy KHL a NHL, z\u00edskajte v\u00fdhodn\u00e9 kurzy a vyhr\u00e1vajte. Spo\u013eahliv\u00e1 st\u00e1vkov\u00e1 kancel\u00e1ria pre fan\u00fa\u0161ikov hokeja na v\u00e1s \u010dak\u00e1.\" \/>\n<meta name=\"robots\" content=\"index, follow, max-snippet:-1, max-image-preview:large, max-video-preview:-1\" \/>\n<meta property=\"og:locale\" content=\"sl_SI\" \/>\n<meta property=\"og:type\" content=\"article\" \/>\n<meta property=\"og:title\" content=\"Hokej v BetLabel \u2014 Kurzy a predpovede na top z\u00e1pasy\" \/>\n<meta property=\"og:description\" content=\"St\u00e1vky na hokej na BetLabel! Robte presn\u00e9 predpovede na najlep\u0161ie z\u00e1pasy KHL a NHL, z\u00edskajte v\u00fdhodn\u00e9 kurzy a vyhr\u00e1vajte. Spo\u013eahliv\u00e1 st\u00e1vkov\u00e1 kancel\u00e1ria pre fan\u00fa\u0161ikov hokeja na v\u00e1s \u010dak\u00e1.\" \/>\n<meta property=\"og:url\" content=\"https:\/\/label.bet\/sk\/hockey\/\" \/>\n<meta property=\"og:site_name\" content=\"BetLabel\" \/>\n<meta property=\"article:modified_time\" content=\"2026-03-10T11:20:51+00:00\" \/>\n<meta name=\"twitter:card\" content=\"summary_large_image\" \/>\n<script type=\"application\/ld+json\" class=\"yoast-schema-graph\">{\"@context\":\"https:\/\/schema.org\",\"@graph\":[{\"@type\":\"WebPage\",\"@id\":\"https:\/\/label.bet\/sk\/hockey\/\",\"url\":\"https:\/\/label.bet\/sk\/hockey\/\",\"name\":\"Hokej v BetLabel \u2014 Kurzy a predpovede na top z\u00e1pasy\",\"isPartOf\":{\"@id\":\"https:\/\/label.bet\/sk\/#website\"},\"datePublished\":\"2026-01-22T11:27:58+00:00\",\"dateModified\":\"2026-03-10T11:20:51+00:00\",\"description\":\"St\u00e1vky na hokej na BetLabel! Robte presn\u00e9 predpovede na najlep\u0161ie z\u00e1pasy KHL a NHL, z\u00edskajte v\u00fdhodn\u00e9 kurzy a vyhr\u00e1vajte. Spo\u013eahliv\u00e1 st\u00e1vkov\u00e1 kancel\u00e1ria pre fan\u00fa\u0161ikov hokeja na v\u00e1s \u010dak\u00e1.\",\"inLanguage\":\"sl-SI\",\"potentialAction\":[{\"@type\":\"ReadAction\",\"target\":[\"https:\/\/label.bet\/sk\/hockey\/\"]}]},{\"@type\":\"WebSite\",\"@id\":\"https:\/\/label.bet\/sk\/#website\",\"url\":\"https:\/\/label.bet\/sk\/\",\"name\":\"BetLabel\",\"description\":\"\",\"potentialAction\":[{\"@type\":\"SearchAction\",\"target\":{\"@type\":\"EntryPoint\",\"urlTemplate\":\"https:\/\/label.bet\/sk\/?s={search_term_string}\"},\"query-input\":{\"@type\":\"PropertyValueSpecification\",\"valueRequired\":true,\"valueName\":\"search_term_string\"}}],\"inLanguage\":\"sl-SI\"}]}<\/script>\n<!-- \/ Yoast SEO plugin. -->","yoast_head_json":{"title":"Hokej v BetLabel \u2014 Kurzy a predpovede na top z\u00e1pasy","description":"St\u00e1vky na hokej na BetLabel! Robte presn\u00e9 predpovede na najlep\u0161ie z\u00e1pasy KHL a NHL, z\u00edskajte v\u00fdhodn\u00e9 kurzy a vyhr\u00e1vajte. Spo\u013eahliv\u00e1 st\u00e1vkov\u00e1 kancel\u00e1ria pre fan\u00fa\u0161ikov hokeja na v\u00e1s \u010dak\u00e1.","robots":{"index":"index","follow":"follow","max-snippet":"max-snippet:-1","max-image-preview":"max-image-preview:large","max-video-preview":"max-video-preview:-1"},"og_locale":"sl_SI","og_type":"article","og_title":"Hokej v BetLabel \u2014 Kurzy a predpovede na top z\u00e1pasy","og_description":"St\u00e1vky na hokej na BetLabel! Robte presn\u00e9 predpovede na najlep\u0161ie z\u00e1pasy KHL a NHL, z\u00edskajte v\u00fdhodn\u00e9 kurzy a vyhr\u00e1vajte. Spo\u013eahliv\u00e1 st\u00e1vkov\u00e1 kancel\u00e1ria pre fan\u00fa\u0161ikov hokeja na v\u00e1s \u010dak\u00e1.","og_url":"https:\/\/label.bet\/sk\/hockey\/","og_site_name":"BetLabel","article_modified_time":"2026-03-10T11:20:51+00:00","twitter_card":"summary_large_image","schema":{"@context":"https:\/\/schema.org","@graph":[{"@type":"WebPage","@id":"https:\/\/label.bet\/sk\/hockey\/","url":"https:\/\/label.bet\/sk\/hockey\/","name":"Hokej v BetLabel \u2014 Kurzy a predpovede na top z\u00e1pasy","isPartOf":{"@id":"https:\/\/label.bet\/sk\/#website"},"datePublished":"2026-01-22T11:27:58+00:00","dateModified":"2026-03-10T11:20:51+00:00","description":"St\u00e1vky na hokej na BetLabel! Robte presn\u00e9 predpovede na najlep\u0161ie z\u00e1pasy KHL a NHL, z\u00edskajte v\u00fdhodn\u00e9 kurzy a vyhr\u00e1vajte. Spo\u013eahliv\u00e1 st\u00e1vkov\u00e1 kancel\u00e1ria pre fan\u00fa\u0161ikov hokeja na v\u00e1s \u010dak\u00e1.","inLanguage":"sl-SI","potentialAction":[{"@type":"ReadAction","target":["https:\/\/label.bet\/sk\/hockey\/"]}]},{"@type":"WebSite","@id":"https:\/\/label.bet\/sk\/#website","url":"https:\/\/label.bet\/sk\/","name":"BetLabel","description":"","potentialAction":[{"@type":"SearchAction","target":{"@type":"EntryPoint","urlTemplate":"https:\/\/label.bet\/sk\/?s={search_term_string}"},"query-input":{"@type":"PropertyValueSpecification","valueRequired":true,"valueName":"search_term_string"}}],"inLanguage":"sl-SI"}]}},"_links":{"self":[{"href":"https:\/\/label.bet\/sk\/wp-json\/wp\/v2\/pages\/1723","targetHints":{"allow":["GET"]}}],"collection":[{"href":"https:\/\/label.bet\/sk\/wp-json\/wp\/v2\/pages"}],"about":[{"href":"https:\/\/label.bet\/sk\/wp-json\/wp\/v2\/types\/page"}],"author":[{"embeddable":true,"href":"https:\/\/label.bet\/sk\/wp-json\/wp\/v2\/users\/1"}],"replies":[{"embeddable":true,"href":"https:\/\/label.bet\/sk\/wp-json\/wp\/v2\/comments?post=1723"}],"version-history":[{"count":5,"href":"https:\/\/label.bet\/sk\/wp-json\/wp\/v2\/pages\/1723\/revisions"}],"predecessor-version":[{"id":2020,"href":"https:\/\/label.bet\/sk\/wp-json\/wp\/v2\/pages\/1723\/revisions\/2020"}],"wp:attachment":[{"href":"https:\/\/label.bet\/sk\/wp-json\/wp\/v2\/media?parent=1723"}],"curies":[{"name":"wp","href":"https:\/\/api.w.org\/{rel}","templated":true}]}}