{"id":1736,"date":"2026-01-22T15:56:50","date_gmt":"2026-01-22T12:56:50","guid":{"rendered":"https:\/\/label.bet\/sk\/?page_id=1736"},"modified":"2026-03-10T18:48:24","modified_gmt":"2026-03-10T15:48:24","slug":"ufc","status":"publish","type":"page","link":"https:\/\/label.bet\/sk\/ufc\/","title":{"rendered":"UFC"},"content":{"rendered":"","protected":false},"excerpt":{"rendered":"","protected":false},"author":1,"featured_media":0,"parent":0,"menu_order":0,"comment_status":"closed","ping_status":"closed","template":"","meta":{"_acf_changed":false,"footnotes":""},"class_list":["post-1736","page","type-page","status-publish","hentry"],"acf":[],"yoast_head":"<!-- This site is optimized with the Yoast SEO plugin v26.5 - https:\/\/yoast.com\/wordpress\/plugins\/seo\/ -->\n<title>BetLabel St\u00e1vky na UFC a MMA \u2014 Vysok\u00e9 kurzy, \u017eiv\u00e9 z\u00e1pasy<\/title>\n<meta name=\"description\" content=\"BetLabel st\u00e1vky na UFC a MMA . Bonusy pre nov\u00fdch hr\u00e1\u010dov, \u017eiv\u00e9 z\u00e1pasy, kurzy a spo\u013eahliv\u00e9 v\u00fdplaty. Pridajte sa k n\u00e1m a za\u010dnite vyhr\u00e1va\u0165 e\u0161te dnes!\" \/>\n<meta name=\"robots\" content=\"index, follow, max-snippet:-1, max-image-preview:large, max-video-preview:-1\" \/>\n<meta property=\"og:locale\" content=\"sl_SI\" \/>\n<meta property=\"og:type\" content=\"article\" \/>\n<meta property=\"og:title\" content=\"BetLabel St\u00e1vky na UFC a MMA \u2014 Vysok\u00e9 kurzy, \u017eiv\u00e9 z\u00e1pasy\" \/>\n<meta property=\"og:description\" content=\"BetLabel st\u00e1vky na UFC a MMA . Bonusy pre nov\u00fdch hr\u00e1\u010dov, \u017eiv\u00e9 z\u00e1pasy, kurzy a spo\u013eahliv\u00e9 v\u00fdplaty. Pridajte sa k n\u00e1m a za\u010dnite vyhr\u00e1va\u0165 e\u0161te dnes!\" \/>\n<meta property=\"og:url\" content=\"https:\/\/label.bet\/sk\/ufc\/\" \/>\n<meta property=\"og:site_name\" content=\"BetLabel\" \/>\n<meta property=\"article:modified_time\" content=\"2026-03-10T15:48:24+00:00\" \/>\n<meta name=\"twitter:card\" content=\"summary_large_image\" \/>\n<script type=\"application\/ld+json\" class=\"yoast-schema-graph\">{\"@context\":\"https:\/\/schema.org\",\"@graph\":[{\"@type\":\"WebPage\",\"@id\":\"https:\/\/label.bet\/sk\/ufc\/\",\"url\":\"https:\/\/label.bet\/sk\/ufc\/\",\"name\":\"BetLabel St\u00e1vky na UFC a MMA \u2014 Vysok\u00e9 kurzy, \u017eiv\u00e9 z\u00e1pasy\",\"isPartOf\":{\"@id\":\"https:\/\/label.bet\/sk\/#website\"},\"datePublished\":\"2026-01-22T12:56:50+00:00\",\"dateModified\":\"2026-03-10T15:48:24+00:00\",\"description\":\"BetLabel st\u00e1vky na UFC a MMA . Bonusy pre nov\u00fdch hr\u00e1\u010dov, \u017eiv\u00e9 z\u00e1pasy, kurzy a spo\u013eahliv\u00e9 v\u00fdplaty. Pridajte sa k n\u00e1m a za\u010dnite vyhr\u00e1va\u0165 e\u0161te dnes!\",\"inLanguage\":\"sl-SI\",\"potentialAction\":[{\"@type\":\"ReadAction\",\"target\":[\"https:\/\/label.bet\/sk\/ufc\/\"]}]},{\"@type\":\"WebSite\",\"@id\":\"https:\/\/label.bet\/sk\/#website\",\"url\":\"https:\/\/label.bet\/sk\/\",\"name\":\"BetLabel\",\"description\":\"\",\"potentialAction\":[{\"@type\":\"SearchAction\",\"target\":{\"@type\":\"EntryPoint\",\"urlTemplate\":\"https:\/\/label.bet\/sk\/?s={search_term_string}\"},\"query-input\":{\"@type\":\"PropertyValueSpecification\",\"valueRequired\":true,\"valueName\":\"search_term_string\"}}],\"inLanguage\":\"sl-SI\"}]}<\/script>\n<!-- \/ Yoast SEO plugin. -->","yoast_head_json":{"title":"BetLabel St\u00e1vky na UFC a MMA \u2014 Vysok\u00e9 kurzy, \u017eiv\u00e9 z\u00e1pasy","description":"BetLabel st\u00e1vky na UFC a MMA . Bonusy pre nov\u00fdch hr\u00e1\u010dov, \u017eiv\u00e9 z\u00e1pasy, kurzy a spo\u013eahliv\u00e9 v\u00fdplaty. Pridajte sa k n\u00e1m a za\u010dnite vyhr\u00e1va\u0165 e\u0161te dnes!","robots":{"index":"index","follow":"follow","max-snippet":"max-snippet:-1","max-image-preview":"max-image-preview:large","max-video-preview":"max-video-preview:-1"},"og_locale":"sl_SI","og_type":"article","og_title":"BetLabel St\u00e1vky na UFC a MMA \u2014 Vysok\u00e9 kurzy, \u017eiv\u00e9 z\u00e1pasy","og_description":"BetLabel st\u00e1vky na UFC a MMA . Bonusy pre nov\u00fdch hr\u00e1\u010dov, \u017eiv\u00e9 z\u00e1pasy, kurzy a spo\u013eahliv\u00e9 v\u00fdplaty. Pridajte sa k n\u00e1m a za\u010dnite vyhr\u00e1va\u0165 e\u0161te dnes!","og_url":"https:\/\/label.bet\/sk\/ufc\/","og_site_name":"BetLabel","article_modified_time":"2026-03-10T15:48:24+00:00","twitter_card":"summary_large_image","schema":{"@context":"https:\/\/schema.org","@graph":[{"@type":"WebPage","@id":"https:\/\/label.bet\/sk\/ufc\/","url":"https:\/\/label.bet\/sk\/ufc\/","name":"BetLabel St\u00e1vky na UFC a MMA \u2014 Vysok\u00e9 kurzy, \u017eiv\u00e9 z\u00e1pasy","isPartOf":{"@id":"https:\/\/label.bet\/sk\/#website"},"datePublished":"2026-01-22T12:56:50+00:00","dateModified":"2026-03-10T15:48:24+00:00","description":"BetLabel st\u00e1vky na UFC a MMA . Bonusy pre nov\u00fdch hr\u00e1\u010dov, \u017eiv\u00e9 z\u00e1pasy, kurzy a spo\u013eahliv\u00e9 v\u00fdplaty. Pridajte sa k n\u00e1m a za\u010dnite vyhr\u00e1va\u0165 e\u0161te dnes!","inLanguage":"sl-SI","potentialAction":[{"@type":"ReadAction","target":["https:\/\/label.bet\/sk\/ufc\/"]}]},{"@type":"WebSite","@id":"https:\/\/label.bet\/sk\/#website","url":"https:\/\/label.bet\/sk\/","name":"BetLabel","description":"","potentialAction":[{"@type":"SearchAction","target":{"@type":"EntryPoint","urlTemplate":"https:\/\/label.bet\/sk\/?s={search_term_string}"},"query-input":{"@type":"PropertyValueSpecification","valueRequired":true,"valueName":"search_term_string"}}],"inLanguage":"sl-SI"}]}},"_links":{"self":[{"href":"https:\/\/label.bet\/sk\/wp-json\/wp\/v2\/pages\/1736","targetHints":{"allow":["GET"]}}],"collection":[{"href":"https:\/\/label.bet\/sk\/wp-json\/wp\/v2\/pages"}],"about":[{"href":"https:\/\/label.bet\/sk\/wp-json\/wp\/v2\/types\/page"}],"author":[{"embeddable":true,"href":"https:\/\/label.bet\/sk\/wp-json\/wp\/v2\/users\/1"}],"replies":[{"embeddable":true,"href":"https:\/\/label.bet\/sk\/wp-json\/wp\/v2\/comments?post=1736"}],"version-history":[{"count":5,"href":"https:\/\/label.bet\/sk\/wp-json\/wp\/v2\/pages\/1736\/revisions"}],"predecessor-version":[{"id":2044,"href":"https:\/\/label.bet\/sk\/wp-json\/wp\/v2\/pages\/1736\/revisions\/2044"}],"wp:attachment":[{"href":"https:\/\/label.bet\/sk\/wp-json\/wp\/v2\/media?parent=1736"}],"curies":[{"name":"wp","href":"https:\/\/api.w.org\/{rel}","templated":true}]}}