{"id":1794,"date":"2026-01-23T13:55:38","date_gmt":"2026-01-23T10:55:38","guid":{"rendered":"https:\/\/label.bet\/sk\/?page_id=1794"},"modified":"2026-03-10T14:00:20","modified_gmt":"2026-03-10T11:00:20","slug":"chicken-road","status":"publish","type":"page","link":"https:\/\/label.bet\/sk\/chicken-road\/","title":{"rendered":"Chicken Road"},"content":{"rendered":"","protected":false},"excerpt":{"rendered":"","protected":false},"author":1,"featured_media":0,"parent":0,"menu_order":0,"comment_status":"closed","ping_status":"closed","template":"","meta":{"_acf_changed":false,"footnotes":""},"class_list":["post-1794","page","type-page","status-publish","hentry"],"acf":[],"yoast_head":"<!-- This site is optimized with the Yoast SEO plugin v26.5 - https:\/\/yoast.com\/wordpress\/plugins\/seo\/ -->\n<title>Hrajte Chicken Road v BetLabel \u2014 Crash hra s vysok\u00fdm RTP<\/title>\n<meta name=\"description\" content=\"Chicken Road v kas\u00edne BetLabel \u2014 je dynamick\u00e1 crash hra s vysok\u00fdm RTP. Umiestnite svoju st\u00e1vku, sledujte, ako rastie multiplik\u00e1tor, a v\u010das si vyberte svoje v\u00fdhry. Ide\u00e1lne pre r\u00fdchle a vzru\u0161uj\u00face hry.\" \/>\n<meta name=\"robots\" content=\"index, follow, max-snippet:-1, max-image-preview:large, max-video-preview:-1\" \/>\n<meta property=\"og:locale\" content=\"sl_SI\" \/>\n<meta property=\"og:type\" content=\"article\" \/>\n<meta property=\"og:title\" content=\"Hrajte Chicken Road v BetLabel \u2014 Crash hra s vysok\u00fdm RTP\" \/>\n<meta property=\"og:description\" content=\"Chicken Road v kas\u00edne BetLabel \u2014 je dynamick\u00e1 crash hra s vysok\u00fdm RTP. Umiestnite svoju st\u00e1vku, sledujte, ako rastie multiplik\u00e1tor, a v\u010das si vyberte svoje v\u00fdhry. Ide\u00e1lne pre r\u00fdchle a vzru\u0161uj\u00face hry.\" \/>\n<meta property=\"og:url\" content=\"https:\/\/label.bet\/sk\/chicken-road\/\" \/>\n<meta property=\"og:site_name\" content=\"BetLabel\" \/>\n<meta property=\"article:modified_time\" content=\"2026-03-10T11:00:20+00:00\" \/>\n<meta name=\"twitter:card\" content=\"summary_large_image\" \/>\n<script type=\"application\/ld+json\" class=\"yoast-schema-graph\">{\"@context\":\"https:\/\/schema.org\",\"@graph\":[{\"@type\":\"WebPage\",\"@id\":\"https:\/\/label.bet\/sk\/chicken-road\/\",\"url\":\"https:\/\/label.bet\/sk\/chicken-road\/\",\"name\":\"Hrajte Chicken Road v BetLabel \u2014 Crash hra s vysok\u00fdm RTP\",\"isPartOf\":{\"@id\":\"https:\/\/label.bet\/sk\/#website\"},\"datePublished\":\"2026-01-23T10:55:38+00:00\",\"dateModified\":\"2026-03-10T11:00:20+00:00\",\"description\":\"Chicken Road v kas\u00edne BetLabel \u2014 je dynamick\u00e1 crash hra s vysok\u00fdm RTP. Umiestnite svoju st\u00e1vku, sledujte, ako rastie multiplik\u00e1tor, a v\u010das si vyberte svoje v\u00fdhry. Ide\u00e1lne pre r\u00fdchle a vzru\u0161uj\u00face hry.\",\"inLanguage\":\"sl-SI\",\"potentialAction\":[{\"@type\":\"ReadAction\",\"target\":[\"https:\/\/label.bet\/sk\/chicken-road\/\"]}]},{\"@type\":\"WebSite\",\"@id\":\"https:\/\/label.bet\/sk\/#website\",\"url\":\"https:\/\/label.bet\/sk\/\",\"name\":\"BetLabel\",\"description\":\"\",\"potentialAction\":[{\"@type\":\"SearchAction\",\"target\":{\"@type\":\"EntryPoint\",\"urlTemplate\":\"https:\/\/label.bet\/sk\/?s={search_term_string}\"},\"query-input\":{\"@type\":\"PropertyValueSpecification\",\"valueRequired\":true,\"valueName\":\"search_term_string\"}}],\"inLanguage\":\"sl-SI\"}]}<\/script>\n<!-- \/ Yoast SEO plugin. -->","yoast_head_json":{"title":"Hrajte Chicken Road v BetLabel \u2014 Crash hra s vysok\u00fdm RTP","description":"Chicken Road v kas\u00edne BetLabel \u2014 je dynamick\u00e1 crash hra s vysok\u00fdm RTP. Umiestnite svoju st\u00e1vku, sledujte, ako rastie multiplik\u00e1tor, a v\u010das si vyberte svoje v\u00fdhry. Ide\u00e1lne pre r\u00fdchle a vzru\u0161uj\u00face hry.","robots":{"index":"index","follow":"follow","max-snippet":"max-snippet:-1","max-image-preview":"max-image-preview:large","max-video-preview":"max-video-preview:-1"},"og_locale":"sl_SI","og_type":"article","og_title":"Hrajte Chicken Road v BetLabel \u2014 Crash hra s vysok\u00fdm RTP","og_description":"Chicken Road v kas\u00edne BetLabel \u2014 je dynamick\u00e1 crash hra s vysok\u00fdm RTP. Umiestnite svoju st\u00e1vku, sledujte, ako rastie multiplik\u00e1tor, a v\u010das si vyberte svoje v\u00fdhry. Ide\u00e1lne pre r\u00fdchle a vzru\u0161uj\u00face hry.","og_url":"https:\/\/label.bet\/sk\/chicken-road\/","og_site_name":"BetLabel","article_modified_time":"2026-03-10T11:00:20+00:00","twitter_card":"summary_large_image","schema":{"@context":"https:\/\/schema.org","@graph":[{"@type":"WebPage","@id":"https:\/\/label.bet\/sk\/chicken-road\/","url":"https:\/\/label.bet\/sk\/chicken-road\/","name":"Hrajte Chicken Road v BetLabel \u2014 Crash hra s vysok\u00fdm RTP","isPartOf":{"@id":"https:\/\/label.bet\/sk\/#website"},"datePublished":"2026-01-23T10:55:38+00:00","dateModified":"2026-03-10T11:00:20+00:00","description":"Chicken Road v kas\u00edne BetLabel \u2014 je dynamick\u00e1 crash hra s vysok\u00fdm RTP. Umiestnite svoju st\u00e1vku, sledujte, ako rastie multiplik\u00e1tor, a v\u010das si vyberte svoje v\u00fdhry. Ide\u00e1lne pre r\u00fdchle a vzru\u0161uj\u00face hry.","inLanguage":"sl-SI","potentialAction":[{"@type":"ReadAction","target":["https:\/\/label.bet\/sk\/chicken-road\/"]}]},{"@type":"WebSite","@id":"https:\/\/label.bet\/sk\/#website","url":"https:\/\/label.bet\/sk\/","name":"BetLabel","description":"","potentialAction":[{"@type":"SearchAction","target":{"@type":"EntryPoint","urlTemplate":"https:\/\/label.bet\/sk\/?s={search_term_string}"},"query-input":{"@type":"PropertyValueSpecification","valueRequired":true,"valueName":"search_term_string"}}],"inLanguage":"sl-SI"}]}},"_links":{"self":[{"href":"https:\/\/label.bet\/sk\/wp-json\/wp\/v2\/pages\/1794","targetHints":{"allow":["GET"]}}],"collection":[{"href":"https:\/\/label.bet\/sk\/wp-json\/wp\/v2\/pages"}],"about":[{"href":"https:\/\/label.bet\/sk\/wp-json\/wp\/v2\/types\/page"}],"author":[{"embeddable":true,"href":"https:\/\/label.bet\/sk\/wp-json\/wp\/v2\/users\/1"}],"replies":[{"embeddable":true,"href":"https:\/\/label.bet\/sk\/wp-json\/wp\/v2\/comments?post=1794"}],"version-history":[{"count":5,"href":"https:\/\/label.bet\/sk\/wp-json\/wp\/v2\/pages\/1794\/revisions"}],"predecessor-version":[{"id":2012,"href":"https:\/\/label.bet\/sk\/wp-json\/wp\/v2\/pages\/1794\/revisions\/2012"}],"wp:attachment":[{"href":"https:\/\/label.bet\/sk\/wp-json\/wp\/v2\/media?parent=1794"}],"curies":[{"name":"wp","href":"https:\/\/api.w.org\/{rel}","templated":true}]}}