{"id":1821,"date":"2026-01-25T16:26:05","date_gmt":"2026-01-25T13:26:05","guid":{"rendered":"https:\/\/label.bet\/sk\/?page_id=1821"},"modified":"2026-03-10T14:26:49","modified_gmt":"2026-03-10T11:26:49","slug":"gates-of-olympus","status":"publish","type":"page","link":"https:\/\/label.bet\/sk\/gates-of-olympus\/","title":{"rendered":"Gates of Olympus"},"content":{"rendered":"","protected":false},"excerpt":{"rendered":"","protected":false},"author":1,"featured_media":0,"parent":0,"menu_order":0,"comment_status":"closed","ping_status":"closed","template":"","meta":{"_acf_changed":false,"footnotes":""},"class_list":["post-1821","page","type-page","status-publish","hentry"],"acf":[],"yoast_head":"<!-- This site is optimized with the Yoast SEO plugin v26.5 - https:\/\/yoast.com\/wordpress\/plugins\/seo\/ -->\n<title>Gates of Olympus v BetLabel \u1409 Automat s n\u00e1sobite\u013emi 500x<\/title>\n<meta name=\"description\" content=\"Hrajte Gates of Olympus v kas\u00edne BetLabel \u2014 popul\u00e1rny automat od Pragmatic Play s kask\u00e1dov\u00fdmi valcami, n\u00e1kupom bonusov a multiplik\u00e1tormi a\u017e do 500x. Preh\u013ead hrate\u013enosti, volatility a pr\u00edle\u017eitost\u00ed na ve\u013ek\u00e9 v\u00fdhry.\" \/>\n<meta name=\"robots\" content=\"index, follow, max-snippet:-1, max-image-preview:large, max-video-preview:-1\" \/>\n<meta property=\"og:locale\" content=\"sl_SI\" \/>\n<meta property=\"og:type\" content=\"article\" \/>\n<meta property=\"og:title\" content=\"Gates of Olympus v BetLabel \u1409 Automat s n\u00e1sobite\u013emi 500x\" \/>\n<meta property=\"og:description\" content=\"Hrajte Gates of Olympus v kas\u00edne BetLabel \u2014 popul\u00e1rny automat od Pragmatic Play s kask\u00e1dov\u00fdmi valcami, n\u00e1kupom bonusov a multiplik\u00e1tormi a\u017e do 500x. Preh\u013ead hrate\u013enosti, volatility a pr\u00edle\u017eitost\u00ed na ve\u013ek\u00e9 v\u00fdhry.\" \/>\n<meta property=\"og:url\" content=\"https:\/\/label.bet\/sk\/gates-of-olympus\/\" \/>\n<meta property=\"og:site_name\" content=\"BetLabel\" \/>\n<meta property=\"article:modified_time\" content=\"2026-03-10T11:26:49+00:00\" \/>\n<meta name=\"twitter:card\" content=\"summary_large_image\" \/>\n<script type=\"application\/ld+json\" class=\"yoast-schema-graph\">{\"@context\":\"https:\/\/schema.org\",\"@graph\":[{\"@type\":\"WebPage\",\"@id\":\"https:\/\/label.bet\/sk\/gates-of-olympus\/\",\"url\":\"https:\/\/label.bet\/sk\/gates-of-olympus\/\",\"name\":\"Gates of Olympus v BetLabel \u1409 Automat s n\u00e1sobite\u013emi 500x\",\"isPartOf\":{\"@id\":\"https:\/\/label.bet\/sk\/#website\"},\"datePublished\":\"2026-01-25T13:26:05+00:00\",\"dateModified\":\"2026-03-10T11:26:49+00:00\",\"description\":\"Hrajte Gates of Olympus v kas\u00edne BetLabel \u2014 popul\u00e1rny automat od Pragmatic Play s kask\u00e1dov\u00fdmi valcami, n\u00e1kupom bonusov a multiplik\u00e1tormi a\u017e do 500x. Preh\u013ead hrate\u013enosti, volatility a pr\u00edle\u017eitost\u00ed na ve\u013ek\u00e9 v\u00fdhry.\",\"inLanguage\":\"sl-SI\",\"potentialAction\":[{\"@type\":\"ReadAction\",\"target\":[\"https:\/\/label.bet\/sk\/gates-of-olympus\/\"]}]},{\"@type\":\"WebSite\",\"@id\":\"https:\/\/label.bet\/sk\/#website\",\"url\":\"https:\/\/label.bet\/sk\/\",\"name\":\"BetLabel\",\"description\":\"\",\"potentialAction\":[{\"@type\":\"SearchAction\",\"target\":{\"@type\":\"EntryPoint\",\"urlTemplate\":\"https:\/\/label.bet\/sk\/?s={search_term_string}\"},\"query-input\":{\"@type\":\"PropertyValueSpecification\",\"valueRequired\":true,\"valueName\":\"search_term_string\"}}],\"inLanguage\":\"sl-SI\"}]}<\/script>\n<!-- \/ Yoast SEO plugin. -->","yoast_head_json":{"title":"Gates of Olympus v BetLabel \u1409 Automat s n\u00e1sobite\u013emi 500x","description":"Hrajte Gates of Olympus v kas\u00edne BetLabel \u2014 popul\u00e1rny automat od Pragmatic Play s kask\u00e1dov\u00fdmi valcami, n\u00e1kupom bonusov a multiplik\u00e1tormi a\u017e do 500x. Preh\u013ead hrate\u013enosti, volatility a pr\u00edle\u017eitost\u00ed na ve\u013ek\u00e9 v\u00fdhry.","robots":{"index":"index","follow":"follow","max-snippet":"max-snippet:-1","max-image-preview":"max-image-preview:large","max-video-preview":"max-video-preview:-1"},"og_locale":"sl_SI","og_type":"article","og_title":"Gates of Olympus v BetLabel \u1409 Automat s n\u00e1sobite\u013emi 500x","og_description":"Hrajte Gates of Olympus v kas\u00edne BetLabel \u2014 popul\u00e1rny automat od Pragmatic Play s kask\u00e1dov\u00fdmi valcami, n\u00e1kupom bonusov a multiplik\u00e1tormi a\u017e do 500x. Preh\u013ead hrate\u013enosti, volatility a pr\u00edle\u017eitost\u00ed na ve\u013ek\u00e9 v\u00fdhry.","og_url":"https:\/\/label.bet\/sk\/gates-of-olympus\/","og_site_name":"BetLabel","article_modified_time":"2026-03-10T11:26:49+00:00","twitter_card":"summary_large_image","schema":{"@context":"https:\/\/schema.org","@graph":[{"@type":"WebPage","@id":"https:\/\/label.bet\/sk\/gates-of-olympus\/","url":"https:\/\/label.bet\/sk\/gates-of-olympus\/","name":"Gates of Olympus v BetLabel \u1409 Automat s n\u00e1sobite\u013emi 500x","isPartOf":{"@id":"https:\/\/label.bet\/sk\/#website"},"datePublished":"2026-01-25T13:26:05+00:00","dateModified":"2026-03-10T11:26:49+00:00","description":"Hrajte Gates of Olympus v kas\u00edne BetLabel \u2014 popul\u00e1rny automat od Pragmatic Play s kask\u00e1dov\u00fdmi valcami, n\u00e1kupom bonusov a multiplik\u00e1tormi a\u017e do 500x. Preh\u013ead hrate\u013enosti, volatility a pr\u00edle\u017eitost\u00ed na ve\u013ek\u00e9 v\u00fdhry.","inLanguage":"sl-SI","potentialAction":[{"@type":"ReadAction","target":["https:\/\/label.bet\/sk\/gates-of-olympus\/"]}]},{"@type":"WebSite","@id":"https:\/\/label.bet\/sk\/#website","url":"https:\/\/label.bet\/sk\/","name":"BetLabel","description":"","potentialAction":[{"@type":"SearchAction","target":{"@type":"EntryPoint","urlTemplate":"https:\/\/label.bet\/sk\/?s={search_term_string}"},"query-input":{"@type":"PropertyValueSpecification","valueRequired":true,"valueName":"search_term_string"}}],"inLanguage":"sl-SI"}]}},"_links":{"self":[{"href":"https:\/\/label.bet\/sk\/wp-json\/wp\/v2\/pages\/1821","targetHints":{"allow":["GET"]}}],"collection":[{"href":"https:\/\/label.bet\/sk\/wp-json\/wp\/v2\/pages"}],"about":[{"href":"https:\/\/label.bet\/sk\/wp-json\/wp\/v2\/types\/page"}],"author":[{"embeddable":true,"href":"https:\/\/label.bet\/sk\/wp-json\/wp\/v2\/users\/1"}],"replies":[{"embeddable":true,"href":"https:\/\/label.bet\/sk\/wp-json\/wp\/v2\/comments?post=1821"}],"version-history":[{"count":5,"href":"https:\/\/label.bet\/sk\/wp-json\/wp\/v2\/pages\/1821\/revisions"}],"predecessor-version":[{"id":2022,"href":"https:\/\/label.bet\/sk\/wp-json\/wp\/v2\/pages\/1821\/revisions\/2022"}],"wp:attachment":[{"href":"https:\/\/label.bet\/sk\/wp-json\/wp\/v2\/media?parent=1821"}],"curies":[{"name":"wp","href":"https:\/\/api.w.org\/{rel}","templated":true}]}}