{"id":1828,"date":"2026-01-25T16:47:31","date_gmt":"2026-01-25T13:47:31","guid":{"rendered":"https:\/\/label.bet\/sk\/?page_id=1828"},"modified":"2026-03-10T13:05:48","modified_gmt":"2026-03-10T10:05:48","slug":"book-of-dead","status":"publish","type":"page","link":"https:\/\/label.bet\/sk\/book-of-dead\/","title":{"rendered":"Book of Dead"},"content":{"rendered":"","protected":false},"excerpt":{"rendered":"","protected":false},"author":1,"featured_media":0,"parent":0,"menu_order":0,"comment_status":"closed","ping_status":"closed","template":"","meta":{"_acf_changed":false,"footnotes":""},"class_list":["post-1828","page","type-page","status-publish","hentry"],"acf":[],"yoast_head":"<!-- This site is optimized with the Yoast SEO plugin v26.5 - https:\/\/yoast.com\/wordpress\/plugins\/seo\/ -->\n<title>Book of Dead v BetLabel \u27a4 Klasick\u00fd automat Play&#039;n GO<\/title>\n<meta name=\"description\" content=\"Hrajte Book of Dead na BetLabel \u27a4 legend\u00e1rny kni\u017en\u00fd automat od Play&#039;n GO s bezplatn\u00fdmi oto\u010deniami a vysok\u00fdm v\u00fdhern\u00fdm potenci\u00e1lom. Jednoduch\u00e9 pravidl\u00e1, r\u00fdchle oto\u010denia a ob\u013e\u00faben\u00e1 klasika online kas\u00edn.\" \/>\n<meta name=\"robots\" content=\"index, follow, max-snippet:-1, max-image-preview:large, max-video-preview:-1\" \/>\n<meta property=\"og:locale\" content=\"sl_SI\" \/>\n<meta property=\"og:type\" content=\"article\" \/>\n<meta property=\"og:title\" content=\"Book of Dead v BetLabel \u27a4 Klasick\u00fd automat Play&#039;n GO\" \/>\n<meta property=\"og:description\" content=\"Hrajte Book of Dead na BetLabel \u27a4 legend\u00e1rny kni\u017en\u00fd automat od Play&#039;n GO s bezplatn\u00fdmi oto\u010deniami a vysok\u00fdm v\u00fdhern\u00fdm potenci\u00e1lom. Jednoduch\u00e9 pravidl\u00e1, r\u00fdchle oto\u010denia a ob\u013e\u00faben\u00e1 klasika online kas\u00edn.\" \/>\n<meta property=\"og:url\" content=\"https:\/\/label.bet\/sk\/book-of-dead\/\" \/>\n<meta property=\"og:site_name\" content=\"BetLabel\" \/>\n<meta property=\"article:modified_time\" content=\"2026-03-10T10:05:48+00:00\" \/>\n<meta name=\"twitter:card\" content=\"summary_large_image\" \/>\n<script type=\"application\/ld+json\" class=\"yoast-schema-graph\">{\"@context\":\"https:\/\/schema.org\",\"@graph\":[{\"@type\":\"WebPage\",\"@id\":\"https:\/\/label.bet\/sk\/book-of-dead\/\",\"url\":\"https:\/\/label.bet\/sk\/book-of-dead\/\",\"name\":\"Book of Dead v BetLabel \u27a4 Klasick\u00fd automat Play'n GO\",\"isPartOf\":{\"@id\":\"https:\/\/label.bet\/sk\/#website\"},\"datePublished\":\"2026-01-25T13:47:31+00:00\",\"dateModified\":\"2026-03-10T10:05:48+00:00\",\"description\":\"Hrajte Book of Dead na BetLabel \u27a4 legend\u00e1rny kni\u017en\u00fd automat od Play'n GO s bezplatn\u00fdmi oto\u010deniami a vysok\u00fdm v\u00fdhern\u00fdm potenci\u00e1lom. Jednoduch\u00e9 pravidl\u00e1, r\u00fdchle oto\u010denia a ob\u013e\u00faben\u00e1 klasika online kas\u00edn.\",\"inLanguage\":\"sl-SI\",\"potentialAction\":[{\"@type\":\"ReadAction\",\"target\":[\"https:\/\/label.bet\/sk\/book-of-dead\/\"]}]},{\"@type\":\"WebSite\",\"@id\":\"https:\/\/label.bet\/sk\/#website\",\"url\":\"https:\/\/label.bet\/sk\/\",\"name\":\"BetLabel\",\"description\":\"\",\"potentialAction\":[{\"@type\":\"SearchAction\",\"target\":{\"@type\":\"EntryPoint\",\"urlTemplate\":\"https:\/\/label.bet\/sk\/?s={search_term_string}\"},\"query-input\":{\"@type\":\"PropertyValueSpecification\",\"valueRequired\":true,\"valueName\":\"search_term_string\"}}],\"inLanguage\":\"sl-SI\"}]}<\/script>\n<!-- \/ Yoast SEO plugin. -->","yoast_head_json":{"title":"Book of Dead v BetLabel \u27a4 Klasick\u00fd automat Play'n GO","description":"Hrajte Book of Dead na BetLabel \u27a4 legend\u00e1rny kni\u017en\u00fd automat od Play'n GO s bezplatn\u00fdmi oto\u010deniami a vysok\u00fdm v\u00fdhern\u00fdm potenci\u00e1lom. Jednoduch\u00e9 pravidl\u00e1, r\u00fdchle oto\u010denia a ob\u013e\u00faben\u00e1 klasika online kas\u00edn.","robots":{"index":"index","follow":"follow","max-snippet":"max-snippet:-1","max-image-preview":"max-image-preview:large","max-video-preview":"max-video-preview:-1"},"og_locale":"sl_SI","og_type":"article","og_title":"Book of Dead v BetLabel \u27a4 Klasick\u00fd automat Play'n GO","og_description":"Hrajte Book of Dead na BetLabel \u27a4 legend\u00e1rny kni\u017en\u00fd automat od Play'n GO s bezplatn\u00fdmi oto\u010deniami a vysok\u00fdm v\u00fdhern\u00fdm potenci\u00e1lom. Jednoduch\u00e9 pravidl\u00e1, r\u00fdchle oto\u010denia a ob\u013e\u00faben\u00e1 klasika online kas\u00edn.","og_url":"https:\/\/label.bet\/sk\/book-of-dead\/","og_site_name":"BetLabel","article_modified_time":"2026-03-10T10:05:48+00:00","twitter_card":"summary_large_image","schema":{"@context":"https:\/\/schema.org","@graph":[{"@type":"WebPage","@id":"https:\/\/label.bet\/sk\/book-of-dead\/","url":"https:\/\/label.bet\/sk\/book-of-dead\/","name":"Book of Dead v BetLabel \u27a4 Klasick\u00fd automat Play'n GO","isPartOf":{"@id":"https:\/\/label.bet\/sk\/#website"},"datePublished":"2026-01-25T13:47:31+00:00","dateModified":"2026-03-10T10:05:48+00:00","description":"Hrajte Book of Dead na BetLabel \u27a4 legend\u00e1rny kni\u017en\u00fd automat od Play'n GO s bezplatn\u00fdmi oto\u010deniami a vysok\u00fdm v\u00fdhern\u00fdm potenci\u00e1lom. Jednoduch\u00e9 pravidl\u00e1, r\u00fdchle oto\u010denia a ob\u013e\u00faben\u00e1 klasika online kas\u00edn.","inLanguage":"sl-SI","potentialAction":[{"@type":"ReadAction","target":["https:\/\/label.bet\/sk\/book-of-dead\/"]}]},{"@type":"WebSite","@id":"https:\/\/label.bet\/sk\/#website","url":"https:\/\/label.bet\/sk\/","name":"BetLabel","description":"","potentialAction":[{"@type":"SearchAction","target":{"@type":"EntryPoint","urlTemplate":"https:\/\/label.bet\/sk\/?s={search_term_string}"},"query-input":{"@type":"PropertyValueSpecification","valueRequired":true,"valueName":"search_term_string"}}],"inLanguage":"sl-SI"}]}},"_links":{"self":[{"href":"https:\/\/label.bet\/sk\/wp-json\/wp\/v2\/pages\/1828","targetHints":{"allow":["GET"]}}],"collection":[{"href":"https:\/\/label.bet\/sk\/wp-json\/wp\/v2\/pages"}],"about":[{"href":"https:\/\/label.bet\/sk\/wp-json\/wp\/v2\/types\/page"}],"author":[{"embeddable":true,"href":"https:\/\/label.bet\/sk\/wp-json\/wp\/v2\/users\/1"}],"replies":[{"embeddable":true,"href":"https:\/\/label.bet\/sk\/wp-json\/wp\/v2\/comments?post=1828"}],"version-history":[{"count":4,"href":"https:\/\/label.bet\/sk\/wp-json\/wp\/v2\/pages\/1828\/revisions"}],"predecessor-version":[{"id":2009,"href":"https:\/\/label.bet\/sk\/wp-json\/wp\/v2\/pages\/1828\/revisions\/2009"}],"wp:attachment":[{"href":"https:\/\/label.bet\/sk\/wp-json\/wp\/v2\/media?parent=1828"}],"curies":[{"name":"wp","href":"https:\/\/api.w.org\/{rel}","templated":true}]}}