{"id":1835,"date":"2026-01-25T17:34:39","date_gmt":"2026-01-25T14:34:39","guid":{"rendered":"https:\/\/label.bet\/sk\/?page_id=1835"},"modified":"2026-03-10T15:04:08","modified_gmt":"2026-03-10T12:04:08","slug":"mines","status":"publish","type":"page","link":"https:\/\/label.bet\/sk\/mines\/","title":{"rendered":"Mines"},"content":{"rendered":"","protected":false},"excerpt":{"rendered":"","protected":false},"author":1,"featured_media":0,"parent":0,"menu_order":0,"comment_status":"closed","ping_status":"closed","template":"","meta":{"_acf_changed":false,"footnotes":""},"class_list":["post-1835","page","type-page","status-publish","hentry"],"acf":[],"yoast_head":"<!-- This site is optimized with the Yoast SEO plugin v26.5 - https:\/\/yoast.com\/wordpress\/plugins\/seo\/ -->\n<title>Mines na BetLabel \u2014 Hra s kontrolou rizika a r\u00fdchlymi v\u00fdhrami<\/title>\n<meta name=\"description\" content=\"Hrajte Mines v kas\u00edne BetLabel \u2014 dynamick\u00fa okam\u017eit\u00fa hru s prisp\u00f4sobite\u013en\u00fdm rizikom. Vyberte si po\u010det m\u00edn, kontrolujte \u0161ance a kedyko\u013evek si vyberte svoje v\u00fdhry.\" \/>\n<meta name=\"robots\" content=\"index, follow, max-snippet:-1, max-image-preview:large, max-video-preview:-1\" \/>\n<meta property=\"og:locale\" content=\"sl_SI\" \/>\n<meta property=\"og:type\" content=\"article\" \/>\n<meta property=\"og:title\" content=\"Mines na BetLabel \u2014 Hra s kontrolou rizika a r\u00fdchlymi v\u00fdhrami\" \/>\n<meta property=\"og:description\" content=\"Hrajte Mines v kas\u00edne BetLabel \u2014 dynamick\u00fa okam\u017eit\u00fa hru s prisp\u00f4sobite\u013en\u00fdm rizikom. Vyberte si po\u010det m\u00edn, kontrolujte \u0161ance a kedyko\u013evek si vyberte svoje v\u00fdhry.\" \/>\n<meta property=\"og:url\" content=\"https:\/\/label.bet\/sk\/mines\/\" \/>\n<meta property=\"og:site_name\" content=\"BetLabel\" \/>\n<meta property=\"article:modified_time\" content=\"2026-03-10T12:04:08+00:00\" \/>\n<meta name=\"twitter:card\" content=\"summary_large_image\" \/>\n<script type=\"application\/ld+json\" class=\"yoast-schema-graph\">{\"@context\":\"https:\/\/schema.org\",\"@graph\":[{\"@type\":\"WebPage\",\"@id\":\"https:\/\/label.bet\/sk\/mines\/\",\"url\":\"https:\/\/label.bet\/sk\/mines\/\",\"name\":\"Mines na BetLabel \u2014 Hra s kontrolou rizika a r\u00fdchlymi v\u00fdhrami\",\"isPartOf\":{\"@id\":\"https:\/\/label.bet\/sk\/#website\"},\"datePublished\":\"2026-01-25T14:34:39+00:00\",\"dateModified\":\"2026-03-10T12:04:08+00:00\",\"description\":\"Hrajte Mines v kas\u00edne BetLabel \u2014 dynamick\u00fa okam\u017eit\u00fa hru s prisp\u00f4sobite\u013en\u00fdm rizikom. Vyberte si po\u010det m\u00edn, kontrolujte \u0161ance a kedyko\u013evek si vyberte svoje v\u00fdhry.\",\"inLanguage\":\"sl-SI\",\"potentialAction\":[{\"@type\":\"ReadAction\",\"target\":[\"https:\/\/label.bet\/sk\/mines\/\"]}]},{\"@type\":\"WebSite\",\"@id\":\"https:\/\/label.bet\/sk\/#website\",\"url\":\"https:\/\/label.bet\/sk\/\",\"name\":\"BetLabel\",\"description\":\"\",\"potentialAction\":[{\"@type\":\"SearchAction\",\"target\":{\"@type\":\"EntryPoint\",\"urlTemplate\":\"https:\/\/label.bet\/sk\/?s={search_term_string}\"},\"query-input\":{\"@type\":\"PropertyValueSpecification\",\"valueRequired\":true,\"valueName\":\"search_term_string\"}}],\"inLanguage\":\"sl-SI\"}]}<\/script>\n<!-- \/ Yoast SEO plugin. -->","yoast_head_json":{"title":"Mines na BetLabel \u2014 Hra s kontrolou rizika a r\u00fdchlymi v\u00fdhrami","description":"Hrajte Mines v kas\u00edne BetLabel \u2014 dynamick\u00fa okam\u017eit\u00fa hru s prisp\u00f4sobite\u013en\u00fdm rizikom. Vyberte si po\u010det m\u00edn, kontrolujte \u0161ance a kedyko\u013evek si vyberte svoje v\u00fdhry.","robots":{"index":"index","follow":"follow","max-snippet":"max-snippet:-1","max-image-preview":"max-image-preview:large","max-video-preview":"max-video-preview:-1"},"og_locale":"sl_SI","og_type":"article","og_title":"Mines na BetLabel \u2014 Hra s kontrolou rizika a r\u00fdchlymi v\u00fdhrami","og_description":"Hrajte Mines v kas\u00edne BetLabel \u2014 dynamick\u00fa okam\u017eit\u00fa hru s prisp\u00f4sobite\u013en\u00fdm rizikom. Vyberte si po\u010det m\u00edn, kontrolujte \u0161ance a kedyko\u013evek si vyberte svoje v\u00fdhry.","og_url":"https:\/\/label.bet\/sk\/mines\/","og_site_name":"BetLabel","article_modified_time":"2026-03-10T12:04:08+00:00","twitter_card":"summary_large_image","schema":{"@context":"https:\/\/schema.org","@graph":[{"@type":"WebPage","@id":"https:\/\/label.bet\/sk\/mines\/","url":"https:\/\/label.bet\/sk\/mines\/","name":"Mines na BetLabel \u2014 Hra s kontrolou rizika a r\u00fdchlymi v\u00fdhrami","isPartOf":{"@id":"https:\/\/label.bet\/sk\/#website"},"datePublished":"2026-01-25T14:34:39+00:00","dateModified":"2026-03-10T12:04:08+00:00","description":"Hrajte Mines v kas\u00edne BetLabel \u2014 dynamick\u00fa okam\u017eit\u00fa hru s prisp\u00f4sobite\u013en\u00fdm rizikom. Vyberte si po\u010det m\u00edn, kontrolujte \u0161ance a kedyko\u013evek si vyberte svoje v\u00fdhry.","inLanguage":"sl-SI","potentialAction":[{"@type":"ReadAction","target":["https:\/\/label.bet\/sk\/mines\/"]}]},{"@type":"WebSite","@id":"https:\/\/label.bet\/sk\/#website","url":"https:\/\/label.bet\/sk\/","name":"BetLabel","description":"","potentialAction":[{"@type":"SearchAction","target":{"@type":"EntryPoint","urlTemplate":"https:\/\/label.bet\/sk\/?s={search_term_string}"},"query-input":{"@type":"PropertyValueSpecification","valueRequired":true,"valueName":"search_term_string"}}],"inLanguage":"sl-SI"}]}},"_links":{"self":[{"href":"https:\/\/label.bet\/sk\/wp-json\/wp\/v2\/pages\/1835","targetHints":{"allow":["GET"]}}],"collection":[{"href":"https:\/\/label.bet\/sk\/wp-json\/wp\/v2\/pages"}],"about":[{"href":"https:\/\/label.bet\/sk\/wp-json\/wp\/v2\/types\/page"}],"author":[{"embeddable":true,"href":"https:\/\/label.bet\/sk\/wp-json\/wp\/v2\/users\/1"}],"replies":[{"embeddable":true,"href":"https:\/\/label.bet\/sk\/wp-json\/wp\/v2\/comments?post=1835"}],"version-history":[{"count":5,"href":"https:\/\/label.bet\/sk\/wp-json\/wp\/v2\/pages\/1835\/revisions"}],"predecessor-version":[{"id":2028,"href":"https:\/\/label.bet\/sk\/wp-json\/wp\/v2\/pages\/1835\/revisions\/2028"}],"wp:attachment":[{"href":"https:\/\/label.bet\/sk\/wp-json\/wp\/v2\/media?parent=1835"}],"curies":[{"name":"wp","href":"https:\/\/api.w.org\/{rel}","templated":true}]}}