{"id":1914,"date":"2026-02-12T17:09:47","date_gmt":"2026-02-12T14:09:47","guid":{"rendered":"https:\/\/label.bet\/sk\/?page_id=1914"},"modified":"2026-03-10T18:36:55","modified_gmt":"2026-03-10T15:36:55","slug":"telegram","status":"publish","type":"page","link":"https:\/\/label.bet\/sk\/telegram\/","title":{"rendered":"Telegram"},"content":{"rendered":"","protected":false},"excerpt":{"rendered":"","protected":false},"author":1,"featured_media":0,"parent":0,"menu_order":0,"comment_status":"closed","ping_status":"closed","template":"","meta":{"_acf_changed":false,"footnotes":""},"class_list":["post-1914","page","type-page","status-publish","hentry"],"acf":[],"yoast_head":"<!-- This site is optimized with the Yoast SEO plugin v26.5 - https:\/\/yoast.com\/wordpress\/plugins\/seo\/ -->\n<title>Telegramov\u00fd kan\u00e1l BetLabel \u2014 bonusy a \u0161portov\u00e9 predpovede<\/title>\n<meta name=\"description\" content=\"Prihl\u00e1ste sa na odber kan\u00e1lu BetLabel Telegram a bu\u010fte medzi prv\u00fdmi, ktor\u00ed dostan\u00fa najnov\u0161ie bonusy, exkluz\u00edvne promo k\u00f3dy, aktu\u00e1lne akcie a predpovede k\u013e\u00fa\u010dov\u00fdch \u0161portov\u00fdch udalost\u00ed.\" \/>\n<meta name=\"robots\" content=\"index, follow, max-snippet:-1, max-image-preview:large, max-video-preview:-1\" \/>\n<meta property=\"og:locale\" content=\"sl_SI\" \/>\n<meta property=\"og:type\" content=\"article\" \/>\n<meta property=\"og:title\" content=\"Telegramov\u00fd kan\u00e1l BetLabel \u2014 bonusy a \u0161portov\u00e9 predpovede\" \/>\n<meta property=\"og:description\" content=\"Prihl\u00e1ste sa na odber kan\u00e1lu BetLabel Telegram a bu\u010fte medzi prv\u00fdmi, ktor\u00ed dostan\u00fa najnov\u0161ie bonusy, exkluz\u00edvne promo k\u00f3dy, aktu\u00e1lne akcie a predpovede k\u013e\u00fa\u010dov\u00fdch \u0161portov\u00fdch udalost\u00ed.\" \/>\n<meta property=\"og:url\" content=\"https:\/\/label.bet\/sk\/telegram\/\" \/>\n<meta property=\"og:site_name\" content=\"BetLabel\" \/>\n<meta property=\"article:modified_time\" content=\"2026-03-10T15:36:55+00:00\" \/>\n<meta name=\"twitter:card\" content=\"summary_large_image\" \/>\n<script type=\"application\/ld+json\" class=\"yoast-schema-graph\">{\"@context\":\"https:\/\/schema.org\",\"@graph\":[{\"@type\":\"WebPage\",\"@id\":\"https:\/\/label.bet\/sk\/telegram\/\",\"url\":\"https:\/\/label.bet\/sk\/telegram\/\",\"name\":\"Telegramov\u00fd kan\u00e1l BetLabel \u2014 bonusy a \u0161portov\u00e9 predpovede\",\"isPartOf\":{\"@id\":\"https:\/\/label.bet\/sk\/#website\"},\"datePublished\":\"2026-02-12T14:09:47+00:00\",\"dateModified\":\"2026-03-10T15:36:55+00:00\",\"description\":\"Prihl\u00e1ste sa na odber kan\u00e1lu BetLabel Telegram a bu\u010fte medzi prv\u00fdmi, ktor\u00ed dostan\u00fa najnov\u0161ie bonusy, exkluz\u00edvne promo k\u00f3dy, aktu\u00e1lne akcie a predpovede k\u013e\u00fa\u010dov\u00fdch \u0161portov\u00fdch udalost\u00ed.\",\"inLanguage\":\"sl-SI\",\"potentialAction\":[{\"@type\":\"ReadAction\",\"target\":[\"https:\/\/label.bet\/sk\/telegram\/\"]}]},{\"@type\":\"WebSite\",\"@id\":\"https:\/\/label.bet\/sk\/#website\",\"url\":\"https:\/\/label.bet\/sk\/\",\"name\":\"BetLabel\",\"description\":\"\",\"potentialAction\":[{\"@type\":\"SearchAction\",\"target\":{\"@type\":\"EntryPoint\",\"urlTemplate\":\"https:\/\/label.bet\/sk\/?s={search_term_string}\"},\"query-input\":{\"@type\":\"PropertyValueSpecification\",\"valueRequired\":true,\"valueName\":\"search_term_string\"}}],\"inLanguage\":\"sl-SI\"}]}<\/script>\n<!-- \/ Yoast SEO plugin. -->","yoast_head_json":{"title":"Telegramov\u00fd kan\u00e1l BetLabel \u2014 bonusy a \u0161portov\u00e9 predpovede","description":"Prihl\u00e1ste sa na odber kan\u00e1lu BetLabel Telegram a bu\u010fte medzi prv\u00fdmi, ktor\u00ed dostan\u00fa najnov\u0161ie bonusy, exkluz\u00edvne promo k\u00f3dy, aktu\u00e1lne akcie a predpovede k\u013e\u00fa\u010dov\u00fdch \u0161portov\u00fdch udalost\u00ed.","robots":{"index":"index","follow":"follow","max-snippet":"max-snippet:-1","max-image-preview":"max-image-preview:large","max-video-preview":"max-video-preview:-1"},"og_locale":"sl_SI","og_type":"article","og_title":"Telegramov\u00fd kan\u00e1l BetLabel \u2014 bonusy a \u0161portov\u00e9 predpovede","og_description":"Prihl\u00e1ste sa na odber kan\u00e1lu BetLabel Telegram a bu\u010fte medzi prv\u00fdmi, ktor\u00ed dostan\u00fa najnov\u0161ie bonusy, exkluz\u00edvne promo k\u00f3dy, aktu\u00e1lne akcie a predpovede k\u013e\u00fa\u010dov\u00fdch \u0161portov\u00fdch udalost\u00ed.","og_url":"https:\/\/label.bet\/sk\/telegram\/","og_site_name":"BetLabel","article_modified_time":"2026-03-10T15:36:55+00:00","twitter_card":"summary_large_image","schema":{"@context":"https:\/\/schema.org","@graph":[{"@type":"WebPage","@id":"https:\/\/label.bet\/sk\/telegram\/","url":"https:\/\/label.bet\/sk\/telegram\/","name":"Telegramov\u00fd kan\u00e1l BetLabel \u2014 bonusy a \u0161portov\u00e9 predpovede","isPartOf":{"@id":"https:\/\/label.bet\/sk\/#website"},"datePublished":"2026-02-12T14:09:47+00:00","dateModified":"2026-03-10T15:36:55+00:00","description":"Prihl\u00e1ste sa na odber kan\u00e1lu BetLabel Telegram a bu\u010fte medzi prv\u00fdmi, ktor\u00ed dostan\u00fa najnov\u0161ie bonusy, exkluz\u00edvne promo k\u00f3dy, aktu\u00e1lne akcie a predpovede k\u013e\u00fa\u010dov\u00fdch \u0161portov\u00fdch udalost\u00ed.","inLanguage":"sl-SI","potentialAction":[{"@type":"ReadAction","target":["https:\/\/label.bet\/sk\/telegram\/"]}]},{"@type":"WebSite","@id":"https:\/\/label.bet\/sk\/#website","url":"https:\/\/label.bet\/sk\/","name":"BetLabel","description":"","potentialAction":[{"@type":"SearchAction","target":{"@type":"EntryPoint","urlTemplate":"https:\/\/label.bet\/sk\/?s={search_term_string}"},"query-input":{"@type":"PropertyValueSpecification","valueRequired":true,"valueName":"search_term_string"}}],"inLanguage":"sl-SI"}]}},"_links":{"self":[{"href":"https:\/\/label.bet\/sk\/wp-json\/wp\/v2\/pages\/1914","targetHints":{"allow":["GET"]}}],"collection":[{"href":"https:\/\/label.bet\/sk\/wp-json\/wp\/v2\/pages"}],"about":[{"href":"https:\/\/label.bet\/sk\/wp-json\/wp\/v2\/types\/page"}],"author":[{"embeddable":true,"href":"https:\/\/label.bet\/sk\/wp-json\/wp\/v2\/users\/1"}],"replies":[{"embeddable":true,"href":"https:\/\/label.bet\/sk\/wp-json\/wp\/v2\/comments?post=1914"}],"version-history":[{"count":3,"href":"https:\/\/label.bet\/sk\/wp-json\/wp\/v2\/pages\/1914\/revisions"}],"predecessor-version":[{"id":2040,"href":"https:\/\/label.bet\/sk\/wp-json\/wp\/v2\/pages\/1914\/revisions\/2040"}],"wp:attachment":[{"href":"https:\/\/label.bet\/sk\/wp-json\/wp\/v2\/media?parent=1914"}],"curies":[{"name":"wp","href":"https:\/\/api.w.org\/{rel}","templated":true}]}}