{"id":1931,"date":"2026-02-27T09:53:57","date_gmt":"2026-02-27T06:53:57","guid":{"rendered":"https:\/\/label.bet\/sk\/?page_id=1931"},"modified":"2026-03-10T18:43:45","modified_gmt":"2026-03-10T15:43:45","slug":"trustpilot","status":"publish","type":"page","link":"https:\/\/label.bet\/sk\/trustpilot\/","title":{"rendered":"Trustpilot"},"content":{"rendered":"","protected":false},"excerpt":{"rendered":"","protected":false},"author":1,"featured_media":0,"parent":0,"menu_order":0,"comment_status":"closed","ping_status":"closed","template":"","meta":{"_acf_changed":false,"footnotes":""},"class_list":["post-1931","page","type-page","status-publish","hentry"],"acf":[],"yoast_head":"<!-- This site is optimized with the Yoast SEO plugin v26.5 - https:\/\/yoast.com\/wordpress\/plugins\/seo\/ -->\n<title>BetLabel Trustpilot \u2014 Skuto\u010dn\u00e9 recenzie hr\u00e1\u010dov<\/title>\n<meta name=\"description\" content=\"BetLabel dost\u00e1va na Trustpilot vo v\u0161eobecnosti pozit\u00edvne recenzie: hr\u00e1\u010di chv\u00e1lia r\u00fdchle v\u00fdplaty, u\u017e\u00edvate\u013esky pr\u00edvetiv\u00e9 rozhranie, osobn\u00fd VIP servis a spravodliv\u00e9 bonusov\u00e9 podmienky, ale niektor\u00e9 recenzie poukazuj\u00fa na \u0165a\u017ekosti s v\u00fdbermi pri pou\u017eit\u00ed ur\u010dit\u00fdch platobn\u00fdch met\u00f3d a kontroverzn\u00e9 situ\u00e1cie t\u00fdkaj\u00face sa overovania.\" \/>\n<meta name=\"robots\" content=\"index, follow, max-snippet:-1, max-image-preview:large, max-video-preview:-1\" \/>\n<meta property=\"og:locale\" content=\"sl_SI\" \/>\n<meta property=\"og:type\" content=\"article\" \/>\n<meta property=\"og:title\" content=\"BetLabel Trustpilot \u2014 Skuto\u010dn\u00e9 recenzie hr\u00e1\u010dov\" \/>\n<meta property=\"og:description\" content=\"BetLabel dost\u00e1va na Trustpilot vo v\u0161eobecnosti pozit\u00edvne recenzie: hr\u00e1\u010di chv\u00e1lia r\u00fdchle v\u00fdplaty, u\u017e\u00edvate\u013esky pr\u00edvetiv\u00e9 rozhranie, osobn\u00fd VIP servis a spravodliv\u00e9 bonusov\u00e9 podmienky, ale niektor\u00e9 recenzie poukazuj\u00fa na \u0165a\u017ekosti s v\u00fdbermi pri pou\u017eit\u00ed ur\u010dit\u00fdch platobn\u00fdch met\u00f3d a kontroverzn\u00e9 situ\u00e1cie t\u00fdkaj\u00face sa overovania.\" \/>\n<meta property=\"og:url\" content=\"https:\/\/label.bet\/sk\/trustpilot\/\" \/>\n<meta property=\"og:site_name\" content=\"BetLabel\" \/>\n<meta property=\"article:modified_time\" content=\"2026-03-10T15:43:45+00:00\" \/>\n<meta name=\"twitter:card\" content=\"summary_large_image\" \/>\n<script type=\"application\/ld+json\" class=\"yoast-schema-graph\">{\"@context\":\"https:\/\/schema.org\",\"@graph\":[{\"@type\":\"WebPage\",\"@id\":\"https:\/\/label.bet\/sk\/trustpilot\/\",\"url\":\"https:\/\/label.bet\/sk\/trustpilot\/\",\"name\":\"BetLabel Trustpilot \u2014 Skuto\u010dn\u00e9 recenzie hr\u00e1\u010dov\",\"isPartOf\":{\"@id\":\"https:\/\/label.bet\/sk\/#website\"},\"datePublished\":\"2026-02-27T06:53:57+00:00\",\"dateModified\":\"2026-03-10T15:43:45+00:00\",\"description\":\"BetLabel dost\u00e1va na Trustpilot vo v\u0161eobecnosti pozit\u00edvne recenzie: hr\u00e1\u010di chv\u00e1lia r\u00fdchle v\u00fdplaty, u\u017e\u00edvate\u013esky pr\u00edvetiv\u00e9 rozhranie, osobn\u00fd VIP servis a spravodliv\u00e9 bonusov\u00e9 podmienky, ale niektor\u00e9 recenzie poukazuj\u00fa na \u0165a\u017ekosti s v\u00fdbermi pri pou\u017eit\u00ed ur\u010dit\u00fdch platobn\u00fdch met\u00f3d a kontroverzn\u00e9 situ\u00e1cie t\u00fdkaj\u00face sa overovania.\",\"inLanguage\":\"sl-SI\",\"potentialAction\":[{\"@type\":\"ReadAction\",\"target\":[\"https:\/\/label.bet\/sk\/trustpilot\/\"]}]},{\"@type\":\"WebSite\",\"@id\":\"https:\/\/label.bet\/sk\/#website\",\"url\":\"https:\/\/label.bet\/sk\/\",\"name\":\"BetLabel\",\"description\":\"\",\"potentialAction\":[{\"@type\":\"SearchAction\",\"target\":{\"@type\":\"EntryPoint\",\"urlTemplate\":\"https:\/\/label.bet\/sk\/?s={search_term_string}\"},\"query-input\":{\"@type\":\"PropertyValueSpecification\",\"valueRequired\":true,\"valueName\":\"search_term_string\"}}],\"inLanguage\":\"sl-SI\"}]}<\/script>\n<!-- \/ Yoast SEO plugin. -->","yoast_head_json":{"title":"BetLabel Trustpilot \u2014 Skuto\u010dn\u00e9 recenzie hr\u00e1\u010dov","description":"BetLabel dost\u00e1va na Trustpilot vo v\u0161eobecnosti pozit\u00edvne recenzie: hr\u00e1\u010di chv\u00e1lia r\u00fdchle v\u00fdplaty, u\u017e\u00edvate\u013esky pr\u00edvetiv\u00e9 rozhranie, osobn\u00fd VIP servis a spravodliv\u00e9 bonusov\u00e9 podmienky, ale niektor\u00e9 recenzie poukazuj\u00fa na \u0165a\u017ekosti s v\u00fdbermi pri pou\u017eit\u00ed ur\u010dit\u00fdch platobn\u00fdch met\u00f3d a kontroverzn\u00e9 situ\u00e1cie t\u00fdkaj\u00face sa overovania.","robots":{"index":"index","follow":"follow","max-snippet":"max-snippet:-1","max-image-preview":"max-image-preview:large","max-video-preview":"max-video-preview:-1"},"og_locale":"sl_SI","og_type":"article","og_title":"BetLabel Trustpilot \u2014 Skuto\u010dn\u00e9 recenzie hr\u00e1\u010dov","og_description":"BetLabel dost\u00e1va na Trustpilot vo v\u0161eobecnosti pozit\u00edvne recenzie: hr\u00e1\u010di chv\u00e1lia r\u00fdchle v\u00fdplaty, u\u017e\u00edvate\u013esky pr\u00edvetiv\u00e9 rozhranie, osobn\u00fd VIP servis a spravodliv\u00e9 bonusov\u00e9 podmienky, ale niektor\u00e9 recenzie poukazuj\u00fa na \u0165a\u017ekosti s v\u00fdbermi pri pou\u017eit\u00ed ur\u010dit\u00fdch platobn\u00fdch met\u00f3d a kontroverzn\u00e9 situ\u00e1cie t\u00fdkaj\u00face sa overovania.","og_url":"https:\/\/label.bet\/sk\/trustpilot\/","og_site_name":"BetLabel","article_modified_time":"2026-03-10T15:43:45+00:00","twitter_card":"summary_large_image","schema":{"@context":"https:\/\/schema.org","@graph":[{"@type":"WebPage","@id":"https:\/\/label.bet\/sk\/trustpilot\/","url":"https:\/\/label.bet\/sk\/trustpilot\/","name":"BetLabel Trustpilot \u2014 Skuto\u010dn\u00e9 recenzie hr\u00e1\u010dov","isPartOf":{"@id":"https:\/\/label.bet\/sk\/#website"},"datePublished":"2026-02-27T06:53:57+00:00","dateModified":"2026-03-10T15:43:45+00:00","description":"BetLabel dost\u00e1va na Trustpilot vo v\u0161eobecnosti pozit\u00edvne recenzie: hr\u00e1\u010di chv\u00e1lia r\u00fdchle v\u00fdplaty, u\u017e\u00edvate\u013esky pr\u00edvetiv\u00e9 rozhranie, osobn\u00fd VIP servis a spravodliv\u00e9 bonusov\u00e9 podmienky, ale niektor\u00e9 recenzie poukazuj\u00fa na \u0165a\u017ekosti s v\u00fdbermi pri pou\u017eit\u00ed ur\u010dit\u00fdch platobn\u00fdch met\u00f3d a kontroverzn\u00e9 situ\u00e1cie t\u00fdkaj\u00face sa overovania.","inLanguage":"sl-SI","potentialAction":[{"@type":"ReadAction","target":["https:\/\/label.bet\/sk\/trustpilot\/"]}]},{"@type":"WebSite","@id":"https:\/\/label.bet\/sk\/#website","url":"https:\/\/label.bet\/sk\/","name":"BetLabel","description":"","potentialAction":[{"@type":"SearchAction","target":{"@type":"EntryPoint","urlTemplate":"https:\/\/label.bet\/sk\/?s={search_term_string}"},"query-input":{"@type":"PropertyValueSpecification","valueRequired":true,"valueName":"search_term_string"}}],"inLanguage":"sl-SI"}]}},"_links":{"self":[{"href":"https:\/\/label.bet\/sk\/wp-json\/wp\/v2\/pages\/1931","targetHints":{"allow":["GET"]}}],"collection":[{"href":"https:\/\/label.bet\/sk\/wp-json\/wp\/v2\/pages"}],"about":[{"href":"https:\/\/label.bet\/sk\/wp-json\/wp\/v2\/types\/page"}],"author":[{"embeddable":true,"href":"https:\/\/label.bet\/sk\/wp-json\/wp\/v2\/users\/1"}],"replies":[{"embeddable":true,"href":"https:\/\/label.bet\/sk\/wp-json\/wp\/v2\/comments?post=1931"}],"version-history":[{"count":5,"href":"https:\/\/label.bet\/sk\/wp-json\/wp\/v2\/pages\/1931\/revisions"}],"predecessor-version":[{"id":2043,"href":"https:\/\/label.bet\/sk\/wp-json\/wp\/v2\/pages\/1931\/revisions\/2043"}],"wp:attachment":[{"href":"https:\/\/label.bet\/sk\/wp-json\/wp\/v2\/media?parent=1931"}],"curies":[{"name":"wp","href":"https:\/\/api.w.org\/{rel}","templated":true}]}}