{"id":1561,"date":"2025-12-26T09:04:18","date_gmt":"2025-12-26T06:04:18","guid":{"rendered":"https:\/\/label.bet\/slovenia\/?page_id=1561"},"modified":"2026-01-06T16:13:31","modified_gmt":"2026-01-06T13:13:31","slug":"casino","status":"publish","type":"page","link":"https:\/\/label.bet\/slovenia\/casino\/","title":{"rendered":"Kazino"},"content":{"rendered":"","protected":false},"excerpt":{"rendered":"","protected":false},"author":1,"featured_media":0,"parent":0,"menu_order":0,"comment_status":"closed","ping_status":"closed","template":"","meta":{"_acf_changed":false,"footnotes":""},"class_list":["post-1561","page","type-page","status-publish","hentry"],"acf":[],"yoast_head":"<!-- This site is optimized with the Yoast SEO plugin v26.5 - https:\/\/yoast.com\/wordpress\/plugins\/seo\/ -->\n<title>Kazino BetLabel \u1409 9000+ igralnih avtomatov, iger, bonus do 1500 \u20ac<\/title>\n<meta name=\"description\" content=\"Spletno kazino BetLabel \u2014 ve\u010d kot 9000 iger, igralnih avtomatov, rulete in oddaj v \u017eivo z resni\u010dnimi delivci. Hitra registracija, dobrodo\u0161el bonus do 1500 \u20ac, dnevne promocije in takoj\u0161nja izpla\u010dila za vse igralce.\" \/>\n<meta name=\"robots\" content=\"index, follow, max-snippet:-1, max-image-preview:large, max-video-preview:-1\" \/>\n<meta property=\"og:locale\" content=\"sl_SI\" \/>\n<meta property=\"og:type\" content=\"article\" \/>\n<meta property=\"og:title\" content=\"Kazino BetLabel \u1409 9000+ igralnih avtomatov, iger, bonus do 1500 \u20ac\" \/>\n<meta property=\"og:description\" content=\"Spletno kazino BetLabel \u2014 ve\u010d kot 9000 iger, igralnih avtomatov, rulete in oddaj v \u017eivo z resni\u010dnimi delivci. Hitra registracija, dobrodo\u0161el bonus do 1500 \u20ac, dnevne promocije in takoj\u0161nja izpla\u010dila za vse igralce.\" \/>\n<meta property=\"og:url\" content=\"https:\/\/label.bet\/slovenia\/casino\/\" \/>\n<meta property=\"og:site_name\" content=\"Betlabel sl\" \/>\n<meta property=\"article:modified_time\" content=\"2026-01-06T13:13:31+00:00\" \/>\n<meta name=\"twitter:card\" content=\"summary_large_image\" \/>\n<script type=\"application\/ld+json\" class=\"yoast-schema-graph\">{\"@context\":\"https:\/\/schema.org\",\"@graph\":[{\"@type\":\"WebPage\",\"@id\":\"https:\/\/label.bet\/slovenia\/casino\/\",\"url\":\"https:\/\/label.bet\/slovenia\/casino\/\",\"name\":\"Kazino BetLabel \u1409 9000+ igralnih avtomatov, iger, bonus do 1500 \u20ac\",\"isPartOf\":{\"@id\":\"https:\/\/label.bet\/slovenia\/#website\"},\"datePublished\":\"2025-12-26T06:04:18+00:00\",\"dateModified\":\"2026-01-06T13:13:31+00:00\",\"description\":\"Spletno kazino BetLabel \u2014 ve\u010d kot 9000 iger, igralnih avtomatov, rulete in oddaj v \u017eivo z resni\u010dnimi delivci. Hitra registracija, dobrodo\u0161el bonus do 1500 \u20ac, dnevne promocije in takoj\u0161nja izpla\u010dila za vse igralce.\",\"inLanguage\":\"sl-SI\",\"potentialAction\":[{\"@type\":\"ReadAction\",\"target\":[\"https:\/\/label.bet\/slovenia\/casino\/\"]}]},{\"@type\":\"WebSite\",\"@id\":\"https:\/\/label.bet\/slovenia\/#website\",\"url\":\"https:\/\/label.bet\/slovenia\/\",\"name\":\"Betlabel sl\",\"description\":\"\",\"potentialAction\":[{\"@type\":\"SearchAction\",\"target\":{\"@type\":\"EntryPoint\",\"urlTemplate\":\"https:\/\/label.bet\/slovenia\/?s={search_term_string}\"},\"query-input\":{\"@type\":\"PropertyValueSpecification\",\"valueRequired\":true,\"valueName\":\"search_term_string\"}}],\"inLanguage\":\"sl-SI\"}]}<\/script>\n<!-- \/ Yoast SEO plugin. -->","yoast_head_json":{"title":"Kazino BetLabel \u1409 9000+ igralnih avtomatov, iger, bonus do 1500 \u20ac","description":"Spletno kazino BetLabel \u2014 ve\u010d kot 9000 iger, igralnih avtomatov, rulete in oddaj v \u017eivo z resni\u010dnimi delivci. Hitra registracija, dobrodo\u0161el bonus do 1500 \u20ac, dnevne promocije in takoj\u0161nja izpla\u010dila za vse igralce.","robots":{"index":"index","follow":"follow","max-snippet":"max-snippet:-1","max-image-preview":"max-image-preview:large","max-video-preview":"max-video-preview:-1"},"og_locale":"sl_SI","og_type":"article","og_title":"Kazino BetLabel \u1409 9000+ igralnih avtomatov, iger, bonus do 1500 \u20ac","og_description":"Spletno kazino BetLabel \u2014 ve\u010d kot 9000 iger, igralnih avtomatov, rulete in oddaj v \u017eivo z resni\u010dnimi delivci. Hitra registracija, dobrodo\u0161el bonus do 1500 \u20ac, dnevne promocije in takoj\u0161nja izpla\u010dila za vse igralce.","og_url":"https:\/\/label.bet\/slovenia\/casino\/","og_site_name":"Betlabel sl","article_modified_time":"2026-01-06T13:13:31+00:00","twitter_card":"summary_large_image","schema":{"@context":"https:\/\/schema.org","@graph":[{"@type":"WebPage","@id":"https:\/\/label.bet\/slovenia\/casino\/","url":"https:\/\/label.bet\/slovenia\/casino\/","name":"Kazino BetLabel \u1409 9000+ igralnih avtomatov, iger, bonus do 1500 \u20ac","isPartOf":{"@id":"https:\/\/label.bet\/slovenia\/#website"},"datePublished":"2025-12-26T06:04:18+00:00","dateModified":"2026-01-06T13:13:31+00:00","description":"Spletno kazino BetLabel \u2014 ve\u010d kot 9000 iger, igralnih avtomatov, rulete in oddaj v \u017eivo z resni\u010dnimi delivci. Hitra registracija, dobrodo\u0161el bonus do 1500 \u20ac, dnevne promocije in takoj\u0161nja izpla\u010dila za vse igralce.","inLanguage":"sl-SI","potentialAction":[{"@type":"ReadAction","target":["https:\/\/label.bet\/slovenia\/casino\/"]}]},{"@type":"WebSite","@id":"https:\/\/label.bet\/slovenia\/#website","url":"https:\/\/label.bet\/slovenia\/","name":"Betlabel sl","description":"","potentialAction":[{"@type":"SearchAction","target":{"@type":"EntryPoint","urlTemplate":"https:\/\/label.bet\/slovenia\/?s={search_term_string}"},"query-input":{"@type":"PropertyValueSpecification","valueRequired":true,"valueName":"search_term_string"}}],"inLanguage":"sl-SI"}]}},"_links":{"self":[{"href":"https:\/\/label.bet\/slovenia\/wp-json\/wp\/v2\/pages\/1561","targetHints":{"allow":["GET"]}}],"collection":[{"href":"https:\/\/label.bet\/slovenia\/wp-json\/wp\/v2\/pages"}],"about":[{"href":"https:\/\/label.bet\/slovenia\/wp-json\/wp\/v2\/types\/page"}],"author":[{"embeddable":true,"href":"https:\/\/label.bet\/slovenia\/wp-json\/wp\/v2\/users\/1"}],"replies":[{"embeddable":true,"href":"https:\/\/label.bet\/slovenia\/wp-json\/wp\/v2\/comments?post=1561"}],"version-history":[{"count":5,"href":"https:\/\/label.bet\/slovenia\/wp-json\/wp\/v2\/pages\/1561\/revisions"}],"predecessor-version":[{"id":1720,"href":"https:\/\/label.bet\/slovenia\/wp-json\/wp\/v2\/pages\/1561\/revisions\/1720"}],"wp:attachment":[{"href":"https:\/\/label.bet\/slovenia\/wp-json\/wp\/v2\/media?parent=1561"}],"curies":[{"name":"wp","href":"https:\/\/api.w.org\/{rel}","templated":true}]}}