{"id":1086,"date":"2025-11-15T16:52:15","date_gmt":"2025-11-15T13:52:15","guid":{"rendered":"https:\/\/label.bet\/tr\/?page_id=1086"},"modified":"2026-02-28T14:34:11","modified_gmt":"2026-02-28T11:34:11","slug":"home","status":"publish","type":"page","link":"https:\/\/label.bet\/tr\/","title":{"rendered":"Ana Sayfa"},"content":{"rendered":"","protected":false},"excerpt":{"rendered":"","protected":false},"author":1,"featured_media":0,"parent":0,"menu_order":0,"comment_status":"closed","ping_status":"closed","template":"","meta":{"_acf_changed":false,"footnotes":""},"class_list":["post-1086","page","type-page","status-publish","hentry"],"acf":[],"yoast_head":"<!-- This site is optimized with the Yoast SEO plugin v26.5 - https:\/\/yoast.com\/wordpress\/plugins\/seo\/ -->\n<title>Spor Bahisleri ve En \u0130yi Oranlar \u2014 Bet Label \u2014 Nisan 2026<\/title>\n<meta name=\"description\" content=\"Betlabel, aktif bahis\u00e7iler i\u00e7in rekabet\u00e7i oranlar, geni\u015f pazar kapsam\u0131, h\u0131zl\u0131 bahis yerle\u015ftirme ve sorunsuz bir deneyim sunarak b\u00fcy\u00fck ligler ve k\u00fcresel etkinliklerde spor bahisleri sunmaktad\u0131r.\" \/>\n<meta name=\"robots\" content=\"index, follow, max-snippet:-1, max-image-preview:large, max-video-preview:-1\" \/>\n<link rel=\"canonical\" href=\"https:\/\/label.bet\/tr\/\" \/>\n<meta property=\"og:locale\" content=\"tr_TR\" \/>\n<meta property=\"og:type\" content=\"article\" \/>\n<meta property=\"og:title\" content=\"Spor Bahisleri ve En \u0130yi Oranlar \u2014 Bet Label \u2014 Nisan 2026\" \/>\n<meta property=\"og:description\" content=\"Betlabel, aktif bahis\u00e7iler i\u00e7in rekabet\u00e7i oranlar, geni\u015f pazar kapsam\u0131, h\u0131zl\u0131 bahis yerle\u015ftirme ve sorunsuz bir deneyim sunarak b\u00fcy\u00fck ligler ve k\u00fcresel etkinliklerde spor bahisleri sunmaktad\u0131r.\" \/>\n<meta property=\"og:url\" content=\"https:\/\/label.bet\/tr\/\" \/>\n<meta property=\"og:site_name\" content=\"Betlabel tr\" \/>\n<meta property=\"article:modified_time\" content=\"2026-02-28T11:34:11+00:00\" \/>\n<meta name=\"twitter:card\" content=\"summary_large_image\" \/>\n<script type=\"application\/ld+json\" class=\"yoast-schema-graph\">{\"@context\":\"https:\/\/schema.org\",\"@graph\":[{\"@type\":\"WebPage\",\"@id\":\"https:\/\/label.bet\/tr\/\",\"url\":\"https:\/\/label.bet\/tr\/\",\"name\":\"Spor Bahisleri ve En \u0130yi Oranlar \u2014 Bet Label \u2014 Nisan 2026\",\"isPartOf\":{\"@id\":\"https:\/\/label.bet\/tr\/#website\"},\"datePublished\":\"2025-11-15T13:52:15+00:00\",\"dateModified\":\"2026-02-28T11:34:11+00:00\",\"description\":\"Betlabel, aktif bahis\u00e7iler i\u00e7in rekabet\u00e7i oranlar, geni\u015f pazar kapsam\u0131, h\u0131zl\u0131 bahis yerle\u015ftirme ve sorunsuz bir deneyim sunarak b\u00fcy\u00fck ligler ve k\u00fcresel etkinliklerde spor bahisleri sunmaktad\u0131r.\",\"inLanguage\":\"tr\",\"potentialAction\":[{\"@type\":\"ReadAction\",\"target\":[\"https:\/\/label.bet\/tr\/\"]}]},{\"@type\":\"WebSite\",\"@id\":\"https:\/\/label.bet\/tr\/#website\",\"url\":\"https:\/\/label.bet\/tr\/\",\"name\":\"Betlabel tr\",\"description\":\"\",\"potentialAction\":[{\"@type\":\"SearchAction\",\"target\":{\"@type\":\"EntryPoint\",\"urlTemplate\":\"https:\/\/label.bet\/tr\/?s={search_term_string}\"},\"query-input\":{\"@type\":\"PropertyValueSpecification\",\"valueRequired\":true,\"valueName\":\"search_term_string\"}}],\"inLanguage\":\"tr\"}]}<\/script>\n<!-- \/ Yoast SEO plugin. -->","yoast_head_json":{"title":"Spor Bahisleri ve En \u0130yi Oranlar \u2014 Bet Label \u2014 Nisan 2026","description":"Betlabel, aktif bahis\u00e7iler i\u00e7in rekabet\u00e7i oranlar, geni\u015f pazar kapsam\u0131, h\u0131zl\u0131 bahis yerle\u015ftirme ve sorunsuz bir deneyim sunarak b\u00fcy\u00fck ligler ve k\u00fcresel etkinliklerde spor bahisleri sunmaktad\u0131r.","robots":{"index":"index","follow":"follow","max-snippet":"max-snippet:-1","max-image-preview":"max-image-preview:large","max-video-preview":"max-video-preview:-1"},"canonical":"https:\/\/label.bet\/tr\/","og_locale":"tr_TR","og_type":"article","og_title":"Spor Bahisleri ve En \u0130yi Oranlar \u2014 Bet Label \u2014 Nisan 2026","og_description":"Betlabel, aktif bahis\u00e7iler i\u00e7in rekabet\u00e7i oranlar, geni\u015f pazar kapsam\u0131, h\u0131zl\u0131 bahis yerle\u015ftirme ve sorunsuz bir deneyim sunarak b\u00fcy\u00fck ligler ve k\u00fcresel etkinliklerde spor bahisleri sunmaktad\u0131r.","og_url":"https:\/\/label.bet\/tr\/","og_site_name":"Betlabel tr","article_modified_time":"2026-02-28T11:34:11+00:00","twitter_card":"summary_large_image","schema":{"@context":"https:\/\/schema.org","@graph":[{"@type":"WebPage","@id":"https:\/\/label.bet\/tr\/","url":"https:\/\/label.bet\/tr\/","name":"Spor Bahisleri ve En \u0130yi Oranlar \u2014 Bet Label \u2014 Nisan 2026","isPartOf":{"@id":"https:\/\/label.bet\/tr\/#website"},"datePublished":"2025-11-15T13:52:15+00:00","dateModified":"2026-02-28T11:34:11+00:00","description":"Betlabel, aktif bahis\u00e7iler i\u00e7in rekabet\u00e7i oranlar, geni\u015f pazar kapsam\u0131, h\u0131zl\u0131 bahis yerle\u015ftirme ve sorunsuz bir deneyim sunarak b\u00fcy\u00fck ligler ve k\u00fcresel etkinliklerde spor bahisleri sunmaktad\u0131r.","inLanguage":"tr","potentialAction":[{"@type":"ReadAction","target":["https:\/\/label.bet\/tr\/"]}]},{"@type":"WebSite","@id":"https:\/\/label.bet\/tr\/#website","url":"https:\/\/label.bet\/tr\/","name":"Betlabel tr","description":"","potentialAction":[{"@type":"SearchAction","target":{"@type":"EntryPoint","urlTemplate":"https:\/\/label.bet\/tr\/?s={search_term_string}"},"query-input":{"@type":"PropertyValueSpecification","valueRequired":true,"valueName":"search_term_string"}}],"inLanguage":"tr"}]}},"_links":{"self":[{"href":"https:\/\/label.bet\/tr\/wp-json\/wp\/v2\/pages\/1086","targetHints":{"allow":["GET"]}}],"collection":[{"href":"https:\/\/label.bet\/tr\/wp-json\/wp\/v2\/pages"}],"about":[{"href":"https:\/\/label.bet\/tr\/wp-json\/wp\/v2\/types\/page"}],"author":[{"embeddable":true,"href":"https:\/\/label.bet\/tr\/wp-json\/wp\/v2\/users\/1"}],"replies":[{"embeddable":true,"href":"https:\/\/label.bet\/tr\/wp-json\/wp\/v2\/comments?post=1086"}],"version-history":[{"count":5,"href":"https:\/\/label.bet\/tr\/wp-json\/wp\/v2\/pages\/1086\/revisions"}],"predecessor-version":[{"id":1983,"href":"https:\/\/label.bet\/tr\/wp-json\/wp\/v2\/pages\/1086\/revisions\/1983"}],"wp:attachment":[{"href":"https:\/\/label.bet\/tr\/wp-json\/wp\/v2\/media?parent=1086"}],"curies":[{"name":"wp","href":"https:\/\/api.w.org\/{rel}","templated":true}]}}