{"id":1503,"date":"2025-12-23T14:01:33","date_gmt":"2025-12-23T11:01:33","guid":{"rendered":"https:\/\/label.bet\/tr\/?page_id=1503"},"modified":"2026-02-27T19:56:11","modified_gmt":"2026-02-27T16:56:11","slug":"app","status":"publish","type":"page","link":"https:\/\/label.bet\/tr\/app\/","title":{"rendered":"Uygulama"},"content":{"rendered":"","protected":false},"excerpt":{"rendered":"","protected":false},"author":1,"featured_media":0,"parent":0,"menu_order":0,"comment_status":"closed","ping_status":"closed","template":"","meta":{"_acf_changed":false,"footnotes":""},"class_list":["post-1503","page","type-page","status-publish","hentry"],"acf":[],"yoast_head":"<!-- This site is optimized with the Yoast SEO plugin v26.5 - https:\/\/yoast.com\/wordpress\/plugins\/seo\/ -->\n<title>BetLabel Uygulamas\u0131 \u1409 Android ve iOS i\u00e7in \u00fccretsiz indirin<\/title>\n<meta name=\"description\" content=\"Android ve iOS i\u00e7in BetLabel uygulamas\u0131n\u0131 indirin ve telefonunuzdan spor bahislerine ve \u00e7evrimi\u00e7i casino oyunlar\u0131na tam eri\u015fim sa\u011flay\u0131n. Kullan\u0131\u015fl\u0131 APK, h\u0131zl\u0131 giri\u015f, yeni oyuncular i\u00e7in bonus ve 24 saat destek.\" \/>\n<meta name=\"robots\" content=\"index, follow, max-snippet:-1, max-image-preview:large, max-video-preview:-1\" \/>\n<link rel=\"canonical\" href=\"https:\/\/label.bet\/tr\/app\/\" \/>\n<meta property=\"og:locale\" content=\"tr_TR\" \/>\n<meta property=\"og:type\" content=\"article\" \/>\n<meta property=\"og:title\" content=\"BetLabel Uygulamas\u0131 \u1409 Android ve iOS i\u00e7in \u00fccretsiz indirin\" \/>\n<meta property=\"og:description\" content=\"Android ve iOS i\u00e7in BetLabel uygulamas\u0131n\u0131 indirin ve telefonunuzdan spor bahislerine ve \u00e7evrimi\u00e7i casino oyunlar\u0131na tam eri\u015fim sa\u011flay\u0131n. Kullan\u0131\u015fl\u0131 APK, h\u0131zl\u0131 giri\u015f, yeni oyuncular i\u00e7in bonus ve 24 saat destek.\" \/>\n<meta property=\"og:url\" content=\"https:\/\/label.bet\/tr\/app\/\" \/>\n<meta property=\"og:site_name\" content=\"Betlabel tr\" \/>\n<meta property=\"article:modified_time\" content=\"2026-02-27T16:56:11+00:00\" \/>\n<meta name=\"twitter:card\" content=\"summary_large_image\" \/>\n<script type=\"application\/ld+json\" class=\"yoast-schema-graph\">{\"@context\":\"https:\/\/schema.org\",\"@graph\":[{\"@type\":\"WebPage\",\"@id\":\"https:\/\/label.bet\/tr\/app\/\",\"url\":\"https:\/\/label.bet\/tr\/app\/\",\"name\":\"BetLabel Uygulamas\u0131 \u1409 Android ve iOS i\u00e7in \u00fccretsiz indirin\",\"isPartOf\":{\"@id\":\"https:\/\/label.bet\/tr\/#website\"},\"datePublished\":\"2025-12-23T11:01:33+00:00\",\"dateModified\":\"2026-02-27T16:56:11+00:00\",\"description\":\"Android ve iOS i\u00e7in BetLabel uygulamas\u0131n\u0131 indirin ve telefonunuzdan spor bahislerine ve \u00e7evrimi\u00e7i casino oyunlar\u0131na tam eri\u015fim sa\u011flay\u0131n. Kullan\u0131\u015fl\u0131 APK, h\u0131zl\u0131 giri\u015f, yeni oyuncular i\u00e7in bonus ve 24 saat destek.\",\"inLanguage\":\"tr\",\"potentialAction\":[{\"@type\":\"ReadAction\",\"target\":[\"https:\/\/label.bet\/tr\/app\/\"]}]},{\"@type\":\"WebSite\",\"@id\":\"https:\/\/label.bet\/tr\/#website\",\"url\":\"https:\/\/label.bet\/tr\/\",\"name\":\"Betlabel tr\",\"description\":\"\",\"potentialAction\":[{\"@type\":\"SearchAction\",\"target\":{\"@type\":\"EntryPoint\",\"urlTemplate\":\"https:\/\/label.bet\/tr\/?s={search_term_string}\"},\"query-input\":{\"@type\":\"PropertyValueSpecification\",\"valueRequired\":true,\"valueName\":\"search_term_string\"}}],\"inLanguage\":\"tr\"}]}<\/script>\n<!-- \/ Yoast SEO plugin. -->","yoast_head_json":{"title":"BetLabel Uygulamas\u0131 \u1409 Android ve iOS i\u00e7in \u00fccretsiz indirin","description":"Android ve iOS i\u00e7in BetLabel uygulamas\u0131n\u0131 indirin ve telefonunuzdan spor bahislerine ve \u00e7evrimi\u00e7i casino oyunlar\u0131na tam eri\u015fim sa\u011flay\u0131n. Kullan\u0131\u015fl\u0131 APK, h\u0131zl\u0131 giri\u015f, yeni oyuncular i\u00e7in bonus ve 24 saat destek.","robots":{"index":"index","follow":"follow","max-snippet":"max-snippet:-1","max-image-preview":"max-image-preview:large","max-video-preview":"max-video-preview:-1"},"canonical":"https:\/\/label.bet\/tr\/app\/","og_locale":"tr_TR","og_type":"article","og_title":"BetLabel Uygulamas\u0131 \u1409 Android ve iOS i\u00e7in \u00fccretsiz indirin","og_description":"Android ve iOS i\u00e7in BetLabel uygulamas\u0131n\u0131 indirin ve telefonunuzdan spor bahislerine ve \u00e7evrimi\u00e7i casino oyunlar\u0131na tam eri\u015fim sa\u011flay\u0131n. Kullan\u0131\u015fl\u0131 APK, h\u0131zl\u0131 giri\u015f, yeni oyuncular i\u00e7in bonus ve 24 saat destek.","og_url":"https:\/\/label.bet\/tr\/app\/","og_site_name":"Betlabel tr","article_modified_time":"2026-02-27T16:56:11+00:00","twitter_card":"summary_large_image","schema":{"@context":"https:\/\/schema.org","@graph":[{"@type":"WebPage","@id":"https:\/\/label.bet\/tr\/app\/","url":"https:\/\/label.bet\/tr\/app\/","name":"BetLabel Uygulamas\u0131 \u1409 Android ve iOS i\u00e7in \u00fccretsiz indirin","isPartOf":{"@id":"https:\/\/label.bet\/tr\/#website"},"datePublished":"2025-12-23T11:01:33+00:00","dateModified":"2026-02-27T16:56:11+00:00","description":"Android ve iOS i\u00e7in BetLabel uygulamas\u0131n\u0131 indirin ve telefonunuzdan spor bahislerine ve \u00e7evrimi\u00e7i casino oyunlar\u0131na tam eri\u015fim sa\u011flay\u0131n. Kullan\u0131\u015fl\u0131 APK, h\u0131zl\u0131 giri\u015f, yeni oyuncular i\u00e7in bonus ve 24 saat destek.","inLanguage":"tr","potentialAction":[{"@type":"ReadAction","target":["https:\/\/label.bet\/tr\/app\/"]}]},{"@type":"WebSite","@id":"https:\/\/label.bet\/tr\/#website","url":"https:\/\/label.bet\/tr\/","name":"Betlabel tr","description":"","potentialAction":[{"@type":"SearchAction","target":{"@type":"EntryPoint","urlTemplate":"https:\/\/label.bet\/tr\/?s={search_term_string}"},"query-input":{"@type":"PropertyValueSpecification","valueRequired":true,"valueName":"search_term_string"}}],"inLanguage":"tr"}]}},"_links":{"self":[{"href":"https:\/\/label.bet\/tr\/wp-json\/wp\/v2\/pages\/1503","targetHints":{"allow":["GET"]}}],"collection":[{"href":"https:\/\/label.bet\/tr\/wp-json\/wp\/v2\/pages"}],"about":[{"href":"https:\/\/label.bet\/tr\/wp-json\/wp\/v2\/types\/page"}],"author":[{"embeddable":true,"href":"https:\/\/label.bet\/tr\/wp-json\/wp\/v2\/users\/1"}],"replies":[{"embeddable":true,"href":"https:\/\/label.bet\/tr\/wp-json\/wp\/v2\/comments?post=1503"}],"version-history":[{"count":5,"href":"https:\/\/label.bet\/tr\/wp-json\/wp\/v2\/pages\/1503\/revisions"}],"predecessor-version":[{"id":1970,"href":"https:\/\/label.bet\/tr\/wp-json\/wp\/v2\/pages\/1503\/revisions\/1970"}],"wp:attachment":[{"href":"https:\/\/label.bet\/tr\/wp-json\/wp\/v2\/media?parent=1503"}],"curies":[{"name":"wp","href":"https:\/\/api.w.org\/{rel}","templated":true}]}}