{"id":1561,"date":"2025-12-26T09:04:18","date_gmt":"2025-12-26T06:04:18","guid":{"rendered":"https:\/\/label.bet\/tr\/?page_id=1561"},"modified":"2026-02-27T20:38:03","modified_gmt":"2026-02-27T17:38:03","slug":"casino","status":"publish","type":"page","link":"https:\/\/label.bet\/tr\/casino\/","title":{"rendered":"Kumarhane"},"content":{"rendered":"","protected":false},"excerpt":{"rendered":"","protected":false},"author":1,"featured_media":0,"parent":0,"menu_order":0,"comment_status":"closed","ping_status":"closed","template":"","meta":{"_acf_changed":false,"footnotes":""},"class_list":["post-1561","page","type-page","status-publish","hentry"],"acf":[],"yoast_head":"<!-- This site is optimized with the Yoast SEO plugin v26.5 - https:\/\/yoast.com\/wordpress\/plugins\/seo\/ -->\n<title>BetLabel Casino \u1409 9000&#039;den fazla slot, canl\u0131 oyunlar, kadar bonus<\/title>\n<meta name=\"description\" content=\"BetLabel \u00e7evrimi\u00e7i kumarhane \u2014 9.000&#039;den fazla oyun, slot, rulet ve ger\u00e7ek krupiye ile canl\u0131 \u015fovlar. H\u0131zl\u0131 kay\u0131t, ho\u015f geldin bonusu, g\u00fcnl\u00fck promosyonlar ve t\u00fcm oyuncular i\u00e7in an\u0131nda \u00f6deme.\" \/>\n<meta name=\"robots\" content=\"index, follow, max-snippet:-1, max-image-preview:large, max-video-preview:-1\" \/>\n<link rel=\"canonical\" href=\"https:\/\/label.bet\/tr\/casino\/\" \/>\n<meta property=\"og:locale\" content=\"tr_TR\" \/>\n<meta property=\"og:type\" content=\"article\" \/>\n<meta property=\"og:title\" content=\"BetLabel Casino \u1409 9000&#039;den fazla slot, canl\u0131 oyunlar, kadar bonus\" \/>\n<meta property=\"og:description\" content=\"BetLabel \u00e7evrimi\u00e7i kumarhane \u2014 9.000&#039;den fazla oyun, slot, rulet ve ger\u00e7ek krupiye ile canl\u0131 \u015fovlar. H\u0131zl\u0131 kay\u0131t, ho\u015f geldin bonusu, g\u00fcnl\u00fck promosyonlar ve t\u00fcm oyuncular i\u00e7in an\u0131nda \u00f6deme.\" \/>\n<meta property=\"og:url\" content=\"https:\/\/label.bet\/tr\/casino\/\" \/>\n<meta property=\"og:site_name\" content=\"Betlabel tr\" \/>\n<meta property=\"article:modified_time\" content=\"2026-02-27T17:38:03+00:00\" \/>\n<meta name=\"twitter:card\" content=\"summary_large_image\" \/>\n<script type=\"application\/ld+json\" class=\"yoast-schema-graph\">{\"@context\":\"https:\/\/schema.org\",\"@graph\":[{\"@type\":\"WebPage\",\"@id\":\"https:\/\/label.bet\/tr\/casino\/\",\"url\":\"https:\/\/label.bet\/tr\/casino\/\",\"name\":\"BetLabel Casino \u1409 9000'den fazla slot, canl\u0131 oyunlar, kadar bonus\",\"isPartOf\":{\"@id\":\"https:\/\/label.bet\/tr\/#website\"},\"datePublished\":\"2025-12-26T06:04:18+00:00\",\"dateModified\":\"2026-02-27T17:38:03+00:00\",\"description\":\"BetLabel \u00e7evrimi\u00e7i kumarhane \u2014 9.000'den fazla oyun, slot, rulet ve ger\u00e7ek krupiye ile canl\u0131 \u015fovlar. H\u0131zl\u0131 kay\u0131t, ho\u015f geldin bonusu, g\u00fcnl\u00fck promosyonlar ve t\u00fcm oyuncular i\u00e7in an\u0131nda \u00f6deme.\",\"inLanguage\":\"tr\",\"potentialAction\":[{\"@type\":\"ReadAction\",\"target\":[\"https:\/\/label.bet\/tr\/casino\/\"]}]},{\"@type\":\"WebSite\",\"@id\":\"https:\/\/label.bet\/tr\/#website\",\"url\":\"https:\/\/label.bet\/tr\/\",\"name\":\"Betlabel tr\",\"description\":\"\",\"potentialAction\":[{\"@type\":\"SearchAction\",\"target\":{\"@type\":\"EntryPoint\",\"urlTemplate\":\"https:\/\/label.bet\/tr\/?s={search_term_string}\"},\"query-input\":{\"@type\":\"PropertyValueSpecification\",\"valueRequired\":true,\"valueName\":\"search_term_string\"}}],\"inLanguage\":\"tr\"}]}<\/script>\n<!-- \/ Yoast SEO plugin. -->","yoast_head_json":{"title":"BetLabel Casino \u1409 9000'den fazla slot, canl\u0131 oyunlar, kadar bonus","description":"BetLabel \u00e7evrimi\u00e7i kumarhane \u2014 9.000'den fazla oyun, slot, rulet ve ger\u00e7ek krupiye ile canl\u0131 \u015fovlar. H\u0131zl\u0131 kay\u0131t, ho\u015f geldin bonusu, g\u00fcnl\u00fck promosyonlar ve t\u00fcm oyuncular i\u00e7in an\u0131nda \u00f6deme.","robots":{"index":"index","follow":"follow","max-snippet":"max-snippet:-1","max-image-preview":"max-image-preview:large","max-video-preview":"max-video-preview:-1"},"canonical":"https:\/\/label.bet\/tr\/casino\/","og_locale":"tr_TR","og_type":"article","og_title":"BetLabel Casino \u1409 9000'den fazla slot, canl\u0131 oyunlar, kadar bonus","og_description":"BetLabel \u00e7evrimi\u00e7i kumarhane \u2014 9.000'den fazla oyun, slot, rulet ve ger\u00e7ek krupiye ile canl\u0131 \u015fovlar. H\u0131zl\u0131 kay\u0131t, ho\u015f geldin bonusu, g\u00fcnl\u00fck promosyonlar ve t\u00fcm oyuncular i\u00e7in an\u0131nda \u00f6deme.","og_url":"https:\/\/label.bet\/tr\/casino\/","og_site_name":"Betlabel tr","article_modified_time":"2026-02-27T17:38:03+00:00","twitter_card":"summary_large_image","schema":{"@context":"https:\/\/schema.org","@graph":[{"@type":"WebPage","@id":"https:\/\/label.bet\/tr\/casino\/","url":"https:\/\/label.bet\/tr\/casino\/","name":"BetLabel Casino \u1409 9000'den fazla slot, canl\u0131 oyunlar, kadar bonus","isPartOf":{"@id":"https:\/\/label.bet\/tr\/#website"},"datePublished":"2025-12-26T06:04:18+00:00","dateModified":"2026-02-27T17:38:03+00:00","description":"BetLabel \u00e7evrimi\u00e7i kumarhane \u2014 9.000'den fazla oyun, slot, rulet ve ger\u00e7ek krupiye ile canl\u0131 \u015fovlar. H\u0131zl\u0131 kay\u0131t, ho\u015f geldin bonusu, g\u00fcnl\u00fck promosyonlar ve t\u00fcm oyuncular i\u00e7in an\u0131nda \u00f6deme.","inLanguage":"tr","potentialAction":[{"@type":"ReadAction","target":["https:\/\/label.bet\/tr\/casino\/"]}]},{"@type":"WebSite","@id":"https:\/\/label.bet\/tr\/#website","url":"https:\/\/label.bet\/tr\/","name":"Betlabel tr","description":"","potentialAction":[{"@type":"SearchAction","target":{"@type":"EntryPoint","urlTemplate":"https:\/\/label.bet\/tr\/?s={search_term_string}"},"query-input":{"@type":"PropertyValueSpecification","valueRequired":true,"valueName":"search_term_string"}}],"inLanguage":"tr"}]}},"_links":{"self":[{"href":"https:\/\/label.bet\/tr\/wp-json\/wp\/v2\/pages\/1561","targetHints":{"allow":["GET"]}}],"collection":[{"href":"https:\/\/label.bet\/tr\/wp-json\/wp\/v2\/pages"}],"about":[{"href":"https:\/\/label.bet\/tr\/wp-json\/wp\/v2\/types\/page"}],"author":[{"embeddable":true,"href":"https:\/\/label.bet\/tr\/wp-json\/wp\/v2\/users\/1"}],"replies":[{"embeddable":true,"href":"https:\/\/label.bet\/tr\/wp-json\/wp\/v2\/comments?post=1561"}],"version-history":[{"count":5,"href":"https:\/\/label.bet\/tr\/wp-json\/wp\/v2\/pages\/1561\/revisions"}],"predecessor-version":[{"id":1974,"href":"https:\/\/label.bet\/tr\/wp-json\/wp\/v2\/pages\/1561\/revisions\/1974"}],"wp:attachment":[{"href":"https:\/\/label.bet\/tr\/wp-json\/wp\/v2\/media?parent=1561"}],"curies":[{"name":"wp","href":"https:\/\/api.w.org\/{rel}","templated":true}]}}