{"id":1629,"date":"2025-12-29T16:26:05","date_gmt":"2025-12-29T13:26:05","guid":{"rendered":"https:\/\/label.bet\/tr\/?page_id=1629"},"modified":"2026-02-28T16:21:54","modified_gmt":"2026-02-28T13:21:54","slug":"promo-code","status":"publish","type":"page","link":"https:\/\/label.bet\/tr\/promo-code\/","title":{"rendered":"Promosyon Kodu"},"content":{"rendered":"","protected":false},"excerpt":{"rendered":"","protected":false},"author":1,"featured_media":0,"parent":0,"menu_order":0,"comment_status":"closed","ping_status":"closed","template":"","meta":{"_acf_changed":false,"footnotes":""},"class_list":["post-1629","page","type-page","status-publish","hentry"],"acf":[],"yoast_head":"<!-- This site is optimized with the Yoast SEO plugin v26.5 - https:\/\/yoast.com\/wordpress\/plugins\/seo\/ -->\n<title>BetLabel Promosyon Kodu \u1409 Kay\u0131t i\u00e7in G\u00fcncel Bonus Kodu<\/title>\n<meta name=\"description\" content=\"Yeni oyuncular i\u00e7in ge\u00e7erli BetLabel promosyon kodu: kay\u0131t bonusu, \u00fccretsiz bahisler ve bahis ve kumarhane i\u00e7in ek avantajlar. Bonus kodunu do\u011fru \u015fekilde nas\u0131l etkinle\u015ftirece\u011finizi \u00f6\u011frenin.\" \/>\n<meta name=\"robots\" content=\"index, follow, max-snippet:-1, max-image-preview:large, max-video-preview:-1\" \/>\n<link rel=\"canonical\" href=\"https:\/\/label.bet\/tr\/promo-code\/\" \/>\n<meta property=\"og:locale\" content=\"tr_TR\" \/>\n<meta property=\"og:type\" content=\"article\" \/>\n<meta property=\"og:title\" content=\"BetLabel Promosyon Kodu \u1409 Kay\u0131t i\u00e7in G\u00fcncel Bonus Kodu\" \/>\n<meta property=\"og:description\" content=\"Yeni oyuncular i\u00e7in ge\u00e7erli BetLabel promosyon kodu: kay\u0131t bonusu, \u00fccretsiz bahisler ve bahis ve kumarhane i\u00e7in ek avantajlar. Bonus kodunu do\u011fru \u015fekilde nas\u0131l etkinle\u015ftirece\u011finizi \u00f6\u011frenin.\" \/>\n<meta property=\"og:url\" content=\"https:\/\/label.bet\/tr\/promo-code\/\" \/>\n<meta property=\"og:site_name\" content=\"Betlabel tr\" \/>\n<meta property=\"article:modified_time\" content=\"2026-02-28T13:21:54+00:00\" \/>\n<meta name=\"twitter:card\" content=\"summary_large_image\" \/>\n<script type=\"application\/ld+json\" class=\"yoast-schema-graph\">{\"@context\":\"https:\/\/schema.org\",\"@graph\":[{\"@type\":\"WebPage\",\"@id\":\"https:\/\/label.bet\/tr\/promo-code\/\",\"url\":\"https:\/\/label.bet\/tr\/promo-code\/\",\"name\":\"BetLabel Promosyon Kodu \u1409 Kay\u0131t i\u00e7in G\u00fcncel Bonus Kodu\",\"isPartOf\":{\"@id\":\"https:\/\/label.bet\/tr\/#website\"},\"datePublished\":\"2025-12-29T13:26:05+00:00\",\"dateModified\":\"2026-02-28T13:21:54+00:00\",\"description\":\"Yeni oyuncular i\u00e7in ge\u00e7erli BetLabel promosyon kodu: kay\u0131t bonusu, \u00fccretsiz bahisler ve bahis ve kumarhane i\u00e7in ek avantajlar. Bonus kodunu do\u011fru \u015fekilde nas\u0131l etkinle\u015ftirece\u011finizi \u00f6\u011frenin.\",\"inLanguage\":\"tr\",\"potentialAction\":[{\"@type\":\"ReadAction\",\"target\":[\"https:\/\/label.bet\/tr\/promo-code\/\"]}]},{\"@type\":\"WebSite\",\"@id\":\"https:\/\/label.bet\/tr\/#website\",\"url\":\"https:\/\/label.bet\/tr\/\",\"name\":\"Betlabel tr\",\"description\":\"\",\"potentialAction\":[{\"@type\":\"SearchAction\",\"target\":{\"@type\":\"EntryPoint\",\"urlTemplate\":\"https:\/\/label.bet\/tr\/?s={search_term_string}\"},\"query-input\":{\"@type\":\"PropertyValueSpecification\",\"valueRequired\":true,\"valueName\":\"search_term_string\"}}],\"inLanguage\":\"tr\"}]}<\/script>\n<!-- \/ Yoast SEO plugin. -->","yoast_head_json":{"title":"BetLabel Promosyon Kodu \u1409 Kay\u0131t i\u00e7in G\u00fcncel Bonus Kodu","description":"Yeni oyuncular i\u00e7in ge\u00e7erli BetLabel promosyon kodu: kay\u0131t bonusu, \u00fccretsiz bahisler ve bahis ve kumarhane i\u00e7in ek avantajlar. Bonus kodunu do\u011fru \u015fekilde nas\u0131l etkinle\u015ftirece\u011finizi \u00f6\u011frenin.","robots":{"index":"index","follow":"follow","max-snippet":"max-snippet:-1","max-image-preview":"max-image-preview:large","max-video-preview":"max-video-preview:-1"},"canonical":"https:\/\/label.bet\/tr\/promo-code\/","og_locale":"tr_TR","og_type":"article","og_title":"BetLabel Promosyon Kodu \u1409 Kay\u0131t i\u00e7in G\u00fcncel Bonus Kodu","og_description":"Yeni oyuncular i\u00e7in ge\u00e7erli BetLabel promosyon kodu: kay\u0131t bonusu, \u00fccretsiz bahisler ve bahis ve kumarhane i\u00e7in ek avantajlar. Bonus kodunu do\u011fru \u015fekilde nas\u0131l etkinle\u015ftirece\u011finizi \u00f6\u011frenin.","og_url":"https:\/\/label.bet\/tr\/promo-code\/","og_site_name":"Betlabel tr","article_modified_time":"2026-02-28T13:21:54+00:00","twitter_card":"summary_large_image","schema":{"@context":"https:\/\/schema.org","@graph":[{"@type":"WebPage","@id":"https:\/\/label.bet\/tr\/promo-code\/","url":"https:\/\/label.bet\/tr\/promo-code\/","name":"BetLabel Promosyon Kodu \u1409 Kay\u0131t i\u00e7in G\u00fcncel Bonus Kodu","isPartOf":{"@id":"https:\/\/label.bet\/tr\/#website"},"datePublished":"2025-12-29T13:26:05+00:00","dateModified":"2026-02-28T13:21:54+00:00","description":"Yeni oyuncular i\u00e7in ge\u00e7erli BetLabel promosyon kodu: kay\u0131t bonusu, \u00fccretsiz bahisler ve bahis ve kumarhane i\u00e7in ek avantajlar. Bonus kodunu do\u011fru \u015fekilde nas\u0131l etkinle\u015ftirece\u011finizi \u00f6\u011frenin.","inLanguage":"tr","potentialAction":[{"@type":"ReadAction","target":["https:\/\/label.bet\/tr\/promo-code\/"]}]},{"@type":"WebSite","@id":"https:\/\/label.bet\/tr\/#website","url":"https:\/\/label.bet\/tr\/","name":"Betlabel tr","description":"","potentialAction":[{"@type":"SearchAction","target":{"@type":"EntryPoint","urlTemplate":"https:\/\/label.bet\/tr\/?s={search_term_string}"},"query-input":{"@type":"PropertyValueSpecification","valueRequired":true,"valueName":"search_term_string"}}],"inLanguage":"tr"}]}},"_links":{"self":[{"href":"https:\/\/label.bet\/tr\/wp-json\/wp\/v2\/pages\/1629","targetHints":{"allow":["GET"]}}],"collection":[{"href":"https:\/\/label.bet\/tr\/wp-json\/wp\/v2\/pages"}],"about":[{"href":"https:\/\/label.bet\/tr\/wp-json\/wp\/v2\/types\/page"}],"author":[{"embeddable":true,"href":"https:\/\/label.bet\/tr\/wp-json\/wp\/v2\/users\/1"}],"replies":[{"embeddable":true,"href":"https:\/\/label.bet\/tr\/wp-json\/wp\/v2\/comments?post=1629"}],"version-history":[{"count":5,"href":"https:\/\/label.bet\/tr\/wp-json\/wp\/v2\/pages\/1629\/revisions"}],"predecessor-version":[{"id":1990,"href":"https:\/\/label.bet\/tr\/wp-json\/wp\/v2\/pages\/1629\/revisions\/1990"}],"wp:attachment":[{"href":"https:\/\/label.bet\/tr\/wp-json\/wp\/v2\/media?parent=1629"}],"curies":[{"name":"wp","href":"https:\/\/api.w.org\/{rel}","templated":true}]}}