{"id":1646,"date":"2025-12-30T10:08:42","date_gmt":"2025-12-30T07:08:42","guid":{"rendered":"https:\/\/label.bet\/tr\/?page_id=1646"},"modified":"2026-02-28T16:12:40","modified_gmt":"2026-02-28T13:12:40","slug":"login","status":"publish","type":"page","link":"https:\/\/label.bet\/tr\/login\/","title":{"rendered":"Giri\u015f"},"content":{"rendered":"","protected":false},"excerpt":{"rendered":"","protected":false},"author":1,"featured_media":0,"parent":0,"menu_order":0,"comment_status":"closed","ping_status":"closed","template":"","meta":{"_acf_changed":false,"footnotes":""},"class_list":["post-1646","page","type-page","status-publish","hentry"],"acf":[],"yoast_head":"<!-- This site is optimized with the Yoast SEO plugin v26.5 - https:\/\/yoast.com\/wordpress\/plugins\/seo\/ -->\n<title>BetLabel Giri\u015f \u1409 Hesap giri\u015f talimatlar\u0131 ve ipu\u00e7lar\u0131<\/title>\n<meta name=\"description\" content=\"BetLabel hesab\u0131n\u0131za h\u0131zl\u0131 ve g\u00fcvenli bir \u015fekilde nas\u0131l giri\u015f yapabilirsiniz. Ayr\u0131nt\u0131l\u0131 giri\u015f k\u0131lavuzu, yetkilendirme y\u00f6ntemleri ve BetLabel&#039;da s\u0131k kar\u015f\u0131la\u015f\u0131lan sorunlar\u0131n \u00e7\u00f6z\u00fcmleri.\" \/>\n<meta name=\"robots\" content=\"index, follow, max-snippet:-1, max-image-preview:large, max-video-preview:-1\" \/>\n<link rel=\"canonical\" href=\"https:\/\/label.bet\/tr\/login\/\" \/>\n<meta property=\"og:locale\" content=\"tr_TR\" \/>\n<meta property=\"og:type\" content=\"article\" \/>\n<meta property=\"og:title\" content=\"BetLabel Giri\u015f \u1409 Hesap giri\u015f talimatlar\u0131 ve ipu\u00e7lar\u0131\" \/>\n<meta property=\"og:description\" content=\"BetLabel hesab\u0131n\u0131za h\u0131zl\u0131 ve g\u00fcvenli bir \u015fekilde nas\u0131l giri\u015f yapabilirsiniz. Ayr\u0131nt\u0131l\u0131 giri\u015f k\u0131lavuzu, yetkilendirme y\u00f6ntemleri ve BetLabel&#039;da s\u0131k kar\u015f\u0131la\u015f\u0131lan sorunlar\u0131n \u00e7\u00f6z\u00fcmleri.\" \/>\n<meta property=\"og:url\" content=\"https:\/\/label.bet\/tr\/login\/\" \/>\n<meta property=\"og:site_name\" content=\"Betlabel tr\" \/>\n<meta property=\"article:modified_time\" content=\"2026-02-28T13:12:40+00:00\" \/>\n<meta name=\"twitter:card\" content=\"summary_large_image\" \/>\n<script type=\"application\/ld+json\" class=\"yoast-schema-graph\">{\"@context\":\"https:\/\/schema.org\",\"@graph\":[{\"@type\":\"WebPage\",\"@id\":\"https:\/\/label.bet\/tr\/login\/\",\"url\":\"https:\/\/label.bet\/tr\/login\/\",\"name\":\"BetLabel Giri\u015f \u1409 Hesap giri\u015f talimatlar\u0131 ve ipu\u00e7lar\u0131\",\"isPartOf\":{\"@id\":\"https:\/\/label.bet\/tr\/#website\"},\"datePublished\":\"2025-12-30T07:08:42+00:00\",\"dateModified\":\"2026-02-28T13:12:40+00:00\",\"description\":\"BetLabel hesab\u0131n\u0131za h\u0131zl\u0131 ve g\u00fcvenli bir \u015fekilde nas\u0131l giri\u015f yapabilirsiniz. Ayr\u0131nt\u0131l\u0131 giri\u015f k\u0131lavuzu, yetkilendirme y\u00f6ntemleri ve BetLabel'da s\u0131k kar\u015f\u0131la\u015f\u0131lan sorunlar\u0131n \u00e7\u00f6z\u00fcmleri.\",\"inLanguage\":\"tr\",\"potentialAction\":[{\"@type\":\"ReadAction\",\"target\":[\"https:\/\/label.bet\/tr\/login\/\"]}]},{\"@type\":\"WebSite\",\"@id\":\"https:\/\/label.bet\/tr\/#website\",\"url\":\"https:\/\/label.bet\/tr\/\",\"name\":\"Betlabel tr\",\"description\":\"\",\"potentialAction\":[{\"@type\":\"SearchAction\",\"target\":{\"@type\":\"EntryPoint\",\"urlTemplate\":\"https:\/\/label.bet\/tr\/?s={search_term_string}\"},\"query-input\":{\"@type\":\"PropertyValueSpecification\",\"valueRequired\":true,\"valueName\":\"search_term_string\"}}],\"inLanguage\":\"tr\"}]}<\/script>\n<!-- \/ Yoast SEO plugin. -->","yoast_head_json":{"title":"BetLabel Giri\u015f \u1409 Hesap giri\u015f talimatlar\u0131 ve ipu\u00e7lar\u0131","description":"BetLabel hesab\u0131n\u0131za h\u0131zl\u0131 ve g\u00fcvenli bir \u015fekilde nas\u0131l giri\u015f yapabilirsiniz. Ayr\u0131nt\u0131l\u0131 giri\u015f k\u0131lavuzu, yetkilendirme y\u00f6ntemleri ve BetLabel'da s\u0131k kar\u015f\u0131la\u015f\u0131lan sorunlar\u0131n \u00e7\u00f6z\u00fcmleri.","robots":{"index":"index","follow":"follow","max-snippet":"max-snippet:-1","max-image-preview":"max-image-preview:large","max-video-preview":"max-video-preview:-1"},"canonical":"https:\/\/label.bet\/tr\/login\/","og_locale":"tr_TR","og_type":"article","og_title":"BetLabel Giri\u015f \u1409 Hesap giri\u015f talimatlar\u0131 ve ipu\u00e7lar\u0131","og_description":"BetLabel hesab\u0131n\u0131za h\u0131zl\u0131 ve g\u00fcvenli bir \u015fekilde nas\u0131l giri\u015f yapabilirsiniz. Ayr\u0131nt\u0131l\u0131 giri\u015f k\u0131lavuzu, yetkilendirme y\u00f6ntemleri ve BetLabel'da s\u0131k kar\u015f\u0131la\u015f\u0131lan sorunlar\u0131n \u00e7\u00f6z\u00fcmleri.","og_url":"https:\/\/label.bet\/tr\/login\/","og_site_name":"Betlabel tr","article_modified_time":"2026-02-28T13:12:40+00:00","twitter_card":"summary_large_image","schema":{"@context":"https:\/\/schema.org","@graph":[{"@type":"WebPage","@id":"https:\/\/label.bet\/tr\/login\/","url":"https:\/\/label.bet\/tr\/login\/","name":"BetLabel Giri\u015f \u1409 Hesap giri\u015f talimatlar\u0131 ve ipu\u00e7lar\u0131","isPartOf":{"@id":"https:\/\/label.bet\/tr\/#website"},"datePublished":"2025-12-30T07:08:42+00:00","dateModified":"2026-02-28T13:12:40+00:00","description":"BetLabel hesab\u0131n\u0131za h\u0131zl\u0131 ve g\u00fcvenli bir \u015fekilde nas\u0131l giri\u015f yapabilirsiniz. Ayr\u0131nt\u0131l\u0131 giri\u015f k\u0131lavuzu, yetkilendirme y\u00f6ntemleri ve BetLabel'da s\u0131k kar\u015f\u0131la\u015f\u0131lan sorunlar\u0131n \u00e7\u00f6z\u00fcmleri.","inLanguage":"tr","potentialAction":[{"@type":"ReadAction","target":["https:\/\/label.bet\/tr\/login\/"]}]},{"@type":"WebSite","@id":"https:\/\/label.bet\/tr\/#website","url":"https:\/\/label.bet\/tr\/","name":"Betlabel tr","description":"","potentialAction":[{"@type":"SearchAction","target":{"@type":"EntryPoint","urlTemplate":"https:\/\/label.bet\/tr\/?s={search_term_string}"},"query-input":{"@type":"PropertyValueSpecification","valueRequired":true,"valueName":"search_term_string"}}],"inLanguage":"tr"}]}},"_links":{"self":[{"href":"https:\/\/label.bet\/tr\/wp-json\/wp\/v2\/pages\/1646","targetHints":{"allow":["GET"]}}],"collection":[{"href":"https:\/\/label.bet\/tr\/wp-json\/wp\/v2\/pages"}],"about":[{"href":"https:\/\/label.bet\/tr\/wp-json\/wp\/v2\/types\/page"}],"author":[{"embeddable":true,"href":"https:\/\/label.bet\/tr\/wp-json\/wp\/v2\/users\/1"}],"replies":[{"embeddable":true,"href":"https:\/\/label.bet\/tr\/wp-json\/wp\/v2\/comments?post=1646"}],"version-history":[{"count":5,"href":"https:\/\/label.bet\/tr\/wp-json\/wp\/v2\/pages\/1646\/revisions"}],"predecessor-version":[{"id":1985,"href":"https:\/\/label.bet\/tr\/wp-json\/wp\/v2\/pages\/1646\/revisions\/1985"}],"wp:attachment":[{"href":"https:\/\/label.bet\/tr\/wp-json\/wp\/v2\/media?parent=1646"}],"curies":[{"name":"wp","href":"https:\/\/api.w.org\/{rel}","templated":true}]}}