{"id":1662,"date":"2025-12-31T11:18:43","date_gmt":"2025-12-31T08:18:43","guid":{"rendered":"https:\/\/label.bet\/tr\/?page_id=1662"},"modified":"2026-02-28T16:35:28","modified_gmt":"2026-02-28T13:35:28","slug":"registration","status":"publish","type":"page","link":"https:\/\/label.bet\/tr\/registration\/","title":{"rendered":"Kay\u0131t"},"content":{"rendered":"","protected":false},"excerpt":{"rendered":"","protected":false},"author":1,"featured_media":0,"parent":0,"menu_order":0,"comment_status":"closed","ping_status":"closed","template":"","meta":{"_acf_changed":false,"footnotes":""},"class_list":["post-1662","page","type-page","status-publish","hentry"],"acf":[],"yoast_head":"<!-- This site is optimized with the Yoast SEO plugin v26.5 - https:\/\/yoast.com\/wordpress\/plugins\/seo\/ -->\n<title>BetLabel Kayd\u0131 \u1409 Hesap olu\u015fturman\u0131n h\u0131zl\u0131 ve kolay yolu<\/title>\n<meta name=\"description\" content=\"BetLabel&#039;e nas\u0131l kay\u0131t olunur: hesap olu\u015fturma, kay\u0131t y\u00f6ntemi se\u00e7me ve bahis ve casino oyunlar\u0131 i\u00e7in ho\u015f geldin bonusu alma konusunda ad\u0131m ad\u0131m k\u0131lavuz.\" \/>\n<meta name=\"robots\" content=\"index, follow, max-snippet:-1, max-image-preview:large, max-video-preview:-1\" \/>\n<link rel=\"canonical\" href=\"https:\/\/label.bet\/tr\/registration\/\" \/>\n<meta property=\"og:locale\" content=\"tr_TR\" \/>\n<meta property=\"og:type\" content=\"article\" \/>\n<meta property=\"og:title\" content=\"BetLabel Kayd\u0131 \u1409 Hesap olu\u015fturman\u0131n h\u0131zl\u0131 ve kolay yolu\" \/>\n<meta property=\"og:description\" content=\"BetLabel&#039;e nas\u0131l kay\u0131t olunur: hesap olu\u015fturma, kay\u0131t y\u00f6ntemi se\u00e7me ve bahis ve casino oyunlar\u0131 i\u00e7in ho\u015f geldin bonusu alma konusunda ad\u0131m ad\u0131m k\u0131lavuz.\" \/>\n<meta property=\"og:url\" content=\"https:\/\/label.bet\/tr\/registration\/\" \/>\n<meta property=\"og:site_name\" content=\"Betlabel tr\" \/>\n<meta property=\"article:modified_time\" content=\"2026-02-28T13:35:28+00:00\" \/>\n<meta name=\"twitter:card\" content=\"summary_large_image\" \/>\n<script type=\"application\/ld+json\" class=\"yoast-schema-graph\">{\"@context\":\"https:\/\/schema.org\",\"@graph\":[{\"@type\":\"WebPage\",\"@id\":\"https:\/\/label.bet\/tr\/registration\/\",\"url\":\"https:\/\/label.bet\/tr\/registration\/\",\"name\":\"BetLabel Kayd\u0131 \u1409 Hesap olu\u015fturman\u0131n h\u0131zl\u0131 ve kolay yolu\",\"isPartOf\":{\"@id\":\"https:\/\/label.bet\/tr\/#website\"},\"datePublished\":\"2025-12-31T08:18:43+00:00\",\"dateModified\":\"2026-02-28T13:35:28+00:00\",\"description\":\"BetLabel'e nas\u0131l kay\u0131t olunur: hesap olu\u015fturma, kay\u0131t y\u00f6ntemi se\u00e7me ve bahis ve casino oyunlar\u0131 i\u00e7in ho\u015f geldin bonusu alma konusunda ad\u0131m ad\u0131m k\u0131lavuz.\",\"inLanguage\":\"tr\",\"potentialAction\":[{\"@type\":\"ReadAction\",\"target\":[\"https:\/\/label.bet\/tr\/registration\/\"]}]},{\"@type\":\"WebSite\",\"@id\":\"https:\/\/label.bet\/tr\/#website\",\"url\":\"https:\/\/label.bet\/tr\/\",\"name\":\"Betlabel tr\",\"description\":\"\",\"potentialAction\":[{\"@type\":\"SearchAction\",\"target\":{\"@type\":\"EntryPoint\",\"urlTemplate\":\"https:\/\/label.bet\/tr\/?s={search_term_string}\"},\"query-input\":{\"@type\":\"PropertyValueSpecification\",\"valueRequired\":true,\"valueName\":\"search_term_string\"}}],\"inLanguage\":\"tr\"}]}<\/script>\n<!-- \/ Yoast SEO plugin. -->","yoast_head_json":{"title":"BetLabel Kayd\u0131 \u1409 Hesap olu\u015fturman\u0131n h\u0131zl\u0131 ve kolay yolu","description":"BetLabel'e nas\u0131l kay\u0131t olunur: hesap olu\u015fturma, kay\u0131t y\u00f6ntemi se\u00e7me ve bahis ve casino oyunlar\u0131 i\u00e7in ho\u015f geldin bonusu alma konusunda ad\u0131m ad\u0131m k\u0131lavuz.","robots":{"index":"index","follow":"follow","max-snippet":"max-snippet:-1","max-image-preview":"max-image-preview:large","max-video-preview":"max-video-preview:-1"},"canonical":"https:\/\/label.bet\/tr\/registration\/","og_locale":"tr_TR","og_type":"article","og_title":"BetLabel Kayd\u0131 \u1409 Hesap olu\u015fturman\u0131n h\u0131zl\u0131 ve kolay yolu","og_description":"BetLabel'e nas\u0131l kay\u0131t olunur: hesap olu\u015fturma, kay\u0131t y\u00f6ntemi se\u00e7me ve bahis ve casino oyunlar\u0131 i\u00e7in ho\u015f geldin bonusu alma konusunda ad\u0131m ad\u0131m k\u0131lavuz.","og_url":"https:\/\/label.bet\/tr\/registration\/","og_site_name":"Betlabel tr","article_modified_time":"2026-02-28T13:35:28+00:00","twitter_card":"summary_large_image","schema":{"@context":"https:\/\/schema.org","@graph":[{"@type":"WebPage","@id":"https:\/\/label.bet\/tr\/registration\/","url":"https:\/\/label.bet\/tr\/registration\/","name":"BetLabel Kayd\u0131 \u1409 Hesap olu\u015fturman\u0131n h\u0131zl\u0131 ve kolay yolu","isPartOf":{"@id":"https:\/\/label.bet\/tr\/#website"},"datePublished":"2025-12-31T08:18:43+00:00","dateModified":"2026-02-28T13:35:28+00:00","description":"BetLabel'e nas\u0131l kay\u0131t olunur: hesap olu\u015fturma, kay\u0131t y\u00f6ntemi se\u00e7me ve bahis ve casino oyunlar\u0131 i\u00e7in ho\u015f geldin bonusu alma konusunda ad\u0131m ad\u0131m k\u0131lavuz.","inLanguage":"tr","potentialAction":[{"@type":"ReadAction","target":["https:\/\/label.bet\/tr\/registration\/"]}]},{"@type":"WebSite","@id":"https:\/\/label.bet\/tr\/#website","url":"https:\/\/label.bet\/tr\/","name":"Betlabel tr","description":"","potentialAction":[{"@type":"SearchAction","target":{"@type":"EntryPoint","urlTemplate":"https:\/\/label.bet\/tr\/?s={search_term_string}"},"query-input":{"@type":"PropertyValueSpecification","valueRequired":true,"valueName":"search_term_string"}}],"inLanguage":"tr"}]}},"_links":{"self":[{"href":"https:\/\/label.bet\/tr\/wp-json\/wp\/v2\/pages\/1662","targetHints":{"allow":["GET"]}}],"collection":[{"href":"https:\/\/label.bet\/tr\/wp-json\/wp\/v2\/pages"}],"about":[{"href":"https:\/\/label.bet\/tr\/wp-json\/wp\/v2\/types\/page"}],"author":[{"embeddable":true,"href":"https:\/\/label.bet\/tr\/wp-json\/wp\/v2\/users\/1"}],"replies":[{"embeddable":true,"href":"https:\/\/label.bet\/tr\/wp-json\/wp\/v2\/comments?post=1662"}],"version-history":[{"count":5,"href":"https:\/\/label.bet\/tr\/wp-json\/wp\/v2\/pages\/1662\/revisions"}],"predecessor-version":[{"id":1992,"href":"https:\/\/label.bet\/tr\/wp-json\/wp\/v2\/pages\/1662\/revisions\/1992"}],"wp:attachment":[{"href":"https:\/\/label.bet\/tr\/wp-json\/wp\/v2\/media?parent=1662"}],"curies":[{"name":"wp","href":"https:\/\/api.w.org\/{rel}","templated":true}]}}