{"id":1679,"date":"2026-01-02T15:08:59","date_gmt":"2026-01-02T12:08:59","guid":{"rendered":"https:\/\/label.bet\/tr\/?page_id=1679"},"modified":"2026-02-27T19:39:37","modified_gmt":"2026-02-27T16:39:37","slug":"partners","status":"publish","type":"page","link":"https:\/\/label.bet\/tr\/partners\/","title":{"rendered":"Ba\u011fl\u0131 kurulu\u015f"},"content":{"rendered":"","protected":false},"excerpt":{"rendered":"","protected":false},"author":1,"featured_media":0,"parent":0,"menu_order":0,"comment_status":"closed","ping_status":"closed","template":"","meta":{"_acf_changed":false,"footnotes":""},"class_list":["post-1679","page","type-page","status-publish","hentry"],"acf":[],"yoast_head":"<!-- This site is optimized with the Yoast SEO plugin v26.5 - https:\/\/yoast.com\/wordpress\/plugins\/seo\/ -->\n<title>BetLabel Ortaklar\u0131 - Ortakl\u0131k Program\u0131 | CPA ve RevShare<\/title>\n<meta name=\"description\" content=\"BetLabel Partners ortakl\u0131k program\u0131 \u2014 \u00d6m\u00fcr boyu &#039;ye varan RevShare, 10.500 TRY&#039;ye varan CPA ve hibrit modeller. Haftal\u0131k \u00f6demeler 2.500 TRY&#039;den ba\u015flar, herhangi bir trafik, ki\u015fisel y\u00f6netici ve negatif devrolma yoktur. HEMEN kaydolun!\" \/>\n<meta name=\"robots\" content=\"index, follow, max-snippet:-1, max-image-preview:large, max-video-preview:-1\" \/>\n<link rel=\"canonical\" href=\"https:\/\/label.bet\/tr\/partners\/\" \/>\n<meta property=\"og:locale\" content=\"tr_TR\" \/>\n<meta property=\"og:type\" content=\"article\" \/>\n<meta property=\"og:title\" content=\"BetLabel Ortaklar\u0131 - Ortakl\u0131k Program\u0131 | CPA ve RevShare\" \/>\n<meta property=\"og:description\" content=\"BetLabel Partners ortakl\u0131k program\u0131 \u2014 \u00d6m\u00fcr boyu &#039;ye varan RevShare, 10.500 TRY&#039;ye varan CPA ve hibrit modeller. Haftal\u0131k \u00f6demeler 2.500 TRY&#039;den ba\u015flar, herhangi bir trafik, ki\u015fisel y\u00f6netici ve negatif devrolma yoktur. HEMEN kaydolun!\" \/>\n<meta property=\"og:url\" content=\"https:\/\/label.bet\/tr\/partners\/\" \/>\n<meta property=\"og:site_name\" content=\"Betlabel tr\" \/>\n<meta property=\"article:modified_time\" content=\"2026-02-27T16:39:37+00:00\" \/>\n<meta name=\"twitter:card\" content=\"summary_large_image\" \/>\n<script type=\"application\/ld+json\" class=\"yoast-schema-graph\">{\"@context\":\"https:\/\/schema.org\",\"@graph\":[{\"@type\":\"WebPage\",\"@id\":\"https:\/\/label.bet\/tr\/partners\/\",\"url\":\"https:\/\/label.bet\/tr\/partners\/\",\"name\":\"BetLabel Ortaklar\u0131 - Ortakl\u0131k Program\u0131 | CPA ve RevShare\",\"isPartOf\":{\"@id\":\"https:\/\/label.bet\/tr\/#website\"},\"datePublished\":\"2026-01-02T12:08:59+00:00\",\"dateModified\":\"2026-02-27T16:39:37+00:00\",\"description\":\"BetLabel Partners ortakl\u0131k program\u0131 \u2014 \u00d6m\u00fcr boyu 'ye varan RevShare, 10.500 TRY'ye varan CPA ve hibrit modeller. Haftal\u0131k \u00f6demeler 2.500 TRY'den ba\u015flar, herhangi bir trafik, ki\u015fisel y\u00f6netici ve negatif devrolma yoktur. HEMEN kaydolun!\",\"inLanguage\":\"tr\",\"potentialAction\":[{\"@type\":\"ReadAction\",\"target\":[\"https:\/\/label.bet\/tr\/partners\/\"]}]},{\"@type\":\"WebSite\",\"@id\":\"https:\/\/label.bet\/tr\/#website\",\"url\":\"https:\/\/label.bet\/tr\/\",\"name\":\"Betlabel tr\",\"description\":\"\",\"potentialAction\":[{\"@type\":\"SearchAction\",\"target\":{\"@type\":\"EntryPoint\",\"urlTemplate\":\"https:\/\/label.bet\/tr\/?s={search_term_string}\"},\"query-input\":{\"@type\":\"PropertyValueSpecification\",\"valueRequired\":true,\"valueName\":\"search_term_string\"}}],\"inLanguage\":\"tr\"}]}<\/script>\n<!-- \/ Yoast SEO plugin. -->","yoast_head_json":{"title":"BetLabel Ortaklar\u0131 - Ortakl\u0131k Program\u0131 | CPA ve RevShare","description":"BetLabel Partners ortakl\u0131k program\u0131 \u2014 \u00d6m\u00fcr boyu 'ye varan RevShare, 10.500 TRY'ye varan CPA ve hibrit modeller. Haftal\u0131k \u00f6demeler 2.500 TRY'den ba\u015flar, herhangi bir trafik, ki\u015fisel y\u00f6netici ve negatif devrolma yoktur. HEMEN kaydolun!","robots":{"index":"index","follow":"follow","max-snippet":"max-snippet:-1","max-image-preview":"max-image-preview:large","max-video-preview":"max-video-preview:-1"},"canonical":"https:\/\/label.bet\/tr\/partners\/","og_locale":"tr_TR","og_type":"article","og_title":"BetLabel Ortaklar\u0131 - Ortakl\u0131k Program\u0131 | CPA ve RevShare","og_description":"BetLabel Partners ortakl\u0131k program\u0131 \u2014 \u00d6m\u00fcr boyu 'ye varan RevShare, 10.500 TRY'ye varan CPA ve hibrit modeller. Haftal\u0131k \u00f6demeler 2.500 TRY'den ba\u015flar, herhangi bir trafik, ki\u015fisel y\u00f6netici ve negatif devrolma yoktur. HEMEN kaydolun!","og_url":"https:\/\/label.bet\/tr\/partners\/","og_site_name":"Betlabel tr","article_modified_time":"2026-02-27T16:39:37+00:00","twitter_card":"summary_large_image","schema":{"@context":"https:\/\/schema.org","@graph":[{"@type":"WebPage","@id":"https:\/\/label.bet\/tr\/partners\/","url":"https:\/\/label.bet\/tr\/partners\/","name":"BetLabel Ortaklar\u0131 - Ortakl\u0131k Program\u0131 | CPA ve RevShare","isPartOf":{"@id":"https:\/\/label.bet\/tr\/#website"},"datePublished":"2026-01-02T12:08:59+00:00","dateModified":"2026-02-27T16:39:37+00:00","description":"BetLabel Partners ortakl\u0131k program\u0131 \u2014 \u00d6m\u00fcr boyu 'ye varan RevShare, 10.500 TRY'ye varan CPA ve hibrit modeller. Haftal\u0131k \u00f6demeler 2.500 TRY'den ba\u015flar, herhangi bir trafik, ki\u015fisel y\u00f6netici ve negatif devrolma yoktur. HEMEN kaydolun!","inLanguage":"tr","potentialAction":[{"@type":"ReadAction","target":["https:\/\/label.bet\/tr\/partners\/"]}]},{"@type":"WebSite","@id":"https:\/\/label.bet\/tr\/#website","url":"https:\/\/label.bet\/tr\/","name":"Betlabel tr","description":"","potentialAction":[{"@type":"SearchAction","target":{"@type":"EntryPoint","urlTemplate":"https:\/\/label.bet\/tr\/?s={search_term_string}"},"query-input":{"@type":"PropertyValueSpecification","valueRequired":true,"valueName":"search_term_string"}}],"inLanguage":"tr"}]}},"_links":{"self":[{"href":"https:\/\/label.bet\/tr\/wp-json\/wp\/v2\/pages\/1679","targetHints":{"allow":["GET"]}}],"collection":[{"href":"https:\/\/label.bet\/tr\/wp-json\/wp\/v2\/pages"}],"about":[{"href":"https:\/\/label.bet\/tr\/wp-json\/wp\/v2\/types\/page"}],"author":[{"embeddable":true,"href":"https:\/\/label.bet\/tr\/wp-json\/wp\/v2\/users\/1"}],"replies":[{"embeddable":true,"href":"https:\/\/label.bet\/tr\/wp-json\/wp\/v2\/comments?post=1679"}],"version-history":[{"count":5,"href":"https:\/\/label.bet\/tr\/wp-json\/wp\/v2\/pages\/1679\/revisions"}],"predecessor-version":[{"id":1967,"href":"https:\/\/label.bet\/tr\/wp-json\/wp\/v2\/pages\/1679\/revisions\/1967"}],"wp:attachment":[{"href":"https:\/\/label.bet\/tr\/wp-json\/wp\/v2\/media?parent=1679"}],"curies":[{"name":"wp","href":"https:\/\/api.w.org\/{rel}","templated":true}]}}