{"id":1713,"date":"2026-01-22T12:31:04","date_gmt":"2026-01-22T09:31:04","guid":{"rendered":"https:\/\/label.bet\/tr\/?page_id=1713"},"modified":"2026-02-28T16:41:15","modified_gmt":"2026-02-28T13:41:15","slug":"sport-betting","status":"publish","type":"page","link":"https:\/\/label.bet\/tr\/sport-betting\/","title":{"rendered":"Sport"},"content":{"rendered":"","protected":false},"excerpt":{"rendered":"","protected":false},"author":1,"featured_media":0,"parent":0,"menu_order":0,"comment_status":"closed","ping_status":"closed","template":"","meta":{"_acf_changed":false,"footnotes":""},"class_list":["post-1713","page","type-page","status-publish","hentry"],"acf":[],"yoast_head":"<!-- This site is optimized with the Yoast SEO plugin v26.5 - https:\/\/yoast.com\/wordpress\/plugins\/seo\/ -->\n<title>BetLabel spor bahisleri \u26a1\ufe0f en \u00f6nemli ma\u00e7lar i\u00e7in tahminlerde bulun<\/title>\n<meta name=\"description\" content=\"BetLabel, spor bahisleri i\u00e7in kullan\u0131\u015fl\u0131 bir hizmettir \u2611\ufe0f oynay\u0131n, en \u00f6nemli ma\u00e7lar hakk\u0131nda do\u011fru tahminlerde bulunun ve her etkinlikten daha fazla heyecan al\u0131n.\" \/>\n<meta name=\"robots\" content=\"index, follow, max-snippet:-1, max-image-preview:large, max-video-preview:-1\" \/>\n<link rel=\"canonical\" href=\"https:\/\/label.bet\/tr\/sport-betting\/\" \/>\n<meta property=\"og:locale\" content=\"tr_TR\" \/>\n<meta property=\"og:type\" content=\"article\" \/>\n<meta property=\"og:title\" content=\"BetLabel spor bahisleri \u26a1\ufe0f en \u00f6nemli ma\u00e7lar i\u00e7in tahminlerde bulun\" \/>\n<meta property=\"og:description\" content=\"BetLabel, spor bahisleri i\u00e7in kullan\u0131\u015fl\u0131 bir hizmettir \u2611\ufe0f oynay\u0131n, en \u00f6nemli ma\u00e7lar hakk\u0131nda do\u011fru tahminlerde bulunun ve her etkinlikten daha fazla heyecan al\u0131n.\" \/>\n<meta property=\"og:url\" content=\"https:\/\/label.bet\/tr\/sport-betting\/\" \/>\n<meta property=\"og:site_name\" content=\"Betlabel tr\" \/>\n<meta property=\"article:modified_time\" content=\"2026-02-28T13:41:15+00:00\" \/>\n<meta name=\"twitter:card\" content=\"summary_large_image\" \/>\n<script type=\"application\/ld+json\" class=\"yoast-schema-graph\">{\"@context\":\"https:\/\/schema.org\",\"@graph\":[{\"@type\":\"WebPage\",\"@id\":\"https:\/\/label.bet\/tr\/sport-betting\/\",\"url\":\"https:\/\/label.bet\/tr\/sport-betting\/\",\"name\":\"BetLabel spor bahisleri \u26a1\ufe0f en \u00f6nemli ma\u00e7lar i\u00e7in tahminlerde bulun\",\"isPartOf\":{\"@id\":\"https:\/\/label.bet\/tr\/#website\"},\"datePublished\":\"2026-01-22T09:31:04+00:00\",\"dateModified\":\"2026-02-28T13:41:15+00:00\",\"description\":\"BetLabel, spor bahisleri i\u00e7in kullan\u0131\u015fl\u0131 bir hizmettir \u2611\ufe0f oynay\u0131n, en \u00f6nemli ma\u00e7lar hakk\u0131nda do\u011fru tahminlerde bulunun ve her etkinlikten daha fazla heyecan al\u0131n.\",\"inLanguage\":\"tr\",\"potentialAction\":[{\"@type\":\"ReadAction\",\"target\":[\"https:\/\/label.bet\/tr\/sport-betting\/\"]}]},{\"@type\":\"WebSite\",\"@id\":\"https:\/\/label.bet\/tr\/#website\",\"url\":\"https:\/\/label.bet\/tr\/\",\"name\":\"Betlabel tr\",\"description\":\"\",\"potentialAction\":[{\"@type\":\"SearchAction\",\"target\":{\"@type\":\"EntryPoint\",\"urlTemplate\":\"https:\/\/label.bet\/tr\/?s={search_term_string}\"},\"query-input\":{\"@type\":\"PropertyValueSpecification\",\"valueRequired\":true,\"valueName\":\"search_term_string\"}}],\"inLanguage\":\"tr\"}]}<\/script>\n<!-- \/ Yoast SEO plugin. -->","yoast_head_json":{"title":"BetLabel spor bahisleri \u26a1\ufe0f en \u00f6nemli ma\u00e7lar i\u00e7in tahminlerde bulun","description":"BetLabel, spor bahisleri i\u00e7in kullan\u0131\u015fl\u0131 bir hizmettir \u2611\ufe0f oynay\u0131n, en \u00f6nemli ma\u00e7lar hakk\u0131nda do\u011fru tahminlerde bulunun ve her etkinlikten daha fazla heyecan al\u0131n.","robots":{"index":"index","follow":"follow","max-snippet":"max-snippet:-1","max-image-preview":"max-image-preview:large","max-video-preview":"max-video-preview:-1"},"canonical":"https:\/\/label.bet\/tr\/sport-betting\/","og_locale":"tr_TR","og_type":"article","og_title":"BetLabel spor bahisleri \u26a1\ufe0f en \u00f6nemli ma\u00e7lar i\u00e7in tahminlerde bulun","og_description":"BetLabel, spor bahisleri i\u00e7in kullan\u0131\u015fl\u0131 bir hizmettir \u2611\ufe0f oynay\u0131n, en \u00f6nemli ma\u00e7lar hakk\u0131nda do\u011fru tahminlerde bulunun ve her etkinlikten daha fazla heyecan al\u0131n.","og_url":"https:\/\/label.bet\/tr\/sport-betting\/","og_site_name":"Betlabel tr","article_modified_time":"2026-02-28T13:41:15+00:00","twitter_card":"summary_large_image","schema":{"@context":"https:\/\/schema.org","@graph":[{"@type":"WebPage","@id":"https:\/\/label.bet\/tr\/sport-betting\/","url":"https:\/\/label.bet\/tr\/sport-betting\/","name":"BetLabel spor bahisleri \u26a1\ufe0f en \u00f6nemli ma\u00e7lar i\u00e7in tahminlerde bulun","isPartOf":{"@id":"https:\/\/label.bet\/tr\/#website"},"datePublished":"2026-01-22T09:31:04+00:00","dateModified":"2026-02-28T13:41:15+00:00","description":"BetLabel, spor bahisleri i\u00e7in kullan\u0131\u015fl\u0131 bir hizmettir \u2611\ufe0f oynay\u0131n, en \u00f6nemli ma\u00e7lar hakk\u0131nda do\u011fru tahminlerde bulunun ve her etkinlikten daha fazla heyecan al\u0131n.","inLanguage":"tr","potentialAction":[{"@type":"ReadAction","target":["https:\/\/label.bet\/tr\/sport-betting\/"]}]},{"@type":"WebSite","@id":"https:\/\/label.bet\/tr\/#website","url":"https:\/\/label.bet\/tr\/","name":"Betlabel tr","description":"","potentialAction":[{"@type":"SearchAction","target":{"@type":"EntryPoint","urlTemplate":"https:\/\/label.bet\/tr\/?s={search_term_string}"},"query-input":{"@type":"PropertyValueSpecification","valueRequired":true,"valueName":"search_term_string"}}],"inLanguage":"tr"}]}},"_links":{"self":[{"href":"https:\/\/label.bet\/tr\/wp-json\/wp\/v2\/pages\/1713","targetHints":{"allow":["GET"]}}],"collection":[{"href":"https:\/\/label.bet\/tr\/wp-json\/wp\/v2\/pages"}],"about":[{"href":"https:\/\/label.bet\/tr\/wp-json\/wp\/v2\/types\/page"}],"author":[{"embeddable":true,"href":"https:\/\/label.bet\/tr\/wp-json\/wp\/v2\/users\/1"}],"replies":[{"embeddable":true,"href":"https:\/\/label.bet\/tr\/wp-json\/wp\/v2\/comments?post=1713"}],"version-history":[{"count":4,"href":"https:\/\/label.bet\/tr\/wp-json\/wp\/v2\/pages\/1713\/revisions"}],"predecessor-version":[{"id":1993,"href":"https:\/\/label.bet\/tr\/wp-json\/wp\/v2\/pages\/1713\/revisions\/1993"}],"wp:attachment":[{"href":"https:\/\/label.bet\/tr\/wp-json\/wp\/v2\/media?parent=1713"}],"curies":[{"name":"wp","href":"https:\/\/api.w.org\/{rel}","templated":true}]}}