{"id":1736,"date":"2026-01-22T15:56:50","date_gmt":"2026-01-22T12:56:50","guid":{"rendered":"https:\/\/label.bet\/tr\/?page_id=1736"},"modified":"2026-02-28T16:54:01","modified_gmt":"2026-02-28T13:54:01","slug":"ufc","status":"publish","type":"page","link":"https:\/\/label.bet\/tr\/ufc\/","title":{"rendered":"UFC"},"content":{"rendered":"","protected":false},"excerpt":{"rendered":"","protected":false},"author":1,"featured_media":0,"parent":0,"menu_order":0,"comment_status":"closed","ping_status":"closed","template":"","meta":{"_acf_changed":false,"footnotes":""},"class_list":["post-1736","page","type-page","status-publish","hentry"],"acf":[],"yoast_head":"<!-- This site is optimized with the Yoast SEO plugin v26.5 - https:\/\/yoast.com\/wordpress\/plugins\/seo\/ -->\n<title>BetLabel UFC ve MMA bahisleri \ud83e\udd4a Y\u00fcksek Oranlar, Canl\u0131 D\u00f6v\u00fc\u015fler<\/title>\n<meta name=\"description\" content=\"BetLabel, UFC ve MMA bahisleri \ud83e\udd4a . Yeni oyuncular i\u00e7in bonuslar, canl\u0131 d\u00f6v\u00fc\u015fler, oranlar ve g\u00fcvenilir \u00f6demeler. Bize kat\u0131l\u0131n ve bug\u00fcn kazanmaya ba\u015flay\u0131n!\" \/>\n<meta name=\"robots\" content=\"index, follow, max-snippet:-1, max-image-preview:large, max-video-preview:-1\" \/>\n<link rel=\"canonical\" href=\"https:\/\/label.bet\/tr\/ufc\/\" \/>\n<meta property=\"og:locale\" content=\"tr_TR\" \/>\n<meta property=\"og:type\" content=\"article\" \/>\n<meta property=\"og:title\" content=\"BetLabel UFC ve MMA bahisleri \ud83e\udd4a Y\u00fcksek Oranlar, Canl\u0131 D\u00f6v\u00fc\u015fler\" \/>\n<meta property=\"og:description\" content=\"BetLabel, UFC ve MMA bahisleri \ud83e\udd4a . Yeni oyuncular i\u00e7in bonuslar, canl\u0131 d\u00f6v\u00fc\u015fler, oranlar ve g\u00fcvenilir \u00f6demeler. Bize kat\u0131l\u0131n ve bug\u00fcn kazanmaya ba\u015flay\u0131n!\" \/>\n<meta property=\"og:url\" content=\"https:\/\/label.bet\/tr\/ufc\/\" \/>\n<meta property=\"og:site_name\" content=\"Betlabel tr\" \/>\n<meta property=\"article:modified_time\" content=\"2026-02-28T13:54:01+00:00\" \/>\n<meta name=\"twitter:card\" content=\"summary_large_image\" \/>\n<script type=\"application\/ld+json\" class=\"yoast-schema-graph\">{\"@context\":\"https:\/\/schema.org\",\"@graph\":[{\"@type\":\"WebPage\",\"@id\":\"https:\/\/label.bet\/tr\/ufc\/\",\"url\":\"https:\/\/label.bet\/tr\/ufc\/\",\"name\":\"BetLabel UFC ve MMA bahisleri \ud83e\udd4a Y\u00fcksek Oranlar, Canl\u0131 D\u00f6v\u00fc\u015fler\",\"isPartOf\":{\"@id\":\"https:\/\/label.bet\/tr\/#website\"},\"datePublished\":\"2026-01-22T12:56:50+00:00\",\"dateModified\":\"2026-02-28T13:54:01+00:00\",\"description\":\"BetLabel, UFC ve MMA bahisleri \ud83e\udd4a . Yeni oyuncular i\u00e7in bonuslar, canl\u0131 d\u00f6v\u00fc\u015fler, oranlar ve g\u00fcvenilir \u00f6demeler. Bize kat\u0131l\u0131n ve bug\u00fcn kazanmaya ba\u015flay\u0131n!\",\"inLanguage\":\"tr\",\"potentialAction\":[{\"@type\":\"ReadAction\",\"target\":[\"https:\/\/label.bet\/tr\/ufc\/\"]}]},{\"@type\":\"WebSite\",\"@id\":\"https:\/\/label.bet\/tr\/#website\",\"url\":\"https:\/\/label.bet\/tr\/\",\"name\":\"Betlabel tr\",\"description\":\"\",\"potentialAction\":[{\"@type\":\"SearchAction\",\"target\":{\"@type\":\"EntryPoint\",\"urlTemplate\":\"https:\/\/label.bet\/tr\/?s={search_term_string}\"},\"query-input\":{\"@type\":\"PropertyValueSpecification\",\"valueRequired\":true,\"valueName\":\"search_term_string\"}}],\"inLanguage\":\"tr\"}]}<\/script>\n<!-- \/ Yoast SEO plugin. -->","yoast_head_json":{"title":"BetLabel UFC ve MMA bahisleri \ud83e\udd4a Y\u00fcksek Oranlar, Canl\u0131 D\u00f6v\u00fc\u015fler","description":"BetLabel, UFC ve MMA bahisleri \ud83e\udd4a . Yeni oyuncular i\u00e7in bonuslar, canl\u0131 d\u00f6v\u00fc\u015fler, oranlar ve g\u00fcvenilir \u00f6demeler. Bize kat\u0131l\u0131n ve bug\u00fcn kazanmaya ba\u015flay\u0131n!","robots":{"index":"index","follow":"follow","max-snippet":"max-snippet:-1","max-image-preview":"max-image-preview:large","max-video-preview":"max-video-preview:-1"},"canonical":"https:\/\/label.bet\/tr\/ufc\/","og_locale":"tr_TR","og_type":"article","og_title":"BetLabel UFC ve MMA bahisleri \ud83e\udd4a Y\u00fcksek Oranlar, Canl\u0131 D\u00f6v\u00fc\u015fler","og_description":"BetLabel, UFC ve MMA bahisleri \ud83e\udd4a . Yeni oyuncular i\u00e7in bonuslar, canl\u0131 d\u00f6v\u00fc\u015fler, oranlar ve g\u00fcvenilir \u00f6demeler. Bize kat\u0131l\u0131n ve bug\u00fcn kazanmaya ba\u015flay\u0131n!","og_url":"https:\/\/label.bet\/tr\/ufc\/","og_site_name":"Betlabel tr","article_modified_time":"2026-02-28T13:54:01+00:00","twitter_card":"summary_large_image","schema":{"@context":"https:\/\/schema.org","@graph":[{"@type":"WebPage","@id":"https:\/\/label.bet\/tr\/ufc\/","url":"https:\/\/label.bet\/tr\/ufc\/","name":"BetLabel UFC ve MMA bahisleri \ud83e\udd4a Y\u00fcksek Oranlar, Canl\u0131 D\u00f6v\u00fc\u015fler","isPartOf":{"@id":"https:\/\/label.bet\/tr\/#website"},"datePublished":"2026-01-22T12:56:50+00:00","dateModified":"2026-02-28T13:54:01+00:00","description":"BetLabel, UFC ve MMA bahisleri \ud83e\udd4a . Yeni oyuncular i\u00e7in bonuslar, canl\u0131 d\u00f6v\u00fc\u015fler, oranlar ve g\u00fcvenilir \u00f6demeler. Bize kat\u0131l\u0131n ve bug\u00fcn kazanmaya ba\u015flay\u0131n!","inLanguage":"tr","potentialAction":[{"@type":"ReadAction","target":["https:\/\/label.bet\/tr\/ufc\/"]}]},{"@type":"WebSite","@id":"https:\/\/label.bet\/tr\/#website","url":"https:\/\/label.bet\/tr\/","name":"Betlabel tr","description":"","potentialAction":[{"@type":"SearchAction","target":{"@type":"EntryPoint","urlTemplate":"https:\/\/label.bet\/tr\/?s={search_term_string}"},"query-input":{"@type":"PropertyValueSpecification","valueRequired":true,"valueName":"search_term_string"}}],"inLanguage":"tr"}]}},"_links":{"self":[{"href":"https:\/\/label.bet\/tr\/wp-json\/wp\/v2\/pages\/1736","targetHints":{"allow":["GET"]}}],"collection":[{"href":"https:\/\/label.bet\/tr\/wp-json\/wp\/v2\/pages"}],"about":[{"href":"https:\/\/label.bet\/tr\/wp-json\/wp\/v2\/types\/page"}],"author":[{"embeddable":true,"href":"https:\/\/label.bet\/tr\/wp-json\/wp\/v2\/users\/1"}],"replies":[{"embeddable":true,"href":"https:\/\/label.bet\/tr\/wp-json\/wp\/v2\/comments?post=1736"}],"version-history":[{"count":5,"href":"https:\/\/label.bet\/tr\/wp-json\/wp\/v2\/pages\/1736\/revisions"}],"predecessor-version":[{"id":1997,"href":"https:\/\/label.bet\/tr\/wp-json\/wp\/v2\/pages\/1736\/revisions\/1997"}],"wp:attachment":[{"href":"https:\/\/label.bet\/tr\/wp-json\/wp\/v2\/media?parent=1736"}],"curies":[{"name":"wp","href":"https:\/\/api.w.org\/{rel}","templated":true}]}}