{"id":1743,"date":"2026-01-22T17:36:57","date_gmt":"2026-01-22T14:36:57","guid":{"rendered":"https:\/\/label.bet\/tr\/?page_id=1743"},"modified":"2026-02-28T16:56:35","modified_gmt":"2026-02-28T13:56:35","slug":"volleyball","status":"publish","type":"page","link":"https:\/\/label.bet\/tr\/volleyball\/","title":{"rendered":"Volleyball"},"content":{"rendered":"","protected":false},"excerpt":{"rendered":"","protected":false},"author":1,"featured_media":0,"parent":0,"menu_order":0,"comment_status":"closed","ping_status":"closed","template":"","meta":{"_acf_changed":false,"footnotes":""},"class_list":["post-1743","page","type-page","status-publish","hentry"],"acf":[],"yoast_head":"<!-- This site is optimized with the Yoast SEO plugin v26.5 - https:\/\/yoast.com\/wordpress\/plugins\/seo\/ -->\n<title>BetLabel Voleybol Bahisleri \u1409 Y\u00fcksek Oranlar ve E\u015fsiz Bonuslar<\/title>\n<meta name=\"description\" content=\"BetLabel ile voleybol bahisleri yap\u0131n! Y\u00fcksek oranlar, \u00e7e\u015fitli ligler ve turnuvalar ile benzersiz bonuslar, heyecan verici bir bahis deneyimi garanti eder. Bize kat\u0131l\u0131n ve bug\u00fcn kazanmaya ba\u015flay\u0131n!\" \/>\n<meta name=\"robots\" content=\"index, follow, max-snippet:-1, max-image-preview:large, max-video-preview:-1\" \/>\n<link rel=\"canonical\" href=\"https:\/\/label.bet\/tr\/volleyball\/\" \/>\n<meta property=\"og:locale\" content=\"tr_TR\" \/>\n<meta property=\"og:type\" content=\"article\" \/>\n<meta property=\"og:title\" content=\"BetLabel Voleybol Bahisleri \u1409 Y\u00fcksek Oranlar ve E\u015fsiz Bonuslar\" \/>\n<meta property=\"og:description\" content=\"BetLabel ile voleybol bahisleri yap\u0131n! Y\u00fcksek oranlar, \u00e7e\u015fitli ligler ve turnuvalar ile benzersiz bonuslar, heyecan verici bir bahis deneyimi garanti eder. Bize kat\u0131l\u0131n ve bug\u00fcn kazanmaya ba\u015flay\u0131n!\" \/>\n<meta property=\"og:url\" content=\"https:\/\/label.bet\/tr\/volleyball\/\" \/>\n<meta property=\"og:site_name\" content=\"Betlabel tr\" \/>\n<meta property=\"article:modified_time\" content=\"2026-02-28T13:56:35+00:00\" \/>\n<meta name=\"twitter:card\" content=\"summary_large_image\" \/>\n<script type=\"application\/ld+json\" class=\"yoast-schema-graph\">{\"@context\":\"https:\/\/schema.org\",\"@graph\":[{\"@type\":\"WebPage\",\"@id\":\"https:\/\/label.bet\/tr\/volleyball\/\",\"url\":\"https:\/\/label.bet\/tr\/volleyball\/\",\"name\":\"BetLabel Voleybol Bahisleri \u1409 Y\u00fcksek Oranlar ve E\u015fsiz Bonuslar\",\"isPartOf\":{\"@id\":\"https:\/\/label.bet\/tr\/#website\"},\"datePublished\":\"2026-01-22T14:36:57+00:00\",\"dateModified\":\"2026-02-28T13:56:35+00:00\",\"description\":\"BetLabel ile voleybol bahisleri yap\u0131n! Y\u00fcksek oranlar, \u00e7e\u015fitli ligler ve turnuvalar ile benzersiz bonuslar, heyecan verici bir bahis deneyimi garanti eder. Bize kat\u0131l\u0131n ve bug\u00fcn kazanmaya ba\u015flay\u0131n!\",\"inLanguage\":\"tr\",\"potentialAction\":[{\"@type\":\"ReadAction\",\"target\":[\"https:\/\/label.bet\/tr\/volleyball\/\"]}]},{\"@type\":\"WebSite\",\"@id\":\"https:\/\/label.bet\/tr\/#website\",\"url\":\"https:\/\/label.bet\/tr\/\",\"name\":\"Betlabel tr\",\"description\":\"\",\"potentialAction\":[{\"@type\":\"SearchAction\",\"target\":{\"@type\":\"EntryPoint\",\"urlTemplate\":\"https:\/\/label.bet\/tr\/?s={search_term_string}\"},\"query-input\":{\"@type\":\"PropertyValueSpecification\",\"valueRequired\":true,\"valueName\":\"search_term_string\"}}],\"inLanguage\":\"tr\"}]}<\/script>\n<!-- \/ Yoast SEO plugin. -->","yoast_head_json":{"title":"BetLabel Voleybol Bahisleri \u1409 Y\u00fcksek Oranlar ve E\u015fsiz Bonuslar","description":"BetLabel ile voleybol bahisleri yap\u0131n! Y\u00fcksek oranlar, \u00e7e\u015fitli ligler ve turnuvalar ile benzersiz bonuslar, heyecan verici bir bahis deneyimi garanti eder. Bize kat\u0131l\u0131n ve bug\u00fcn kazanmaya ba\u015flay\u0131n!","robots":{"index":"index","follow":"follow","max-snippet":"max-snippet:-1","max-image-preview":"max-image-preview:large","max-video-preview":"max-video-preview:-1"},"canonical":"https:\/\/label.bet\/tr\/volleyball\/","og_locale":"tr_TR","og_type":"article","og_title":"BetLabel Voleybol Bahisleri \u1409 Y\u00fcksek Oranlar ve E\u015fsiz Bonuslar","og_description":"BetLabel ile voleybol bahisleri yap\u0131n! Y\u00fcksek oranlar, \u00e7e\u015fitli ligler ve turnuvalar ile benzersiz bonuslar, heyecan verici bir bahis deneyimi garanti eder. Bize kat\u0131l\u0131n ve bug\u00fcn kazanmaya ba\u015flay\u0131n!","og_url":"https:\/\/label.bet\/tr\/volleyball\/","og_site_name":"Betlabel tr","article_modified_time":"2026-02-28T13:56:35+00:00","twitter_card":"summary_large_image","schema":{"@context":"https:\/\/schema.org","@graph":[{"@type":"WebPage","@id":"https:\/\/label.bet\/tr\/volleyball\/","url":"https:\/\/label.bet\/tr\/volleyball\/","name":"BetLabel Voleybol Bahisleri \u1409 Y\u00fcksek Oranlar ve E\u015fsiz Bonuslar","isPartOf":{"@id":"https:\/\/label.bet\/tr\/#website"},"datePublished":"2026-01-22T14:36:57+00:00","dateModified":"2026-02-28T13:56:35+00:00","description":"BetLabel ile voleybol bahisleri yap\u0131n! Y\u00fcksek oranlar, \u00e7e\u015fitli ligler ve turnuvalar ile benzersiz bonuslar, heyecan verici bir bahis deneyimi garanti eder. Bize kat\u0131l\u0131n ve bug\u00fcn kazanmaya ba\u015flay\u0131n!","inLanguage":"tr","potentialAction":[{"@type":"ReadAction","target":["https:\/\/label.bet\/tr\/volleyball\/"]}]},{"@type":"WebSite","@id":"https:\/\/label.bet\/tr\/#website","url":"https:\/\/label.bet\/tr\/","name":"Betlabel tr","description":"","potentialAction":[{"@type":"SearchAction","target":{"@type":"EntryPoint","urlTemplate":"https:\/\/label.bet\/tr\/?s={search_term_string}"},"query-input":{"@type":"PropertyValueSpecification","valueRequired":true,"valueName":"search_term_string"}}],"inLanguage":"tr"}]}},"_links":{"self":[{"href":"https:\/\/label.bet\/tr\/wp-json\/wp\/v2\/pages\/1743","targetHints":{"allow":["GET"]}}],"collection":[{"href":"https:\/\/label.bet\/tr\/wp-json\/wp\/v2\/pages"}],"about":[{"href":"https:\/\/label.bet\/tr\/wp-json\/wp\/v2\/types\/page"}],"author":[{"embeddable":true,"href":"https:\/\/label.bet\/tr\/wp-json\/wp\/v2\/users\/1"}],"replies":[{"embeddable":true,"href":"https:\/\/label.bet\/tr\/wp-json\/wp\/v2\/comments?post=1743"}],"version-history":[{"count":5,"href":"https:\/\/label.bet\/tr\/wp-json\/wp\/v2\/pages\/1743\/revisions"}],"predecessor-version":[{"id":1998,"href":"https:\/\/label.bet\/tr\/wp-json\/wp\/v2\/pages\/1743\/revisions\/1998"}],"wp:attachment":[{"href":"https:\/\/label.bet\/tr\/wp-json\/wp\/v2\/media?parent=1743"}],"curies":[{"name":"wp","href":"https:\/\/api.w.org\/{rel}","templated":true}]}}