{"id":1794,"date":"2026-01-23T13:55:38","date_gmt":"2026-01-23T10:55:38","guid":{"rendered":"https:\/\/label.bet\/tr\/?page_id=1794"},"modified":"2026-02-27T20:43:01","modified_gmt":"2026-02-27T17:43:01","slug":"chicken-road","status":"publish","type":"page","link":"https:\/\/label.bet\/tr\/chicken-road\/","title":{"rendered":"Chicken Road"},"content":{"rendered":"","protected":false},"excerpt":{"rendered":"","protected":false},"author":1,"featured_media":0,"parent":0,"menu_order":0,"comment_status":"closed","ping_status":"closed","template":"","meta":{"_acf_changed":false,"footnotes":""},"class_list":["post-1794","page","type-page","status-publish","hentry"],"acf":[],"yoast_head":"<!-- This site is optimized with the Yoast SEO plugin v26.5 - https:\/\/yoast.com\/wordpress\/plugins\/seo\/ -->\n<title>BetLabel&#039;da Chicken Road \u2714\ufe0f Y\u00fcksek RTP&#039;li crash oyunu<\/title>\n<meta name=\"description\" content=\"BetLabel Casino&#039;daki Chicken Road \ud83d\udcbb, y\u00fcksek RTP&#039;ye sahip dinamik bir crash oyunudur. Bahsinizi yap\u0131n, \u00e7arpan\u0131n b\u00fcy\u00fcmesini izleyin ve kazanc\u0131n\u0131z\u0131 zaman\u0131nda toplay\u0131n. H\u0131zl\u0131 tempolu ve heyecan verici oturumlar i\u00e7in idealdir.\" \/>\n<meta name=\"robots\" content=\"index, follow, max-snippet:-1, max-image-preview:large, max-video-preview:-1\" \/>\n<link rel=\"canonical\" href=\"https:\/\/label.bet\/tr\/chicken-road\/\" \/>\n<meta property=\"og:locale\" content=\"tr_TR\" \/>\n<meta property=\"og:type\" content=\"article\" \/>\n<meta property=\"og:title\" content=\"BetLabel&#039;da Chicken Road \u2714\ufe0f Y\u00fcksek RTP&#039;li crash oyunu\" \/>\n<meta property=\"og:description\" content=\"BetLabel Casino&#039;daki Chicken Road \ud83d\udcbb, y\u00fcksek RTP&#039;ye sahip dinamik bir crash oyunudur. Bahsinizi yap\u0131n, \u00e7arpan\u0131n b\u00fcy\u00fcmesini izleyin ve kazanc\u0131n\u0131z\u0131 zaman\u0131nda toplay\u0131n. H\u0131zl\u0131 tempolu ve heyecan verici oturumlar i\u00e7in idealdir.\" \/>\n<meta property=\"og:url\" content=\"https:\/\/label.bet\/tr\/chicken-road\/\" \/>\n<meta property=\"og:site_name\" content=\"Betlabel tr\" \/>\n<meta property=\"article:modified_time\" content=\"2026-02-27T17:43:01+00:00\" \/>\n<meta name=\"twitter:card\" content=\"summary_large_image\" \/>\n<script type=\"application\/ld+json\" class=\"yoast-schema-graph\">{\"@context\":\"https:\/\/schema.org\",\"@graph\":[{\"@type\":\"WebPage\",\"@id\":\"https:\/\/label.bet\/tr\/chicken-road\/\",\"url\":\"https:\/\/label.bet\/tr\/chicken-road\/\",\"name\":\"BetLabel'da Chicken Road \u2714\ufe0f Y\u00fcksek RTP'li crash oyunu\",\"isPartOf\":{\"@id\":\"https:\/\/label.bet\/tr\/#website\"},\"datePublished\":\"2026-01-23T10:55:38+00:00\",\"dateModified\":\"2026-02-27T17:43:01+00:00\",\"description\":\"BetLabel Casino'daki Chicken Road \ud83d\udcbb, y\u00fcksek RTP'ye sahip dinamik bir crash oyunudur. Bahsinizi yap\u0131n, \u00e7arpan\u0131n b\u00fcy\u00fcmesini izleyin ve kazanc\u0131n\u0131z\u0131 zaman\u0131nda toplay\u0131n. H\u0131zl\u0131 tempolu ve heyecan verici oturumlar i\u00e7in idealdir.\",\"inLanguage\":\"tr\",\"potentialAction\":[{\"@type\":\"ReadAction\",\"target\":[\"https:\/\/label.bet\/tr\/chicken-road\/\"]}]},{\"@type\":\"WebSite\",\"@id\":\"https:\/\/label.bet\/tr\/#website\",\"url\":\"https:\/\/label.bet\/tr\/\",\"name\":\"Betlabel tr\",\"description\":\"\",\"potentialAction\":[{\"@type\":\"SearchAction\",\"target\":{\"@type\":\"EntryPoint\",\"urlTemplate\":\"https:\/\/label.bet\/tr\/?s={search_term_string}\"},\"query-input\":{\"@type\":\"PropertyValueSpecification\",\"valueRequired\":true,\"valueName\":\"search_term_string\"}}],\"inLanguage\":\"tr\"}]}<\/script>\n<!-- \/ Yoast SEO plugin. -->","yoast_head_json":{"title":"BetLabel'da Chicken Road \u2714\ufe0f Y\u00fcksek RTP'li crash oyunu","description":"BetLabel Casino'daki Chicken Road \ud83d\udcbb, y\u00fcksek RTP'ye sahip dinamik bir crash oyunudur. Bahsinizi yap\u0131n, \u00e7arpan\u0131n b\u00fcy\u00fcmesini izleyin ve kazanc\u0131n\u0131z\u0131 zaman\u0131nda toplay\u0131n. H\u0131zl\u0131 tempolu ve heyecan verici oturumlar i\u00e7in idealdir.","robots":{"index":"index","follow":"follow","max-snippet":"max-snippet:-1","max-image-preview":"max-image-preview:large","max-video-preview":"max-video-preview:-1"},"canonical":"https:\/\/label.bet\/tr\/chicken-road\/","og_locale":"tr_TR","og_type":"article","og_title":"BetLabel'da Chicken Road \u2714\ufe0f Y\u00fcksek RTP'li crash oyunu","og_description":"BetLabel Casino'daki Chicken Road \ud83d\udcbb, y\u00fcksek RTP'ye sahip dinamik bir crash oyunudur. Bahsinizi yap\u0131n, \u00e7arpan\u0131n b\u00fcy\u00fcmesini izleyin ve kazanc\u0131n\u0131z\u0131 zaman\u0131nda toplay\u0131n. H\u0131zl\u0131 tempolu ve heyecan verici oturumlar i\u00e7in idealdir.","og_url":"https:\/\/label.bet\/tr\/chicken-road\/","og_site_name":"Betlabel tr","article_modified_time":"2026-02-27T17:43:01+00:00","twitter_card":"summary_large_image","schema":{"@context":"https:\/\/schema.org","@graph":[{"@type":"WebPage","@id":"https:\/\/label.bet\/tr\/chicken-road\/","url":"https:\/\/label.bet\/tr\/chicken-road\/","name":"BetLabel'da Chicken Road \u2714\ufe0f Y\u00fcksek RTP'li crash oyunu","isPartOf":{"@id":"https:\/\/label.bet\/tr\/#website"},"datePublished":"2026-01-23T10:55:38+00:00","dateModified":"2026-02-27T17:43:01+00:00","description":"BetLabel Casino'daki Chicken Road \ud83d\udcbb, y\u00fcksek RTP'ye sahip dinamik bir crash oyunudur. Bahsinizi yap\u0131n, \u00e7arpan\u0131n b\u00fcy\u00fcmesini izleyin ve kazanc\u0131n\u0131z\u0131 zaman\u0131nda toplay\u0131n. H\u0131zl\u0131 tempolu ve heyecan verici oturumlar i\u00e7in idealdir.","inLanguage":"tr","potentialAction":[{"@type":"ReadAction","target":["https:\/\/label.bet\/tr\/chicken-road\/"]}]},{"@type":"WebSite","@id":"https:\/\/label.bet\/tr\/#website","url":"https:\/\/label.bet\/tr\/","name":"Betlabel tr","description":"","potentialAction":[{"@type":"SearchAction","target":{"@type":"EntryPoint","urlTemplate":"https:\/\/label.bet\/tr\/?s={search_term_string}"},"query-input":{"@type":"PropertyValueSpecification","valueRequired":true,"valueName":"search_term_string"}}],"inLanguage":"tr"}]}},"_links":{"self":[{"href":"https:\/\/label.bet\/tr\/wp-json\/wp\/v2\/pages\/1794","targetHints":{"allow":["GET"]}}],"collection":[{"href":"https:\/\/label.bet\/tr\/wp-json\/wp\/v2\/pages"}],"about":[{"href":"https:\/\/label.bet\/tr\/wp-json\/wp\/v2\/types\/page"}],"author":[{"embeddable":true,"href":"https:\/\/label.bet\/tr\/wp-json\/wp\/v2\/users\/1"}],"replies":[{"embeddable":true,"href":"https:\/\/label.bet\/tr\/wp-json\/wp\/v2\/comments?post=1794"}],"version-history":[{"count":5,"href":"https:\/\/label.bet\/tr\/wp-json\/wp\/v2\/pages\/1794\/revisions"}],"predecessor-version":[{"id":1975,"href":"https:\/\/label.bet\/tr\/wp-json\/wp\/v2\/pages\/1794\/revisions\/1975"}],"wp:attachment":[{"href":"https:\/\/label.bet\/tr\/wp-json\/wp\/v2\/media?parent=1794"}],"curies":[{"name":"wp","href":"https:\/\/api.w.org\/{rel}","templated":true}]}}