{"id":1815,"date":"2026-01-25T14:57:29","date_gmt":"2026-01-25T11:57:29","guid":{"rendered":"https:\/\/label.bet\/tr\/?page_id=1815"},"modified":"2026-02-28T16:45:45","modified_gmt":"2026-02-28T13:45:45","slug":"sweet-bonanza","status":"publish","type":"page","link":"https:\/\/label.bet\/tr\/sweet-bonanza\/","title":{"rendered":"Sweet Bonanza"},"content":{"rendered":"","protected":false},"excerpt":{"rendered":"","protected":false},"author":1,"featured_media":0,"parent":0,"menu_order":0,"comment_status":"closed","ping_status":"closed","template":"","meta":{"_acf_changed":false,"footnotes":""},"class_list":["post-1815","page","type-page","status-publish","hentry"],"acf":[],"yoast_head":"<!-- This site is optimized with the Yoast SEO plugin v26.5 - https:\/\/yoast.com\/wordpress\/plugins\/seo\/ -->\n<title>BetLabel&#039;da Sweet Bonanza \u26a1\ufe0f Pragmatic Play slotu ve bonuslar\u0131<\/title>\n<meta name=\"description\" content=\"BetLabel Casino&#039;da Pragmatic Play&#039;in Sweet Bonanza oyununu oynay\u0131n \u27a4 Basamakl\u0131 kazan\u00e7lar, \u00fccretsiz d\u00f6n\u00fc\u015fler ve \u00e7arpanlar i\u00e7eren canl\u0131 bir meyve slotu. Karma\u015f\u0131k kurallar\u0131 olmayan h\u0131zl\u0131 oyun ve bonus turlar\u0131.\" \/>\n<meta name=\"robots\" content=\"index, follow, max-snippet:-1, max-image-preview:large, max-video-preview:-1\" \/>\n<link rel=\"canonical\" href=\"https:\/\/label.bet\/tr\/sweet-bonanza\/\" \/>\n<meta property=\"og:locale\" content=\"tr_TR\" \/>\n<meta property=\"og:type\" content=\"article\" \/>\n<meta property=\"og:title\" content=\"BetLabel&#039;da Sweet Bonanza \u26a1\ufe0f Pragmatic Play slotu ve bonuslar\u0131\" \/>\n<meta property=\"og:description\" content=\"BetLabel Casino&#039;da Pragmatic Play&#039;in Sweet Bonanza oyununu oynay\u0131n \u27a4 Basamakl\u0131 kazan\u00e7lar, \u00fccretsiz d\u00f6n\u00fc\u015fler ve \u00e7arpanlar i\u00e7eren canl\u0131 bir meyve slotu. Karma\u015f\u0131k kurallar\u0131 olmayan h\u0131zl\u0131 oyun ve bonus turlar\u0131.\" \/>\n<meta property=\"og:url\" content=\"https:\/\/label.bet\/tr\/sweet-bonanza\/\" \/>\n<meta property=\"og:site_name\" content=\"Betlabel tr\" \/>\n<meta property=\"article:modified_time\" content=\"2026-02-28T13:45:45+00:00\" \/>\n<meta name=\"twitter:card\" content=\"summary_large_image\" \/>\n<script type=\"application\/ld+json\" class=\"yoast-schema-graph\">{\"@context\":\"https:\/\/schema.org\",\"@graph\":[{\"@type\":\"WebPage\",\"@id\":\"https:\/\/label.bet\/tr\/sweet-bonanza\/\",\"url\":\"https:\/\/label.bet\/tr\/sweet-bonanza\/\",\"name\":\"BetLabel'da Sweet Bonanza \u26a1\ufe0f Pragmatic Play slotu ve bonuslar\u0131\",\"isPartOf\":{\"@id\":\"https:\/\/label.bet\/tr\/#website\"},\"datePublished\":\"2026-01-25T11:57:29+00:00\",\"dateModified\":\"2026-02-28T13:45:45+00:00\",\"description\":\"BetLabel Casino'da Pragmatic Play'in Sweet Bonanza oyununu oynay\u0131n \u27a4 Basamakl\u0131 kazan\u00e7lar, \u00fccretsiz d\u00f6n\u00fc\u015fler ve \u00e7arpanlar i\u00e7eren canl\u0131 bir meyve slotu. Karma\u015f\u0131k kurallar\u0131 olmayan h\u0131zl\u0131 oyun ve bonus turlar\u0131.\",\"inLanguage\":\"tr\",\"potentialAction\":[{\"@type\":\"ReadAction\",\"target\":[\"https:\/\/label.bet\/tr\/sweet-bonanza\/\"]}]},{\"@type\":\"WebSite\",\"@id\":\"https:\/\/label.bet\/tr\/#website\",\"url\":\"https:\/\/label.bet\/tr\/\",\"name\":\"Betlabel tr\",\"description\":\"\",\"potentialAction\":[{\"@type\":\"SearchAction\",\"target\":{\"@type\":\"EntryPoint\",\"urlTemplate\":\"https:\/\/label.bet\/tr\/?s={search_term_string}\"},\"query-input\":{\"@type\":\"PropertyValueSpecification\",\"valueRequired\":true,\"valueName\":\"search_term_string\"}}],\"inLanguage\":\"tr\"}]}<\/script>\n<!-- \/ Yoast SEO plugin. -->","yoast_head_json":{"title":"BetLabel'da Sweet Bonanza \u26a1\ufe0f Pragmatic Play slotu ve bonuslar\u0131","description":"BetLabel Casino'da Pragmatic Play'in Sweet Bonanza oyununu oynay\u0131n \u27a4 Basamakl\u0131 kazan\u00e7lar, \u00fccretsiz d\u00f6n\u00fc\u015fler ve \u00e7arpanlar i\u00e7eren canl\u0131 bir meyve slotu. Karma\u015f\u0131k kurallar\u0131 olmayan h\u0131zl\u0131 oyun ve bonus turlar\u0131.","robots":{"index":"index","follow":"follow","max-snippet":"max-snippet:-1","max-image-preview":"max-image-preview:large","max-video-preview":"max-video-preview:-1"},"canonical":"https:\/\/label.bet\/tr\/sweet-bonanza\/","og_locale":"tr_TR","og_type":"article","og_title":"BetLabel'da Sweet Bonanza \u26a1\ufe0f Pragmatic Play slotu ve bonuslar\u0131","og_description":"BetLabel Casino'da Pragmatic Play'in Sweet Bonanza oyununu oynay\u0131n \u27a4 Basamakl\u0131 kazan\u00e7lar, \u00fccretsiz d\u00f6n\u00fc\u015fler ve \u00e7arpanlar i\u00e7eren canl\u0131 bir meyve slotu. Karma\u015f\u0131k kurallar\u0131 olmayan h\u0131zl\u0131 oyun ve bonus turlar\u0131.","og_url":"https:\/\/label.bet\/tr\/sweet-bonanza\/","og_site_name":"Betlabel tr","article_modified_time":"2026-02-28T13:45:45+00:00","twitter_card":"summary_large_image","schema":{"@context":"https:\/\/schema.org","@graph":[{"@type":"WebPage","@id":"https:\/\/label.bet\/tr\/sweet-bonanza\/","url":"https:\/\/label.bet\/tr\/sweet-bonanza\/","name":"BetLabel'da Sweet Bonanza \u26a1\ufe0f Pragmatic Play slotu ve bonuslar\u0131","isPartOf":{"@id":"https:\/\/label.bet\/tr\/#website"},"datePublished":"2026-01-25T11:57:29+00:00","dateModified":"2026-02-28T13:45:45+00:00","description":"BetLabel Casino'da Pragmatic Play'in Sweet Bonanza oyununu oynay\u0131n \u27a4 Basamakl\u0131 kazan\u00e7lar, \u00fccretsiz d\u00f6n\u00fc\u015fler ve \u00e7arpanlar i\u00e7eren canl\u0131 bir meyve slotu. Karma\u015f\u0131k kurallar\u0131 olmayan h\u0131zl\u0131 oyun ve bonus turlar\u0131.","inLanguage":"tr","potentialAction":[{"@type":"ReadAction","target":["https:\/\/label.bet\/tr\/sweet-bonanza\/"]}]},{"@type":"WebSite","@id":"https:\/\/label.bet\/tr\/#website","url":"https:\/\/label.bet\/tr\/","name":"Betlabel tr","description":"","potentialAction":[{"@type":"SearchAction","target":{"@type":"EntryPoint","urlTemplate":"https:\/\/label.bet\/tr\/?s={search_term_string}"},"query-input":{"@type":"PropertyValueSpecification","valueRequired":true,"valueName":"search_term_string"}}],"inLanguage":"tr"}]}},"_links":{"self":[{"href":"https:\/\/label.bet\/tr\/wp-json\/wp\/v2\/pages\/1815","targetHints":{"allow":["GET"]}}],"collection":[{"href":"https:\/\/label.bet\/tr\/wp-json\/wp\/v2\/pages"}],"about":[{"href":"https:\/\/label.bet\/tr\/wp-json\/wp\/v2\/types\/page"}],"author":[{"embeddable":true,"href":"https:\/\/label.bet\/tr\/wp-json\/wp\/v2\/users\/1"}],"replies":[{"embeddable":true,"href":"https:\/\/label.bet\/tr\/wp-json\/wp\/v2\/comments?post=1815"}],"version-history":[{"count":4,"href":"https:\/\/label.bet\/tr\/wp-json\/wp\/v2\/pages\/1815\/revisions"}],"predecessor-version":[{"id":1994,"href":"https:\/\/label.bet\/tr\/wp-json\/wp\/v2\/pages\/1815\/revisions\/1994"}],"wp:attachment":[{"href":"https:\/\/label.bet\/tr\/wp-json\/wp\/v2\/media?parent=1815"}],"curies":[{"name":"wp","href":"https:\/\/api.w.org\/{rel}","templated":true}]}}