{"id":1821,"date":"2026-01-25T16:26:05","date_gmt":"2026-01-25T13:26:05","guid":{"rendered":"https:\/\/label.bet\/tr\/?page_id=1821"},"modified":"2026-03-05T21:39:04","modified_gmt":"2026-03-05T18:39:04","slug":"gates-of-olympus","status":"publish","type":"page","link":"https:\/\/label.bet\/tr\/gates-of-olympus\/","title":{"rendered":"Gates of Olympus"},"content":{"rendered":"","protected":false},"excerpt":{"rendered":"","protected":false},"author":1,"featured_media":0,"parent":0,"menu_order":0,"comment_status":"closed","ping_status":"closed","template":"","meta":{"_acf_changed":false,"footnotes":""},"class_list":["post-1821","page","type-page","status-publish","hentry"],"acf":[],"yoast_head":"<!-- This site is optimized with the Yoast SEO plugin v26.5 - https:\/\/yoast.com\/wordpress\/plugins\/seo\/ -->\n<title>BetLabel&#039;da Gates of Olympus \u2714\ufe0f 500x&#039;e kadar \u00e7arpanl\u0131 slot<\/title>\n<meta name=\"description\" content=\"BetLabel Casino&#039;da Gates of Olympus oynay\u0131n \u2714\ufe0f Basamakl\u0131 makaralar, bonus sat\u0131n alma ve 500 kata kadar \u00e7arpanlar ile pop\u00fcler bir Pragmatic Play slotu. Oyun, oynan\u0131\u015f, volatilite ve b\u00fcy\u00fck kazan\u00e7 f\u0131rsatlar\u0131na genel bak\u0131\u015f.\" \/>\n<meta name=\"robots\" content=\"index, follow, max-snippet:-1, max-image-preview:large, max-video-preview:-1\" \/>\n<link rel=\"canonical\" href=\"https:\/\/label.bet\/tr\/gates-of-olympus\/\" \/>\n<meta property=\"og:locale\" content=\"tr_TR\" \/>\n<meta property=\"og:type\" content=\"article\" \/>\n<meta property=\"og:title\" content=\"BetLabel&#039;da Gates of Olympus \u2714\ufe0f 500x&#039;e kadar \u00e7arpanl\u0131 slot\" \/>\n<meta property=\"og:description\" content=\"BetLabel Casino&#039;da Gates of Olympus oynay\u0131n \u2714\ufe0f Basamakl\u0131 makaralar, bonus sat\u0131n alma ve 500 kata kadar \u00e7arpanlar ile pop\u00fcler bir Pragmatic Play slotu. Oyun, oynan\u0131\u015f, volatilite ve b\u00fcy\u00fck kazan\u00e7 f\u0131rsatlar\u0131na genel bak\u0131\u015f.\" \/>\n<meta property=\"og:url\" content=\"https:\/\/label.bet\/tr\/gates-of-olympus\/\" \/>\n<meta property=\"og:site_name\" content=\"Betlabel tr\" \/>\n<meta property=\"article:modified_time\" content=\"2026-03-05T18:39:04+00:00\" \/>\n<meta name=\"twitter:card\" content=\"summary_large_image\" \/>\n<script type=\"application\/ld+json\" class=\"yoast-schema-graph\">{\"@context\":\"https:\/\/schema.org\",\"@graph\":[{\"@type\":\"WebPage\",\"@id\":\"https:\/\/label.bet\/tr\/gates-of-olympus\/\",\"url\":\"https:\/\/label.bet\/tr\/gates-of-olympus\/\",\"name\":\"BetLabel'da Gates of Olympus \u2714\ufe0f 500x'e kadar \u00e7arpanl\u0131 slot\",\"isPartOf\":{\"@id\":\"https:\/\/label.bet\/tr\/#website\"},\"datePublished\":\"2026-01-25T13:26:05+00:00\",\"dateModified\":\"2026-03-05T18:39:04+00:00\",\"description\":\"BetLabel Casino'da Gates of Olympus oynay\u0131n \u2714\ufe0f Basamakl\u0131 makaralar, bonus sat\u0131n alma ve 500 kata kadar \u00e7arpanlar ile pop\u00fcler bir Pragmatic Play slotu. Oyun, oynan\u0131\u015f, volatilite ve b\u00fcy\u00fck kazan\u00e7 f\u0131rsatlar\u0131na genel bak\u0131\u015f.\",\"inLanguage\":\"tr\",\"potentialAction\":[{\"@type\":\"ReadAction\",\"target\":[\"https:\/\/label.bet\/tr\/gates-of-olympus\/\"]}]},{\"@type\":\"WebSite\",\"@id\":\"https:\/\/label.bet\/tr\/#website\",\"url\":\"https:\/\/label.bet\/tr\/\",\"name\":\"Betlabel tr\",\"description\":\"\",\"potentialAction\":[{\"@type\":\"SearchAction\",\"target\":{\"@type\":\"EntryPoint\",\"urlTemplate\":\"https:\/\/label.bet\/tr\/?s={search_term_string}\"},\"query-input\":{\"@type\":\"PropertyValueSpecification\",\"valueRequired\":true,\"valueName\":\"search_term_string\"}}],\"inLanguage\":\"tr\"}]}<\/script>\n<!-- \/ Yoast SEO plugin. -->","yoast_head_json":{"title":"BetLabel'da Gates of Olympus \u2714\ufe0f 500x'e kadar \u00e7arpanl\u0131 slot","description":"BetLabel Casino'da Gates of Olympus oynay\u0131n \u2714\ufe0f Basamakl\u0131 makaralar, bonus sat\u0131n alma ve 500 kata kadar \u00e7arpanlar ile pop\u00fcler bir Pragmatic Play slotu. Oyun, oynan\u0131\u015f, volatilite ve b\u00fcy\u00fck kazan\u00e7 f\u0131rsatlar\u0131na genel bak\u0131\u015f.","robots":{"index":"index","follow":"follow","max-snippet":"max-snippet:-1","max-image-preview":"max-image-preview:large","max-video-preview":"max-video-preview:-1"},"canonical":"https:\/\/label.bet\/tr\/gates-of-olympus\/","og_locale":"tr_TR","og_type":"article","og_title":"BetLabel'da Gates of Olympus \u2714\ufe0f 500x'e kadar \u00e7arpanl\u0131 slot","og_description":"BetLabel Casino'da Gates of Olympus oynay\u0131n \u2714\ufe0f Basamakl\u0131 makaralar, bonus sat\u0131n alma ve 500 kata kadar \u00e7arpanlar ile pop\u00fcler bir Pragmatic Play slotu. Oyun, oynan\u0131\u015f, volatilite ve b\u00fcy\u00fck kazan\u00e7 f\u0131rsatlar\u0131na genel bak\u0131\u015f.","og_url":"https:\/\/label.bet\/tr\/gates-of-olympus\/","og_site_name":"Betlabel tr","article_modified_time":"2026-03-05T18:39:04+00:00","twitter_card":"summary_large_image","schema":{"@context":"https:\/\/schema.org","@graph":[{"@type":"WebPage","@id":"https:\/\/label.bet\/tr\/gates-of-olympus\/","url":"https:\/\/label.bet\/tr\/gates-of-olympus\/","name":"BetLabel'da Gates of Olympus \u2714\ufe0f 500x'e kadar \u00e7arpanl\u0131 slot","isPartOf":{"@id":"https:\/\/label.bet\/tr\/#website"},"datePublished":"2026-01-25T13:26:05+00:00","dateModified":"2026-03-05T18:39:04+00:00","description":"BetLabel Casino'da Gates of Olympus oynay\u0131n \u2714\ufe0f Basamakl\u0131 makaralar, bonus sat\u0131n alma ve 500 kata kadar \u00e7arpanlar ile pop\u00fcler bir Pragmatic Play slotu. Oyun, oynan\u0131\u015f, volatilite ve b\u00fcy\u00fck kazan\u00e7 f\u0131rsatlar\u0131na genel bak\u0131\u015f.","inLanguage":"tr","potentialAction":[{"@type":"ReadAction","target":["https:\/\/label.bet\/tr\/gates-of-olympus\/"]}]},{"@type":"WebSite","@id":"https:\/\/label.bet\/tr\/#website","url":"https:\/\/label.bet\/tr\/","name":"Betlabel tr","description":"","potentialAction":[{"@type":"SearchAction","target":{"@type":"EntryPoint","urlTemplate":"https:\/\/label.bet\/tr\/?s={search_term_string}"},"query-input":{"@type":"PropertyValueSpecification","valueRequired":true,"valueName":"search_term_string"}}],"inLanguage":"tr"}]}},"_links":{"self":[{"href":"https:\/\/label.bet\/tr\/wp-json\/wp\/v2\/pages\/1821","targetHints":{"allow":["GET"]}}],"collection":[{"href":"https:\/\/label.bet\/tr\/wp-json\/wp\/v2\/pages"}],"about":[{"href":"https:\/\/label.bet\/tr\/wp-json\/wp\/v2\/types\/page"}],"author":[{"embeddable":true,"href":"https:\/\/label.bet\/tr\/wp-json\/wp\/v2\/users\/1"}],"replies":[{"embeddable":true,"href":"https:\/\/label.bet\/tr\/wp-json\/wp\/v2\/comments?post=1821"}],"version-history":[{"count":5,"href":"https:\/\/label.bet\/tr\/wp-json\/wp\/v2\/pages\/1821\/revisions"}],"predecessor-version":[{"id":1999,"href":"https:\/\/label.bet\/tr\/wp-json\/wp\/v2\/pages\/1821\/revisions\/1999"}],"wp:attachment":[{"href":"https:\/\/label.bet\/tr\/wp-json\/wp\/v2\/media?parent=1821"}],"curies":[{"name":"wp","href":"https:\/\/api.w.org\/{rel}","templated":true}]}}