{"id":1828,"date":"2026-01-25T16:47:31","date_gmt":"2026-01-25T13:47:31","guid":{"rendered":"https:\/\/label.bet\/tr\/?page_id=1828"},"modified":"2026-02-27T20:22:06","modified_gmt":"2026-02-27T17:22:06","slug":"book-of-dead","status":"publish","type":"page","link":"https:\/\/label.bet\/tr\/book-of-dead\/","title":{"rendered":"Book of Dead"},"content":{"rendered":"","protected":false},"excerpt":{"rendered":"","protected":false},"author":1,"featured_media":0,"parent":0,"menu_order":0,"comment_status":"closed","ping_status":"closed","template":"","meta":{"_acf_changed":false,"footnotes":""},"class_list":["post-1828","page","type-page","status-publish","hentry"],"acf":[],"yoast_head":"<!-- This site is optimized with the Yoast SEO plugin v26.5 - https:\/\/yoast.com\/wordpress\/plugins\/seo\/ -->\n<title>BetLabel Casino&#039;da Book of Dead \u2b50\ufe0f Klasik slot oyunu<\/title>\n<meta name=\"description\" content=\"BetLabel&#039;da Book of Dead&#039;i oynay\u0131n \u27a4 Play&#039;n GO&#039;nun \u00fccretsiz d\u00f6n\u00fc\u015fler ve y\u00fcksek kazan\u00e7 potansiyeli sunan efsanevi kitap slotu. Basit kurallar, h\u0131zl\u0131 d\u00f6n\u00fc\u015fler ve \u00e7evrimi\u00e7i kumarhanelerin en sevilen klasi\u011fi.\" \/>\n<meta name=\"robots\" content=\"index, follow, max-snippet:-1, max-image-preview:large, max-video-preview:-1\" \/>\n<link rel=\"canonical\" href=\"https:\/\/label.bet\/tr\/book-of-dead\/\" \/>\n<meta property=\"og:locale\" content=\"tr_TR\" \/>\n<meta property=\"og:type\" content=\"article\" \/>\n<meta property=\"og:title\" content=\"BetLabel Casino&#039;da Book of Dead \u2b50\ufe0f Klasik slot oyunu\" \/>\n<meta property=\"og:description\" content=\"BetLabel&#039;da Book of Dead&#039;i oynay\u0131n \u27a4 Play&#039;n GO&#039;nun \u00fccretsiz d\u00f6n\u00fc\u015fler ve y\u00fcksek kazan\u00e7 potansiyeli sunan efsanevi kitap slotu. Basit kurallar, h\u0131zl\u0131 d\u00f6n\u00fc\u015fler ve \u00e7evrimi\u00e7i kumarhanelerin en sevilen klasi\u011fi.\" \/>\n<meta property=\"og:url\" content=\"https:\/\/label.bet\/tr\/book-of-dead\/\" \/>\n<meta property=\"og:site_name\" content=\"Betlabel tr\" \/>\n<meta property=\"article:modified_time\" content=\"2026-02-27T17:22:06+00:00\" \/>\n<meta name=\"twitter:card\" content=\"summary_large_image\" \/>\n<script type=\"application\/ld+json\" class=\"yoast-schema-graph\">{\"@context\":\"https:\/\/schema.org\",\"@graph\":[{\"@type\":\"WebPage\",\"@id\":\"https:\/\/label.bet\/tr\/book-of-dead\/\",\"url\":\"https:\/\/label.bet\/tr\/book-of-dead\/\",\"name\":\"BetLabel Casino'da Book of Dead \u2b50\ufe0f Klasik slot oyunu\",\"isPartOf\":{\"@id\":\"https:\/\/label.bet\/tr\/#website\"},\"datePublished\":\"2026-01-25T13:47:31+00:00\",\"dateModified\":\"2026-02-27T17:22:06+00:00\",\"description\":\"BetLabel'da Book of Dead'i oynay\u0131n \u27a4 Play'n GO'nun \u00fccretsiz d\u00f6n\u00fc\u015fler ve y\u00fcksek kazan\u00e7 potansiyeli sunan efsanevi kitap slotu. Basit kurallar, h\u0131zl\u0131 d\u00f6n\u00fc\u015fler ve \u00e7evrimi\u00e7i kumarhanelerin en sevilen klasi\u011fi.\",\"inLanguage\":\"tr\",\"potentialAction\":[{\"@type\":\"ReadAction\",\"target\":[\"https:\/\/label.bet\/tr\/book-of-dead\/\"]}]},{\"@type\":\"WebSite\",\"@id\":\"https:\/\/label.bet\/tr\/#website\",\"url\":\"https:\/\/label.bet\/tr\/\",\"name\":\"Betlabel tr\",\"description\":\"\",\"potentialAction\":[{\"@type\":\"SearchAction\",\"target\":{\"@type\":\"EntryPoint\",\"urlTemplate\":\"https:\/\/label.bet\/tr\/?s={search_term_string}\"},\"query-input\":{\"@type\":\"PropertyValueSpecification\",\"valueRequired\":true,\"valueName\":\"search_term_string\"}}],\"inLanguage\":\"tr\"}]}<\/script>\n<!-- \/ Yoast SEO plugin. -->","yoast_head_json":{"title":"BetLabel Casino'da Book of Dead \u2b50\ufe0f Klasik slot oyunu","description":"BetLabel'da Book of Dead'i oynay\u0131n \u27a4 Play'n GO'nun \u00fccretsiz d\u00f6n\u00fc\u015fler ve y\u00fcksek kazan\u00e7 potansiyeli sunan efsanevi kitap slotu. Basit kurallar, h\u0131zl\u0131 d\u00f6n\u00fc\u015fler ve \u00e7evrimi\u00e7i kumarhanelerin en sevilen klasi\u011fi.","robots":{"index":"index","follow":"follow","max-snippet":"max-snippet:-1","max-image-preview":"max-image-preview:large","max-video-preview":"max-video-preview:-1"},"canonical":"https:\/\/label.bet\/tr\/book-of-dead\/","og_locale":"tr_TR","og_type":"article","og_title":"BetLabel Casino'da Book of Dead \u2b50\ufe0f Klasik slot oyunu","og_description":"BetLabel'da Book of Dead'i oynay\u0131n \u27a4 Play'n GO'nun \u00fccretsiz d\u00f6n\u00fc\u015fler ve y\u00fcksek kazan\u00e7 potansiyeli sunan efsanevi kitap slotu. Basit kurallar, h\u0131zl\u0131 d\u00f6n\u00fc\u015fler ve \u00e7evrimi\u00e7i kumarhanelerin en sevilen klasi\u011fi.","og_url":"https:\/\/label.bet\/tr\/book-of-dead\/","og_site_name":"Betlabel tr","article_modified_time":"2026-02-27T17:22:06+00:00","twitter_card":"summary_large_image","schema":{"@context":"https:\/\/schema.org","@graph":[{"@type":"WebPage","@id":"https:\/\/label.bet\/tr\/book-of-dead\/","url":"https:\/\/label.bet\/tr\/book-of-dead\/","name":"BetLabel Casino'da Book of Dead \u2b50\ufe0f Klasik slot oyunu","isPartOf":{"@id":"https:\/\/label.bet\/tr\/#website"},"datePublished":"2026-01-25T13:47:31+00:00","dateModified":"2026-02-27T17:22:06+00:00","description":"BetLabel'da Book of Dead'i oynay\u0131n \u27a4 Play'n GO'nun \u00fccretsiz d\u00f6n\u00fc\u015fler ve y\u00fcksek kazan\u00e7 potansiyeli sunan efsanevi kitap slotu. Basit kurallar, h\u0131zl\u0131 d\u00f6n\u00fc\u015fler ve \u00e7evrimi\u00e7i kumarhanelerin en sevilen klasi\u011fi.","inLanguage":"tr","potentialAction":[{"@type":"ReadAction","target":["https:\/\/label.bet\/tr\/book-of-dead\/"]}]},{"@type":"WebSite","@id":"https:\/\/label.bet\/tr\/#website","url":"https:\/\/label.bet\/tr\/","name":"Betlabel tr","description":"","potentialAction":[{"@type":"SearchAction","target":{"@type":"EntryPoint","urlTemplate":"https:\/\/label.bet\/tr\/?s={search_term_string}"},"query-input":{"@type":"PropertyValueSpecification","valueRequired":true,"valueName":"search_term_string"}}],"inLanguage":"tr"}]}},"_links":{"self":[{"href":"https:\/\/label.bet\/tr\/wp-json\/wp\/v2\/pages\/1828","targetHints":{"allow":["GET"]}}],"collection":[{"href":"https:\/\/label.bet\/tr\/wp-json\/wp\/v2\/pages"}],"about":[{"href":"https:\/\/label.bet\/tr\/wp-json\/wp\/v2\/types\/page"}],"author":[{"embeddable":true,"href":"https:\/\/label.bet\/tr\/wp-json\/wp\/v2\/users\/1"}],"replies":[{"embeddable":true,"href":"https:\/\/label.bet\/tr\/wp-json\/wp\/v2\/comments?post=1828"}],"version-history":[{"count":4,"href":"https:\/\/label.bet\/tr\/wp-json\/wp\/v2\/pages\/1828\/revisions"}],"predecessor-version":[{"id":1973,"href":"https:\/\/label.bet\/tr\/wp-json\/wp\/v2\/pages\/1828\/revisions\/1973"}],"wp:attachment":[{"href":"https:\/\/label.bet\/tr\/wp-json\/wp\/v2\/media?parent=1828"}],"curies":[{"name":"wp","href":"https:\/\/api.w.org\/{rel}","templated":true}]}}