{"id":1842,"date":"2026-01-26T10:38:10","date_gmt":"2026-01-26T07:38:10","guid":{"rendered":"https:\/\/label.bet\/tr\/?page_id=1842"},"modified":"2026-02-28T16:03:29","modified_gmt":"2026-02-28T13:03:29","slug":"jetx","status":"publish","type":"page","link":"https:\/\/label.bet\/tr\/jetx\/","title":{"rendered":"JetX"},"content":{"rendered":"","protected":false},"excerpt":{"rendered":"","protected":false},"author":1,"featured_media":0,"parent":0,"menu_order":0,"comment_status":"closed","ping_status":"closed","template":"","meta":{"_acf_changed":false,"footnotes":""},"class_list":["post-1842","page","type-page","status-publish","hentry"],"acf":[],"yoast_head":"<!-- This site is optimized with the Yoast SEO plugin v26.5 - https:\/\/yoast.com\/wordpress\/plugins\/seo\/ -->\n<title>BetLabel Casino&#039;da JetX \u2611\ufe0f Artan oranlara sahip crash oyunu<\/title>\n<meta name=\"description\" content=\"BetLabel&#039;deki JetX, oranlar\u0131n ger\u00e7ek zamanl\u0131 olarak artt\u0131\u011f\u0131 pop\u00fcler bir crash oyunudur. Nas\u0131l oynanaca\u011f\u0131n\u0131, ne zaman nakit \u00e7ekilece\u011fini, hangi stratejilerin en iyi sonu\u00e7 verdi\u011fini ve JetX&#039;in neden h\u0131zl\u0131 oturumlar i\u00e7in ideal oldu\u011funu \u00f6\u011frenin.\" \/>\n<meta name=\"robots\" content=\"index, follow, max-snippet:-1, max-image-preview:large, max-video-preview:-1\" \/>\n<link rel=\"canonical\" href=\"https:\/\/label.bet\/tr\/jetx\/\" \/>\n<meta property=\"og:locale\" content=\"tr_TR\" \/>\n<meta property=\"og:type\" content=\"article\" \/>\n<meta property=\"og:title\" content=\"BetLabel Casino&#039;da JetX \u2611\ufe0f Artan oranlara sahip crash oyunu\" \/>\n<meta property=\"og:description\" content=\"BetLabel&#039;deki JetX, oranlar\u0131n ger\u00e7ek zamanl\u0131 olarak artt\u0131\u011f\u0131 pop\u00fcler bir crash oyunudur. Nas\u0131l oynanaca\u011f\u0131n\u0131, ne zaman nakit \u00e7ekilece\u011fini, hangi stratejilerin en iyi sonu\u00e7 verdi\u011fini ve JetX&#039;in neden h\u0131zl\u0131 oturumlar i\u00e7in ideal oldu\u011funu \u00f6\u011frenin.\" \/>\n<meta property=\"og:url\" content=\"https:\/\/label.bet\/tr\/jetx\/\" \/>\n<meta property=\"og:site_name\" content=\"Betlabel tr\" \/>\n<meta property=\"article:modified_time\" content=\"2026-02-28T13:03:29+00:00\" \/>\n<meta name=\"twitter:card\" content=\"summary_large_image\" \/>\n<script type=\"application\/ld+json\" class=\"yoast-schema-graph\">{\"@context\":\"https:\/\/schema.org\",\"@graph\":[{\"@type\":\"WebPage\",\"@id\":\"https:\/\/label.bet\/tr\/jetx\/\",\"url\":\"https:\/\/label.bet\/tr\/jetx\/\",\"name\":\"BetLabel Casino'da JetX \u2611\ufe0f Artan oranlara sahip crash oyunu\",\"isPartOf\":{\"@id\":\"https:\/\/label.bet\/tr\/#website\"},\"datePublished\":\"2026-01-26T07:38:10+00:00\",\"dateModified\":\"2026-02-28T13:03:29+00:00\",\"description\":\"BetLabel'deki JetX, oranlar\u0131n ger\u00e7ek zamanl\u0131 olarak artt\u0131\u011f\u0131 pop\u00fcler bir crash oyunudur. Nas\u0131l oynanaca\u011f\u0131n\u0131, ne zaman nakit \u00e7ekilece\u011fini, hangi stratejilerin en iyi sonu\u00e7 verdi\u011fini ve JetX'in neden h\u0131zl\u0131 oturumlar i\u00e7in ideal oldu\u011funu \u00f6\u011frenin.\",\"inLanguage\":\"tr\",\"potentialAction\":[{\"@type\":\"ReadAction\",\"target\":[\"https:\/\/label.bet\/tr\/jetx\/\"]}]},{\"@type\":\"WebSite\",\"@id\":\"https:\/\/label.bet\/tr\/#website\",\"url\":\"https:\/\/label.bet\/tr\/\",\"name\":\"Betlabel tr\",\"description\":\"\",\"potentialAction\":[{\"@type\":\"SearchAction\",\"target\":{\"@type\":\"EntryPoint\",\"urlTemplate\":\"https:\/\/label.bet\/tr\/?s={search_term_string}\"},\"query-input\":{\"@type\":\"PropertyValueSpecification\",\"valueRequired\":true,\"valueName\":\"search_term_string\"}}],\"inLanguage\":\"tr\"}]}<\/script>\n<!-- \/ Yoast SEO plugin. -->","yoast_head_json":{"title":"BetLabel Casino'da JetX \u2611\ufe0f Artan oranlara sahip crash oyunu","description":"BetLabel'deki JetX, oranlar\u0131n ger\u00e7ek zamanl\u0131 olarak artt\u0131\u011f\u0131 pop\u00fcler bir crash oyunudur. Nas\u0131l oynanaca\u011f\u0131n\u0131, ne zaman nakit \u00e7ekilece\u011fini, hangi stratejilerin en iyi sonu\u00e7 verdi\u011fini ve JetX'in neden h\u0131zl\u0131 oturumlar i\u00e7in ideal oldu\u011funu \u00f6\u011frenin.","robots":{"index":"index","follow":"follow","max-snippet":"max-snippet:-1","max-image-preview":"max-image-preview:large","max-video-preview":"max-video-preview:-1"},"canonical":"https:\/\/label.bet\/tr\/jetx\/","og_locale":"tr_TR","og_type":"article","og_title":"BetLabel Casino'da JetX \u2611\ufe0f Artan oranlara sahip crash oyunu","og_description":"BetLabel'deki JetX, oranlar\u0131n ger\u00e7ek zamanl\u0131 olarak artt\u0131\u011f\u0131 pop\u00fcler bir crash oyunudur. Nas\u0131l oynanaca\u011f\u0131n\u0131, ne zaman nakit \u00e7ekilece\u011fini, hangi stratejilerin en iyi sonu\u00e7 verdi\u011fini ve JetX'in neden h\u0131zl\u0131 oturumlar i\u00e7in ideal oldu\u011funu \u00f6\u011frenin.","og_url":"https:\/\/label.bet\/tr\/jetx\/","og_site_name":"Betlabel tr","article_modified_time":"2026-02-28T13:03:29+00:00","twitter_card":"summary_large_image","schema":{"@context":"https:\/\/schema.org","@graph":[{"@type":"WebPage","@id":"https:\/\/label.bet\/tr\/jetx\/","url":"https:\/\/label.bet\/tr\/jetx\/","name":"BetLabel Casino'da JetX \u2611\ufe0f Artan oranlara sahip crash oyunu","isPartOf":{"@id":"https:\/\/label.bet\/tr\/#website"},"datePublished":"2026-01-26T07:38:10+00:00","dateModified":"2026-02-28T13:03:29+00:00","description":"BetLabel'deki JetX, oranlar\u0131n ger\u00e7ek zamanl\u0131 olarak artt\u0131\u011f\u0131 pop\u00fcler bir crash oyunudur. Nas\u0131l oynanaca\u011f\u0131n\u0131, ne zaman nakit \u00e7ekilece\u011fini, hangi stratejilerin en iyi sonu\u00e7 verdi\u011fini ve JetX'in neden h\u0131zl\u0131 oturumlar i\u00e7in ideal oldu\u011funu \u00f6\u011frenin.","inLanguage":"tr","potentialAction":[{"@type":"ReadAction","target":["https:\/\/label.bet\/tr\/jetx\/"]}]},{"@type":"WebSite","@id":"https:\/\/label.bet\/tr\/#website","url":"https:\/\/label.bet\/tr\/","name":"Betlabel tr","description":"","potentialAction":[{"@type":"SearchAction","target":{"@type":"EntryPoint","urlTemplate":"https:\/\/label.bet\/tr\/?s={search_term_string}"},"query-input":{"@type":"PropertyValueSpecification","valueRequired":true,"valueName":"search_term_string"}}],"inLanguage":"tr"}]}},"_links":{"self":[{"href":"https:\/\/label.bet\/tr\/wp-json\/wp\/v2\/pages\/1842","targetHints":{"allow":["GET"]}}],"collection":[{"href":"https:\/\/label.bet\/tr\/wp-json\/wp\/v2\/pages"}],"about":[{"href":"https:\/\/label.bet\/tr\/wp-json\/wp\/v2\/types\/page"}],"author":[{"embeddable":true,"href":"https:\/\/label.bet\/tr\/wp-json\/wp\/v2\/users\/1"}],"replies":[{"embeddable":true,"href":"https:\/\/label.bet\/tr\/wp-json\/wp\/v2\/comments?post=1842"}],"version-history":[{"count":5,"href":"https:\/\/label.bet\/tr\/wp-json\/wp\/v2\/pages\/1842\/revisions"}],"predecessor-version":[{"id":1984,"href":"https:\/\/label.bet\/tr\/wp-json\/wp\/v2\/pages\/1842\/revisions\/1984"}],"wp:attachment":[{"href":"https:\/\/label.bet\/tr\/wp-json\/wp\/v2\/media?parent=1842"}],"curies":[{"name":"wp","href":"https:\/\/api.w.org\/{rel}","templated":true}]}}