{"id":1853,"date":"2026-01-26T11:30:26","date_gmt":"2026-01-26T08:30:26","guid":{"rendered":"https:\/\/label.bet\/tr\/?page_id=1853"},"modified":"2026-02-27T20:02:25","modified_gmt":"2026-02-27T17:02:25","slug":"aviator","status":"publish","type":"page","link":"https:\/\/label.bet\/tr\/aviator\/","title":{"rendered":"Aviator"},"content":{"rendered":"","protected":false},"excerpt":{"rendered":"","protected":false},"author":1,"featured_media":0,"parent":0,"menu_order":0,"comment_status":"closed","ping_status":"closed","template":"","meta":{"_acf_changed":false,"footnotes":""},"class_list":["post-1853","page","type-page","status-publish","hentry"],"acf":[],"yoast_head":"<!-- This site is optimized with the Yoast SEO plugin v26.5 - https:\/\/yoast.com\/wordpress\/plugins\/seo\/ -->\n<title>BetLabel Aviator \u1409 Y\u00fcksekten u\u00e7un ve 10.000 kata kadar kazan\u0131n!<\/title>\n<meta name=\"description\" content=\"BetLabel Aviator ile heyecan verici maceralar\u0131n d\u00fcnyas\u0131na dal\u0131n! Adrenalin patlamas\u0131n\u0131 hissedin, bahis yap\u0131n ve 10.000 kat\u0131na kadar kazan\u0131n! \u015eans\u0131 yakalamak i\u00e7in f\u0131rsat\u0131 de\u011ferlendirin.\" \/>\n<meta name=\"robots\" content=\"index, follow, max-snippet:-1, max-image-preview:large, max-video-preview:-1\" \/>\n<link rel=\"canonical\" href=\"https:\/\/label.bet\/tr\/aviator\/\" \/>\n<meta property=\"og:locale\" content=\"tr_TR\" \/>\n<meta property=\"og:type\" content=\"article\" \/>\n<meta property=\"og:title\" content=\"BetLabel Aviator \u1409 Y\u00fcksekten u\u00e7un ve 10.000 kata kadar kazan\u0131n!\" \/>\n<meta property=\"og:description\" content=\"BetLabel Aviator ile heyecan verici maceralar\u0131n d\u00fcnyas\u0131na dal\u0131n! Adrenalin patlamas\u0131n\u0131 hissedin, bahis yap\u0131n ve 10.000 kat\u0131na kadar kazan\u0131n! \u015eans\u0131 yakalamak i\u00e7in f\u0131rsat\u0131 de\u011ferlendirin.\" \/>\n<meta property=\"og:url\" content=\"https:\/\/label.bet\/tr\/aviator\/\" \/>\n<meta property=\"og:site_name\" content=\"Betlabel tr\" \/>\n<meta property=\"article:modified_time\" content=\"2026-02-27T17:02:25+00:00\" \/>\n<meta name=\"twitter:card\" content=\"summary_large_image\" \/>\n<script type=\"application\/ld+json\" class=\"yoast-schema-graph\">{\"@context\":\"https:\/\/schema.org\",\"@graph\":[{\"@type\":\"WebPage\",\"@id\":\"https:\/\/label.bet\/tr\/aviator\/\",\"url\":\"https:\/\/label.bet\/tr\/aviator\/\",\"name\":\"BetLabel Aviator \u1409 Y\u00fcksekten u\u00e7un ve 10.000 kata kadar kazan\u0131n!\",\"isPartOf\":{\"@id\":\"https:\/\/label.bet\/tr\/#website\"},\"datePublished\":\"2026-01-26T08:30:26+00:00\",\"dateModified\":\"2026-02-27T17:02:25+00:00\",\"description\":\"BetLabel Aviator ile heyecan verici maceralar\u0131n d\u00fcnyas\u0131na dal\u0131n! Adrenalin patlamas\u0131n\u0131 hissedin, bahis yap\u0131n ve 10.000 kat\u0131na kadar kazan\u0131n! \u015eans\u0131 yakalamak i\u00e7in f\u0131rsat\u0131 de\u011ferlendirin.\",\"inLanguage\":\"tr\",\"potentialAction\":[{\"@type\":\"ReadAction\",\"target\":[\"https:\/\/label.bet\/tr\/aviator\/\"]}]},{\"@type\":\"WebSite\",\"@id\":\"https:\/\/label.bet\/tr\/#website\",\"url\":\"https:\/\/label.bet\/tr\/\",\"name\":\"Betlabel tr\",\"description\":\"\",\"potentialAction\":[{\"@type\":\"SearchAction\",\"target\":{\"@type\":\"EntryPoint\",\"urlTemplate\":\"https:\/\/label.bet\/tr\/?s={search_term_string}\"},\"query-input\":{\"@type\":\"PropertyValueSpecification\",\"valueRequired\":true,\"valueName\":\"search_term_string\"}}],\"inLanguage\":\"tr\"}]}<\/script>\n<!-- \/ Yoast SEO plugin. -->","yoast_head_json":{"title":"BetLabel Aviator \u1409 Y\u00fcksekten u\u00e7un ve 10.000 kata kadar kazan\u0131n!","description":"BetLabel Aviator ile heyecan verici maceralar\u0131n d\u00fcnyas\u0131na dal\u0131n! Adrenalin patlamas\u0131n\u0131 hissedin, bahis yap\u0131n ve 10.000 kat\u0131na kadar kazan\u0131n! \u015eans\u0131 yakalamak i\u00e7in f\u0131rsat\u0131 de\u011ferlendirin.","robots":{"index":"index","follow":"follow","max-snippet":"max-snippet:-1","max-image-preview":"max-image-preview:large","max-video-preview":"max-video-preview:-1"},"canonical":"https:\/\/label.bet\/tr\/aviator\/","og_locale":"tr_TR","og_type":"article","og_title":"BetLabel Aviator \u1409 Y\u00fcksekten u\u00e7un ve 10.000 kata kadar kazan\u0131n!","og_description":"BetLabel Aviator ile heyecan verici maceralar\u0131n d\u00fcnyas\u0131na dal\u0131n! Adrenalin patlamas\u0131n\u0131 hissedin, bahis yap\u0131n ve 10.000 kat\u0131na kadar kazan\u0131n! \u015eans\u0131 yakalamak i\u00e7in f\u0131rsat\u0131 de\u011ferlendirin.","og_url":"https:\/\/label.bet\/tr\/aviator\/","og_site_name":"Betlabel tr","article_modified_time":"2026-02-27T17:02:25+00:00","twitter_card":"summary_large_image","schema":{"@context":"https:\/\/schema.org","@graph":[{"@type":"WebPage","@id":"https:\/\/label.bet\/tr\/aviator\/","url":"https:\/\/label.bet\/tr\/aviator\/","name":"BetLabel Aviator \u1409 Y\u00fcksekten u\u00e7un ve 10.000 kata kadar kazan\u0131n!","isPartOf":{"@id":"https:\/\/label.bet\/tr\/#website"},"datePublished":"2026-01-26T08:30:26+00:00","dateModified":"2026-02-27T17:02:25+00:00","description":"BetLabel Aviator ile heyecan verici maceralar\u0131n d\u00fcnyas\u0131na dal\u0131n! Adrenalin patlamas\u0131n\u0131 hissedin, bahis yap\u0131n ve 10.000 kat\u0131na kadar kazan\u0131n! \u015eans\u0131 yakalamak i\u00e7in f\u0131rsat\u0131 de\u011ferlendirin.","inLanguage":"tr","potentialAction":[{"@type":"ReadAction","target":["https:\/\/label.bet\/tr\/aviator\/"]}]},{"@type":"WebSite","@id":"https:\/\/label.bet\/tr\/#website","url":"https:\/\/label.bet\/tr\/","name":"Betlabel tr","description":"","potentialAction":[{"@type":"SearchAction","target":{"@type":"EntryPoint","urlTemplate":"https:\/\/label.bet\/tr\/?s={search_term_string}"},"query-input":{"@type":"PropertyValueSpecification","valueRequired":true,"valueName":"search_term_string"}}],"inLanguage":"tr"}]}},"_links":{"self":[{"href":"https:\/\/label.bet\/tr\/wp-json\/wp\/v2\/pages\/1853","targetHints":{"allow":["GET"]}}],"collection":[{"href":"https:\/\/label.bet\/tr\/wp-json\/wp\/v2\/pages"}],"about":[{"href":"https:\/\/label.bet\/tr\/wp-json\/wp\/v2\/types\/page"}],"author":[{"embeddable":true,"href":"https:\/\/label.bet\/tr\/wp-json\/wp\/v2\/users\/1"}],"replies":[{"embeddable":true,"href":"https:\/\/label.bet\/tr\/wp-json\/wp\/v2\/comments?post=1853"}],"version-history":[{"count":5,"href":"https:\/\/label.bet\/tr\/wp-json\/wp\/v2\/pages\/1853\/revisions"}],"predecessor-version":[{"id":1971,"href":"https:\/\/label.bet\/tr\/wp-json\/wp\/v2\/pages\/1853\/revisions\/1971"}],"wp:attachment":[{"href":"https:\/\/label.bet\/tr\/wp-json\/wp\/v2\/media?parent=1853"}],"curies":[{"name":"wp","href":"https:\/\/api.w.org\/{rel}","templated":true}]}}