{"id":1914,"date":"2026-02-12T17:09:47","date_gmt":"2026-02-12T14:09:47","guid":{"rendered":"https:\/\/label.bet\/tr\/?page_id=1914"},"modified":"2026-02-28T16:47:40","modified_gmt":"2026-02-28T13:47:40","slug":"telegram","status":"publish","type":"page","link":"https:\/\/label.bet\/tr\/telegram\/","title":{"rendered":"Telegram"},"content":{"rendered":"","protected":false},"excerpt":{"rendered":"","protected":false},"author":1,"featured_media":0,"parent":0,"menu_order":0,"comment_status":"closed","ping_status":"closed","template":"","meta":{"_acf_changed":false,"footnotes":""},"class_list":["post-1914","page","type-page","status-publish","hentry"],"acf":[],"yoast_head":"<!-- This site is optimized with the Yoast SEO plugin v26.5 - https:\/\/yoast.com\/wordpress\/plugins\/seo\/ -->\n<title>BetLabel Telegram Kanal\u0131 \u2014 Bonuslar ve Spor Tahminleri<\/title>\n<meta name=\"description\" content=\"BetLabel Telegram kanal\u0131na abone olun ve en son bonuslar\u0131, \u00f6zel promosyon kodlar\u0131n\u0131, g\u00fcncel promosyonlar\u0131 ve \u00f6nemli spor etkinlikleri i\u00e7in tahminleri ilk alan siz olun.\" \/>\n<meta name=\"robots\" content=\"index, follow, max-snippet:-1, max-image-preview:large, max-video-preview:-1\" \/>\n<link rel=\"canonical\" href=\"https:\/\/label.bet\/tr\/telegram\/\" \/>\n<meta property=\"og:locale\" content=\"tr_TR\" \/>\n<meta property=\"og:type\" content=\"article\" \/>\n<meta property=\"og:title\" content=\"BetLabel Telegram Kanal\u0131 \u2014 Bonuslar ve Spor Tahminleri\" \/>\n<meta property=\"og:description\" content=\"BetLabel Telegram kanal\u0131na abone olun ve en son bonuslar\u0131, \u00f6zel promosyon kodlar\u0131n\u0131, g\u00fcncel promosyonlar\u0131 ve \u00f6nemli spor etkinlikleri i\u00e7in tahminleri ilk alan siz olun.\" \/>\n<meta property=\"og:url\" content=\"https:\/\/label.bet\/tr\/telegram\/\" \/>\n<meta property=\"og:site_name\" content=\"Betlabel tr\" \/>\n<meta property=\"article:modified_time\" content=\"2026-02-28T13:47:40+00:00\" \/>\n<meta name=\"twitter:card\" content=\"summary_large_image\" \/>\n<script type=\"application\/ld+json\" class=\"yoast-schema-graph\">{\"@context\":\"https:\/\/schema.org\",\"@graph\":[{\"@type\":\"WebPage\",\"@id\":\"https:\/\/label.bet\/tr\/telegram\/\",\"url\":\"https:\/\/label.bet\/tr\/telegram\/\",\"name\":\"BetLabel Telegram Kanal\u0131 \u2014 Bonuslar ve Spor Tahminleri\",\"isPartOf\":{\"@id\":\"https:\/\/label.bet\/tr\/#website\"},\"datePublished\":\"2026-02-12T14:09:47+00:00\",\"dateModified\":\"2026-02-28T13:47:40+00:00\",\"description\":\"BetLabel Telegram kanal\u0131na abone olun ve en son bonuslar\u0131, \u00f6zel promosyon kodlar\u0131n\u0131, g\u00fcncel promosyonlar\u0131 ve \u00f6nemli spor etkinlikleri i\u00e7in tahminleri ilk alan siz olun.\",\"inLanguage\":\"tr\",\"potentialAction\":[{\"@type\":\"ReadAction\",\"target\":[\"https:\/\/label.bet\/tr\/telegram\/\"]}]},{\"@type\":\"WebSite\",\"@id\":\"https:\/\/label.bet\/tr\/#website\",\"url\":\"https:\/\/label.bet\/tr\/\",\"name\":\"Betlabel tr\",\"description\":\"\",\"potentialAction\":[{\"@type\":\"SearchAction\",\"target\":{\"@type\":\"EntryPoint\",\"urlTemplate\":\"https:\/\/label.bet\/tr\/?s={search_term_string}\"},\"query-input\":{\"@type\":\"PropertyValueSpecification\",\"valueRequired\":true,\"valueName\":\"search_term_string\"}}],\"inLanguage\":\"tr\"}]}<\/script>\n<!-- \/ Yoast SEO plugin. -->","yoast_head_json":{"title":"BetLabel Telegram Kanal\u0131 \u2014 Bonuslar ve Spor Tahminleri","description":"BetLabel Telegram kanal\u0131na abone olun ve en son bonuslar\u0131, \u00f6zel promosyon kodlar\u0131n\u0131, g\u00fcncel promosyonlar\u0131 ve \u00f6nemli spor etkinlikleri i\u00e7in tahminleri ilk alan siz olun.","robots":{"index":"index","follow":"follow","max-snippet":"max-snippet:-1","max-image-preview":"max-image-preview:large","max-video-preview":"max-video-preview:-1"},"canonical":"https:\/\/label.bet\/tr\/telegram\/","og_locale":"tr_TR","og_type":"article","og_title":"BetLabel Telegram Kanal\u0131 \u2014 Bonuslar ve Spor Tahminleri","og_description":"BetLabel Telegram kanal\u0131na abone olun ve en son bonuslar\u0131, \u00f6zel promosyon kodlar\u0131n\u0131, g\u00fcncel promosyonlar\u0131 ve \u00f6nemli spor etkinlikleri i\u00e7in tahminleri ilk alan siz olun.","og_url":"https:\/\/label.bet\/tr\/telegram\/","og_site_name":"Betlabel tr","article_modified_time":"2026-02-28T13:47:40+00:00","twitter_card":"summary_large_image","schema":{"@context":"https:\/\/schema.org","@graph":[{"@type":"WebPage","@id":"https:\/\/label.bet\/tr\/telegram\/","url":"https:\/\/label.bet\/tr\/telegram\/","name":"BetLabel Telegram Kanal\u0131 \u2014 Bonuslar ve Spor Tahminleri","isPartOf":{"@id":"https:\/\/label.bet\/tr\/#website"},"datePublished":"2026-02-12T14:09:47+00:00","dateModified":"2026-02-28T13:47:40+00:00","description":"BetLabel Telegram kanal\u0131na abone olun ve en son bonuslar\u0131, \u00f6zel promosyon kodlar\u0131n\u0131, g\u00fcncel promosyonlar\u0131 ve \u00f6nemli spor etkinlikleri i\u00e7in tahminleri ilk alan siz olun.","inLanguage":"tr","potentialAction":[{"@type":"ReadAction","target":["https:\/\/label.bet\/tr\/telegram\/"]}]},{"@type":"WebSite","@id":"https:\/\/label.bet\/tr\/#website","url":"https:\/\/label.bet\/tr\/","name":"Betlabel tr","description":"","potentialAction":[{"@type":"SearchAction","target":{"@type":"EntryPoint","urlTemplate":"https:\/\/label.bet\/tr\/?s={search_term_string}"},"query-input":{"@type":"PropertyValueSpecification","valueRequired":true,"valueName":"search_term_string"}}],"inLanguage":"tr"}]}},"_links":{"self":[{"href":"https:\/\/label.bet\/tr\/wp-json\/wp\/v2\/pages\/1914","targetHints":{"allow":["GET"]}}],"collection":[{"href":"https:\/\/label.bet\/tr\/wp-json\/wp\/v2\/pages"}],"about":[{"href":"https:\/\/label.bet\/tr\/wp-json\/wp\/v2\/types\/page"}],"author":[{"embeddable":true,"href":"https:\/\/label.bet\/tr\/wp-json\/wp\/v2\/users\/1"}],"replies":[{"embeddable":true,"href":"https:\/\/label.bet\/tr\/wp-json\/wp\/v2\/comments?post=1914"}],"version-history":[{"count":3,"href":"https:\/\/label.bet\/tr\/wp-json\/wp\/v2\/pages\/1914\/revisions"}],"predecessor-version":[{"id":1995,"href":"https:\/\/label.bet\/tr\/wp-json\/wp\/v2\/pages\/1914\/revisions\/1995"}],"wp:attachment":[{"href":"https:\/\/label.bet\/tr\/wp-json\/wp\/v2\/media?parent=1914"}],"curies":[{"name":"wp","href":"https:\/\/api.w.org\/{rel}","templated":true}]}}