{"id":1931,"date":"2026-02-27T09:53:57","date_gmt":"2026-02-27T06:53:57","guid":{"rendered":"https:\/\/label.bet\/tr\/?page_id=1931"},"modified":"2026-03-05T21:50:13","modified_gmt":"2026-03-05T18:50:13","slug":"trustpilot","status":"publish","type":"page","link":"https:\/\/label.bet\/tr\/trustpilot\/","title":{"rendered":"Trustpilot"},"content":{"rendered":"","protected":false},"excerpt":{"rendered":"","protected":false},"author":1,"featured_media":0,"parent":0,"menu_order":0,"comment_status":"closed","ping_status":"closed","template":"","meta":{"_acf_changed":false,"footnotes":""},"class_list":["post-1931","page","type-page","status-publish","hentry"],"acf":[],"yoast_head":"<!-- This site is optimized with the Yoast SEO plugin v26.5 - https:\/\/yoast.com\/wordpress\/plugins\/seo\/ -->\n<title>BetLabel Trustpilot \u2014 Ger\u00e7ek Oyuncu \u0130ncelemeleri<\/title>\n<meta name=\"description\" content=\"BetLabel, Trustpilot&#039;ta genel olarak olumlu yorumlar al\u0131yor: oyuncular h\u0131zl\u0131 \u00f6demeleri, kullan\u0131c\u0131 dostu aray\u00fcz\u00fc, ki\u015fisel VIP hizmetini ve adil bonus ko\u015fullar\u0131n\u0131 \u00f6v\u00fcyor, ancak baz\u0131 yorumlarda belirli \u00f6deme y\u00f6ntemleriyle para \u00e7ekme i\u015flemlerinde ya\u015fanan zorluklar ve do\u011frulama ile ilgili tart\u0131\u015fmal\u0131 durumlar belirtiliyor.\" \/>\n<meta name=\"robots\" content=\"index, follow, max-snippet:-1, max-image-preview:large, max-video-preview:-1\" \/>\n<link rel=\"canonical\" href=\"https:\/\/label.bet\/tr\/trustpilot\/\" \/>\n<meta property=\"og:locale\" content=\"tr_TR\" \/>\n<meta property=\"og:type\" content=\"article\" \/>\n<meta property=\"og:title\" content=\"BetLabel Trustpilot \u2014 Ger\u00e7ek Oyuncu \u0130ncelemeleri\" \/>\n<meta property=\"og:description\" content=\"BetLabel, Trustpilot&#039;ta genel olarak olumlu yorumlar al\u0131yor: oyuncular h\u0131zl\u0131 \u00f6demeleri, kullan\u0131c\u0131 dostu aray\u00fcz\u00fc, ki\u015fisel VIP hizmetini ve adil bonus ko\u015fullar\u0131n\u0131 \u00f6v\u00fcyor, ancak baz\u0131 yorumlarda belirli \u00f6deme y\u00f6ntemleriyle para \u00e7ekme i\u015flemlerinde ya\u015fanan zorluklar ve do\u011frulama ile ilgili tart\u0131\u015fmal\u0131 durumlar belirtiliyor.\" \/>\n<meta property=\"og:url\" content=\"https:\/\/label.bet\/tr\/trustpilot\/\" \/>\n<meta property=\"og:site_name\" content=\"Betlabel tr\" \/>\n<meta property=\"article:modified_time\" content=\"2026-03-05T18:50:13+00:00\" \/>\n<meta name=\"twitter:card\" content=\"summary_large_image\" \/>\n<script type=\"application\/ld+json\" class=\"yoast-schema-graph\">{\"@context\":\"https:\/\/schema.org\",\"@graph\":[{\"@type\":\"WebPage\",\"@id\":\"https:\/\/label.bet\/tr\/trustpilot\/\",\"url\":\"https:\/\/label.bet\/tr\/trustpilot\/\",\"name\":\"BetLabel Trustpilot \u2014 Ger\u00e7ek Oyuncu \u0130ncelemeleri\",\"isPartOf\":{\"@id\":\"https:\/\/label.bet\/tr\/#website\"},\"datePublished\":\"2026-02-27T06:53:57+00:00\",\"dateModified\":\"2026-03-05T18:50:13+00:00\",\"description\":\"BetLabel, Trustpilot'ta genel olarak olumlu yorumlar al\u0131yor: oyuncular h\u0131zl\u0131 \u00f6demeleri, kullan\u0131c\u0131 dostu aray\u00fcz\u00fc, ki\u015fisel VIP hizmetini ve adil bonus ko\u015fullar\u0131n\u0131 \u00f6v\u00fcyor, ancak baz\u0131 yorumlarda belirli \u00f6deme y\u00f6ntemleriyle para \u00e7ekme i\u015flemlerinde ya\u015fanan zorluklar ve do\u011frulama ile ilgili tart\u0131\u015fmal\u0131 durumlar belirtiliyor.\",\"inLanguage\":\"tr\",\"potentialAction\":[{\"@type\":\"ReadAction\",\"target\":[\"https:\/\/label.bet\/tr\/trustpilot\/\"]}]},{\"@type\":\"WebSite\",\"@id\":\"https:\/\/label.bet\/tr\/#website\",\"url\":\"https:\/\/label.bet\/tr\/\",\"name\":\"Betlabel tr\",\"description\":\"\",\"potentialAction\":[{\"@type\":\"SearchAction\",\"target\":{\"@type\":\"EntryPoint\",\"urlTemplate\":\"https:\/\/label.bet\/tr\/?s={search_term_string}\"},\"query-input\":{\"@type\":\"PropertyValueSpecification\",\"valueRequired\":true,\"valueName\":\"search_term_string\"}}],\"inLanguage\":\"tr\"}]}<\/script>\n<!-- \/ Yoast SEO plugin. -->","yoast_head_json":{"title":"BetLabel Trustpilot \u2014 Ger\u00e7ek Oyuncu \u0130ncelemeleri","description":"BetLabel, Trustpilot'ta genel olarak olumlu yorumlar al\u0131yor: oyuncular h\u0131zl\u0131 \u00f6demeleri, kullan\u0131c\u0131 dostu aray\u00fcz\u00fc, ki\u015fisel VIP hizmetini ve adil bonus ko\u015fullar\u0131n\u0131 \u00f6v\u00fcyor, ancak baz\u0131 yorumlarda belirli \u00f6deme y\u00f6ntemleriyle para \u00e7ekme i\u015flemlerinde ya\u015fanan zorluklar ve do\u011frulama ile ilgili tart\u0131\u015fmal\u0131 durumlar belirtiliyor.","robots":{"index":"index","follow":"follow","max-snippet":"max-snippet:-1","max-image-preview":"max-image-preview:large","max-video-preview":"max-video-preview:-1"},"canonical":"https:\/\/label.bet\/tr\/trustpilot\/","og_locale":"tr_TR","og_type":"article","og_title":"BetLabel Trustpilot \u2014 Ger\u00e7ek Oyuncu \u0130ncelemeleri","og_description":"BetLabel, Trustpilot'ta genel olarak olumlu yorumlar al\u0131yor: oyuncular h\u0131zl\u0131 \u00f6demeleri, kullan\u0131c\u0131 dostu aray\u00fcz\u00fc, ki\u015fisel VIP hizmetini ve adil bonus ko\u015fullar\u0131n\u0131 \u00f6v\u00fcyor, ancak baz\u0131 yorumlarda belirli \u00f6deme y\u00f6ntemleriyle para \u00e7ekme i\u015flemlerinde ya\u015fanan zorluklar ve do\u011frulama ile ilgili tart\u0131\u015fmal\u0131 durumlar belirtiliyor.","og_url":"https:\/\/label.bet\/tr\/trustpilot\/","og_site_name":"Betlabel tr","article_modified_time":"2026-03-05T18:50:13+00:00","twitter_card":"summary_large_image","schema":{"@context":"https:\/\/schema.org","@graph":[{"@type":"WebPage","@id":"https:\/\/label.bet\/tr\/trustpilot\/","url":"https:\/\/label.bet\/tr\/trustpilot\/","name":"BetLabel Trustpilot \u2014 Ger\u00e7ek Oyuncu \u0130ncelemeleri","isPartOf":{"@id":"https:\/\/label.bet\/tr\/#website"},"datePublished":"2026-02-27T06:53:57+00:00","dateModified":"2026-03-05T18:50:13+00:00","description":"BetLabel, Trustpilot'ta genel olarak olumlu yorumlar al\u0131yor: oyuncular h\u0131zl\u0131 \u00f6demeleri, kullan\u0131c\u0131 dostu aray\u00fcz\u00fc, ki\u015fisel VIP hizmetini ve adil bonus ko\u015fullar\u0131n\u0131 \u00f6v\u00fcyor, ancak baz\u0131 yorumlarda belirli \u00f6deme y\u00f6ntemleriyle para \u00e7ekme i\u015flemlerinde ya\u015fanan zorluklar ve do\u011frulama ile ilgili tart\u0131\u015fmal\u0131 durumlar belirtiliyor.","inLanguage":"tr","potentialAction":[{"@type":"ReadAction","target":["https:\/\/label.bet\/tr\/trustpilot\/"]}]},{"@type":"WebSite","@id":"https:\/\/label.bet\/tr\/#website","url":"https:\/\/label.bet\/tr\/","name":"Betlabel tr","description":"","potentialAction":[{"@type":"SearchAction","target":{"@type":"EntryPoint","urlTemplate":"https:\/\/label.bet\/tr\/?s={search_term_string}"},"query-input":{"@type":"PropertyValueSpecification","valueRequired":true,"valueName":"search_term_string"}}],"inLanguage":"tr"}]}},"_links":{"self":[{"href":"https:\/\/label.bet\/tr\/wp-json\/wp\/v2\/pages\/1931","targetHints":{"allow":["GET"]}}],"collection":[{"href":"https:\/\/label.bet\/tr\/wp-json\/wp\/v2\/pages"}],"about":[{"href":"https:\/\/label.bet\/tr\/wp-json\/wp\/v2\/types\/page"}],"author":[{"embeddable":true,"href":"https:\/\/label.bet\/tr\/wp-json\/wp\/v2\/users\/1"}],"replies":[{"embeddable":true,"href":"https:\/\/label.bet\/tr\/wp-json\/wp\/v2\/comments?post=1931"}],"version-history":[{"count":5,"href":"https:\/\/label.bet\/tr\/wp-json\/wp\/v2\/pages\/1931\/revisions"}],"predecessor-version":[{"id":2001,"href":"https:\/\/label.bet\/tr\/wp-json\/wp\/v2\/pages\/1931\/revisions\/2001"}],"wp:attachment":[{"href":"https:\/\/label.bet\/tr\/wp-json\/wp\/v2\/media?parent=1931"}],"curies":[{"name":"wp","href":"https:\/\/api.w.org\/{rel}","templated":true}]}}