{"id":2129,"date":"2026-05-04T14:52:50","date_gmt":"2026-05-04T11:52:50","guid":{"rendered":"https:\/\/label.bet\/?page_id=2129"},"modified":"2026-05-05T11:40:01","modified_gmt":"2026-05-05T08:40:01","slug":"tower-rush","status":"publish","type":"page","link":"https:\/\/label.bet\/tr\/tower-rush\/","title":{"rendered":"Tower Rush"},"content":{"rendered":"","protected":false},"excerpt":{"rendered":"","protected":false},"author":1,"featured_media":0,"parent":0,"menu_order":0,"comment_status":"closed","ping_status":"closed","template":"","meta":{"_acf_changed":false,"footnotes":""},"class_list":["post-2129","page","type-page","status-publish","hentry"],"acf":[],"yoast_head":"<!-- This site is optimized with the Yoast SEO plugin v26.5 - https:\/\/yoast.com\/wordpress\/plugins\/seo\/ -->\n<title>Tower Rush BetLabel \u2014 Daha Y\u00fcksek \u00c7arpanlara Ula\u015f\u0131n<\/title>\n<meta name=\"description\" content=\"BetLabel&#039;daki Tower Rush, her bir kat\u0131n daha fazla risk ve daha b\u00fcy\u00fck kazan\u00e7 potansiyeli getirdi\u011fi y\u00fcksek h\u0131zl\u0131 bir \u00e7\u00f6k\u00fc\u015f oyunudur. Kulenizi in\u015fa edin, bonus katlar\u0131n\u0131 ak\u0131ll\u0131ca kullan\u0131n ve \u00e7\u00f6kmeden \u00f6nce paray\u0131 \u00e7ekerek y\u00fcksek \u00e7arpanlar ve kesintisiz gerilim ya\u015fay\u0131n.\" \/>\n<meta name=\"robots\" content=\"index, follow, max-snippet:-1, max-image-preview:large, max-video-preview:-1\" \/>\n<meta property=\"og:locale\" content=\"tr_TR\" \/>\n<meta property=\"og:type\" content=\"article\" \/>\n<meta property=\"og:title\" content=\"Tower Rush BetLabel \u2014 Daha Y\u00fcksek \u00c7arpanlara Ula\u015f\u0131n\" \/>\n<meta property=\"og:description\" content=\"BetLabel&#039;daki Tower Rush, her bir kat\u0131n daha fazla risk ve daha b\u00fcy\u00fck kazan\u00e7 potansiyeli getirdi\u011fi y\u00fcksek h\u0131zl\u0131 bir \u00e7\u00f6k\u00fc\u015f oyunudur. Kulenizi in\u015fa edin, bonus katlar\u0131n\u0131 ak\u0131ll\u0131ca kullan\u0131n ve \u00e7\u00f6kmeden \u00f6nce paray\u0131 \u00e7ekerek y\u00fcksek \u00e7arpanlar ve kesintisiz gerilim ya\u015fay\u0131n.\" \/>\n<meta property=\"og:url\" content=\"https:\/\/label.bet\/tr\/tower-rush\/\" \/>\n<meta property=\"og:site_name\" content=\"Betlabel tr\" \/>\n<meta property=\"article:modified_time\" content=\"2026-05-05T08:40:01+00:00\" \/>\n<meta name=\"twitter:card\" content=\"summary_large_image\" \/>\n<script type=\"application\/ld+json\" class=\"yoast-schema-graph\">{\"@context\":\"https:\/\/schema.org\",\"@graph\":[{\"@type\":\"WebPage\",\"@id\":\"https:\/\/label.bet\/tr\/tower-rush\/\",\"url\":\"https:\/\/label.bet\/tr\/tower-rush\/\",\"name\":\"Tower Rush BetLabel \u2014 Daha Y\u00fcksek \u00c7arpanlara Ula\u015f\u0131n\",\"isPartOf\":{\"@id\":\"https:\/\/label.bet\/tr\/#website\"},\"datePublished\":\"2026-05-04T11:52:50+00:00\",\"dateModified\":\"2026-05-05T08:40:01+00:00\",\"description\":\"BetLabel'daki Tower Rush, her bir kat\u0131n daha fazla risk ve daha b\u00fcy\u00fck kazan\u00e7 potansiyeli getirdi\u011fi y\u00fcksek h\u0131zl\u0131 bir \u00e7\u00f6k\u00fc\u015f oyunudur. Kulenizi in\u015fa edin, bonus katlar\u0131n\u0131 ak\u0131ll\u0131ca kullan\u0131n ve \u00e7\u00f6kmeden \u00f6nce paray\u0131 \u00e7ekerek y\u00fcksek \u00e7arpanlar ve kesintisiz gerilim ya\u015fay\u0131n.\",\"inLanguage\":\"tr\",\"potentialAction\":[{\"@type\":\"ReadAction\",\"target\":[\"https:\/\/label.bet\/tr\/tower-rush\/\"]}]},{\"@type\":\"WebSite\",\"@id\":\"https:\/\/label.bet\/tr\/#website\",\"url\":\"https:\/\/label.bet\/tr\/\",\"name\":\"Betlabel tr\",\"description\":\"\",\"potentialAction\":[{\"@type\":\"SearchAction\",\"target\":{\"@type\":\"EntryPoint\",\"urlTemplate\":\"https:\/\/label.bet\/tr\/?s={search_term_string}\"},\"query-input\":{\"@type\":\"PropertyValueSpecification\",\"valueRequired\":true,\"valueName\":\"search_term_string\"}}],\"inLanguage\":\"tr\"}]}<\/script>\n<!-- \/ Yoast SEO plugin. -->","yoast_head_json":{"title":"Tower Rush BetLabel \u2014 Daha Y\u00fcksek \u00c7arpanlara Ula\u015f\u0131n","description":"BetLabel'daki Tower Rush, her bir kat\u0131n daha fazla risk ve daha b\u00fcy\u00fck kazan\u00e7 potansiyeli getirdi\u011fi y\u00fcksek h\u0131zl\u0131 bir \u00e7\u00f6k\u00fc\u015f oyunudur. Kulenizi in\u015fa edin, bonus katlar\u0131n\u0131 ak\u0131ll\u0131ca kullan\u0131n ve \u00e7\u00f6kmeden \u00f6nce paray\u0131 \u00e7ekerek y\u00fcksek \u00e7arpanlar ve kesintisiz gerilim ya\u015fay\u0131n.","robots":{"index":"index","follow":"follow","max-snippet":"max-snippet:-1","max-image-preview":"max-image-preview:large","max-video-preview":"max-video-preview:-1"},"og_locale":"tr_TR","og_type":"article","og_title":"Tower Rush BetLabel \u2014 Daha Y\u00fcksek \u00c7arpanlara Ula\u015f\u0131n","og_description":"BetLabel'daki Tower Rush, her bir kat\u0131n daha fazla risk ve daha b\u00fcy\u00fck kazan\u00e7 potansiyeli getirdi\u011fi y\u00fcksek h\u0131zl\u0131 bir \u00e7\u00f6k\u00fc\u015f oyunudur. Kulenizi in\u015fa edin, bonus katlar\u0131n\u0131 ak\u0131ll\u0131ca kullan\u0131n ve \u00e7\u00f6kmeden \u00f6nce paray\u0131 \u00e7ekerek y\u00fcksek \u00e7arpanlar ve kesintisiz gerilim ya\u015fay\u0131n.","og_url":"https:\/\/label.bet\/tr\/tower-rush\/","og_site_name":"Betlabel tr","article_modified_time":"2026-05-05T08:40:01+00:00","twitter_card":"summary_large_image","schema":{"@context":"https:\/\/schema.org","@graph":[{"@type":"WebPage","@id":"https:\/\/label.bet\/tr\/tower-rush\/","url":"https:\/\/label.bet\/tr\/tower-rush\/","name":"Tower Rush BetLabel \u2014 Daha Y\u00fcksek \u00c7arpanlara Ula\u015f\u0131n","isPartOf":{"@id":"https:\/\/label.bet\/tr\/#website"},"datePublished":"2026-05-04T11:52:50+00:00","dateModified":"2026-05-05T08:40:01+00:00","description":"BetLabel'daki Tower Rush, her bir kat\u0131n daha fazla risk ve daha b\u00fcy\u00fck kazan\u00e7 potansiyeli getirdi\u011fi y\u00fcksek h\u0131zl\u0131 bir \u00e7\u00f6k\u00fc\u015f oyunudur. Kulenizi in\u015fa edin, bonus katlar\u0131n\u0131 ak\u0131ll\u0131ca kullan\u0131n ve \u00e7\u00f6kmeden \u00f6nce paray\u0131 \u00e7ekerek y\u00fcksek \u00e7arpanlar ve kesintisiz gerilim ya\u015fay\u0131n.","inLanguage":"tr","potentialAction":[{"@type":"ReadAction","target":["https:\/\/label.bet\/tr\/tower-rush\/"]}]},{"@type":"WebSite","@id":"https:\/\/label.bet\/tr\/#website","url":"https:\/\/label.bet\/tr\/","name":"Betlabel tr","description":"","potentialAction":[{"@type":"SearchAction","target":{"@type":"EntryPoint","urlTemplate":"https:\/\/label.bet\/tr\/?s={search_term_string}"},"query-input":{"@type":"PropertyValueSpecification","valueRequired":true,"valueName":"search_term_string"}}],"inLanguage":"tr"}]}},"_links":{"self":[{"href":"https:\/\/label.bet\/tr\/wp-json\/wp\/v2\/pages\/2129","targetHints":{"allow":["GET"]}}],"collection":[{"href":"https:\/\/label.bet\/tr\/wp-json\/wp\/v2\/pages"}],"about":[{"href":"https:\/\/label.bet\/tr\/wp-json\/wp\/v2\/types\/page"}],"author":[{"embeddable":true,"href":"https:\/\/label.bet\/tr\/wp-json\/wp\/v2\/users\/1"}],"replies":[{"embeddable":true,"href":"https:\/\/label.bet\/tr\/wp-json\/wp\/v2\/comments?post=2129"}],"version-history":[{"count":2,"href":"https:\/\/label.bet\/tr\/wp-json\/wp\/v2\/pages\/2129\/revisions"}],"predecessor-version":[{"id":2148,"href":"https:\/\/label.bet\/tr\/wp-json\/wp\/v2\/pages\/2129\/revisions\/2148"}],"wp:attachment":[{"href":"https:\/\/label.bet\/tr\/wp-json\/wp\/v2\/media?parent=2129"}],"curies":[{"name":"wp","href":"https:\/\/api.w.org\/{rel}","templated":true}]}}